{"id":4771,"date":"2026-04-16T16:07:48","date_gmt":"2026-04-16T14:07:48","guid":{"rendered":"https:\/\/brusselsketjep.com\/?post_type=product&#038;p=4771"},"modified":"2026-04-16T16:07:49","modified_gmt":"2026-04-16T14:07:49","slug":"supporter-box","status":"publish","type":"product","link":"https:\/\/brusselsketjep.com\/fr\/shop\/supporter-box\/","title":{"rendered":"Supporter Box"},"content":{"rendered":"","protected":false},"excerpt":{"rendered":"<p>Le kit du parfait supporter belge.<br \/>\nLe cadeau pour le plus gourmet de tes amis footeux.<br \/>\nL&rsquo;hymne belge chant\u00e9 face aux Etats-Unis o\u00f9 se d\u00e9roule la Coupe du Monde.<\/p>\n<p>De quoi pimenter ta Coupe du Monde.<\/p>\n<p>Ce pack comprend :<\/p>\n<p>&#8211; La sauce <strong>RED DEVILS<\/strong> : Hot &amp; Spicy BBQ \ud83c\udf36\ufe0f<br \/>\n&#8211; La sauce <strong>RED FLAMES<\/strong> : Hot &amp; Spicy Brazil \ud83d\udd25<br \/>\n&#8211; Le<strong> BK 26 Tee<\/strong> en \u00e9dition limit\u00e9e<br \/>\n&#8211; La casquette <strong><em>Not the MAGA Hat<\/em><\/strong><\/p>\n","protected":false},"featured_media":4828,"comment_status":"open","ping_status":"closed","template":"","meta":{"_acf_changed":false},"product_brand":[],"product_cat":[15],"product_tag":[],"class_list":{"0":"post-4771","1":"product","2":"type-product","3":"status-publish","4":"has-post-thumbnail","6":"product_cat-non-classe","8":"first","9":"instock","10":"sale","11":"virtual","12":"taxable","13":"purchasable","14":"product-type-bundle"},"bundled_by":[],"bundle_stock_status":"instock","bundle_stock_quantity":62,"bundle_virtual":false,"bundle_layout":"default","bundle_add_to_cart_form_location":"default","bundle_editable_in_cart":false,"bundle_sold_individually_context":"product","bundle_item_grouping":"parent","bundle_min_size":"","bundle_max_size":"","bundle_price":{"price":{"min":{"incl_tax":"20","excl_tax":"16.528"},"max":{"incl_tax":"20","excl_tax":"16.528"}},"regular_price":{"min":{"incl_tax":"28.78","excl_tax":"24.812"},"max":{"incl_tax":"28.78","excl_tax":"24.812"}}},"bundled_items":[{"bundled_item_id":890,"product_id":4526,"menu_order":0,"quantity_min":1,"quantity_max":1,"quantity_default":1,"priced_individually":true,"shipped_individually":false,"override_title":false,"title":"RED FLAMES","override_description":false,"description":"","optional":false,"hide_thumbnail":false,"discount":"100","override_variations":false,"allowed_variations":[],"override_default_variation_attributes":false,"default_variation_attributes":[],"single_product_visibility":"hidden","cart_visibility":"hidden","order_visibility":"visible","single_product_price_visibility":"hidden","cart_price_visibility":"hidden","order_price_visibility":"visible","stock_status":"in_stock"},{"bundled_item_id":891,"product_id":4610,"menu_order":1,"quantity_min":1,"quantity_max":1,"quantity_default":1,"priced_individually":true,"shipped_individually":false,"override_title":false,"title":"RED DEVILS","override_description":false,"description":"","optional":false,"hide_thumbnail":false,"discount":"100","override_variations":false,"allowed_variations":[],"override_default_variation_attributes":false,"default_variation_attributes":[],"single_product_visibility":"hidden","cart_visibility":"hidden","order_visibility":"visible","single_product_price_visibility":"hidden","cart_price_visibility":"hidden","order_price_visibility":"visible","stock_status":"in_stock"},{"bundled_item_id":892,"product_id":4032,"menu_order":2,"quantity_min":1,"quantity_max":1,"quantity_default":1,"priced_individually":true,"shipped_individually":false,"override_title":false,"title":"NOT THE MAGA HAT","override_description":false,"description":"","optional":false,"hide_thumbnail":false,"discount":"","override_variations":false,"allowed_variations":[],"override_default_variation_attributes":false,"default_variation_attributes":[],"single_product_visibility":"hidden","cart_visibility":"hidden","order_visibility":"visible","single_product_price_visibility":"hidden","cart_price_visibility":"hidden","order_price_visibility":"visible","stock_status":"in_stock"},{"bundled_item_id":893,"product_id":4745,"menu_order":3,"quantity_min":1,"quantity_max":1,"quantity_default":1,"priced_individually":true,"shipped_individually":false,"override_title":false,"title":"BK 26 Tee","override_description":false,"description":"","optional":false,"hide_thumbnail":false,"discount":"","override_variations":true,"allowed_variations":[4746,4747,4748,4749,4760],"override_default_variation_attributes":false,"default_variation_attributes":[],"single_product_visibility":"visible","cart_visibility":"hidden","order_visibility":"visible","single_product_price_visibility":"hidden","cart_price_visibility":"hidden","order_price_visibility":"visible","stock_status":"in_stock"}],"bundle_sell_ids":[],"acf":[],"yoast_head":"<!-- This site is optimized with the Yoast SEO plugin v27.4 - https:\/\/yoast.com\/product\/yoast-seo-wordpress\/ -->\n<title>Supporter Box | Brussels Ketjep<\/title>\n<meta name=\"description\" content=\"La box du parfait supporter qui comprend un Tshirt BK World Cup, une casquette Not the MAGA Hat et les deux sauces RBFA : la Red Devils et la Red Flames.\" \/>\n<meta name=\"robots\" content=\"index, follow, max-snippet:-1, max-image-preview:large, max-video-preview:-1\" \/>\n<link rel=\"canonical\" href=\"https:\/\/brusselsketjep.com\/fr\/shop\/supporter-box\/\" \/>\n<meta property=\"og:locale\" content=\"fr_FR\" \/>\n<meta property=\"og:type\" content=\"article\" \/>\n<meta property=\"og:title\" content=\"Supporter Box | Brussels Ketjep\" \/>\n<meta property=\"og:description\" content=\"La box du parfait supporter qui comprend un Tshirt BK World Cup, une casquette Not the MAGA Hat et les deux sauces RBFA : la Red Devils et la Red Flames.\" \/>\n<meta property=\"og:url\" content=\"https:\/\/brusselsketjep.com\/fr\/shop\/supporter-box\/\" \/>\n<meta property=\"og:site_name\" content=\"Brussels Ketjep\" \/>\n<meta property=\"article:modified_time\" content=\"2026-04-16T14:07:49+00:00\" \/>\n<meta property=\"og:image\" content=\"https:\/\/brusselsketjep.com\/wp-content\/uploads\/2026\/04\/compo-2.jpg\" \/>\n\t<meta property=\"og:image:width\" content=\"2036\" \/>\n\t<meta property=\"og:image:height\" content=\"2039\" \/>\n\t<meta property=\"og:image:type\" content=\"image\/jpeg\" \/>\n<meta name=\"twitter:card\" content=\"summary_large_image\" \/>\n<script type=\"application\/ld+json\" class=\"yoast-schema-graph\">{\"@context\":\"https:\\\/\\\/schema.org\",\"@graph\":[{\"@type\":\"WebPage\",\"@id\":\"https:\\\/\\\/brusselsketjep.com\\\/fr\\\/shop\\\/supporter-box\\\/\",\"url\":\"https:\\\/\\\/brusselsketjep.com\\\/fr\\\/shop\\\/supporter-box\\\/\",\"name\":\"Supporter Box | Brussels Ketjep\",\"isPartOf\":{\"@id\":\"https:\\\/\\\/brusselsketjep.com\\\/#website\"},\"primaryImageOfPage\":{\"@id\":\"https:\\\/\\\/brusselsketjep.com\\\/fr\\\/shop\\\/supporter-box\\\/#primaryimage\"},\"image\":{\"@id\":\"https:\\\/\\\/brusselsketjep.com\\\/fr\\\/shop\\\/supporter-box\\\/#primaryimage\"},\"thumbnailUrl\":\"https:\\\/\\\/brusselsketjep.com\\\/wp-content\\\/uploads\\\/2026\\\/04\\\/compo-2.jpg\",\"datePublished\":\"2026-04-16T14:07:48+00:00\",\"dateModified\":\"2026-04-16T14:07:49+00:00\",\"description\":\"La box du parfait supporter qui comprend un Tshirt BK World Cup, une casquette Not the MAGA Hat et les deux sauces RBFA : la Red Devils et la Red Flames.\",\"breadcrumb\":{\"@id\":\"https:\\\/\\\/brusselsketjep.com\\\/fr\\\/shop\\\/supporter-box\\\/#breadcrumb\"},\"inLanguage\":\"fr-FR\",\"potentialAction\":[{\"@type\":\"ReadAction\",\"target\":[\"https:\\\/\\\/brusselsketjep.com\\\/fr\\\/shop\\\/supporter-box\\\/\"]}]},{\"@type\":\"ImageObject\",\"inLanguage\":\"fr-FR\",\"@id\":\"https:\\\/\\\/brusselsketjep.com\\\/fr\\\/shop\\\/supporter-box\\\/#primaryimage\",\"url\":\"https:\\\/\\\/brusselsketjep.com\\\/wp-content\\\/uploads\\\/2026\\\/04\\\/compo-2.jpg\",\"contentUrl\":\"https:\\\/\\\/brusselsketjep.com\\\/wp-content\\\/uploads\\\/2026\\\/04\\\/compo-2.jpg\",\"width\":2036,\"height\":2039,\"caption\":\"Support Box : a BK 26 Tee, a not the MAGA hat, the official Red Devils sauce and the official Red Flames sauce\"},{\"@type\":\"BreadcrumbList\",\"@id\":\"https:\\\/\\\/brusselsketjep.com\\\/fr\\\/shop\\\/supporter-box\\\/#breadcrumb\",\"itemListElement\":[{\"@type\":\"ListItem\",\"position\":1,\"name\":\"Home\",\"item\":\"https:\\\/\\\/brusselsketjep.com\\\/fr\\\/\"},{\"@type\":\"ListItem\",\"position\":2,\"name\":\"Boutique\",\"item\":\"https:\\\/\\\/brusselsketjep.com\\\/fr\\\/boutique\\\/\"},{\"@type\":\"ListItem\",\"position\":3,\"name\":\"Supporter Box\"}]},{\"@type\":\"WebSite\",\"@id\":\"https:\\\/\\\/brusselsketjep.com\\\/#website\",\"url\":\"https:\\\/\\\/brusselsketjep.com\\\/\",\"name\":\"Brussels Ketjep\",\"description\":\"\",\"potentialAction\":[{\"@type\":\"SearchAction\",\"target\":{\"@type\":\"EntryPoint\",\"urlTemplate\":\"https:\\\/\\\/brusselsketjep.com\\\/?s={search_term_string}\"},\"query-input\":{\"@type\":\"PropertyValueSpecification\",\"valueRequired\":true,\"valueName\":\"search_term_string\"}}],\"inLanguage\":\"fr-FR\"}]}<\/script>\n<!-- \/ Yoast SEO plugin. -->","yoast_head_json":{"title":"Supporter Box | Brussels Ketjep","description":"La box du parfait supporter qui comprend un Tshirt BK World Cup, une casquette Not the MAGA Hat et les deux sauces RBFA : la Red Devils et la Red Flames.","robots":{"index":"index","follow":"follow","max-snippet":"max-snippet:-1","max-image-preview":"max-image-preview:large","max-video-preview":"max-video-preview:-1"},"canonical":"https:\/\/brusselsketjep.com\/fr\/shop\/supporter-box\/","og_locale":"fr_FR","og_type":"article","og_title":"Supporter Box | Brussels Ketjep","og_description":"La box du parfait supporter qui comprend un Tshirt BK World Cup, une casquette Not the MAGA Hat et les deux sauces RBFA : la Red Devils et la Red Flames.","og_url":"https:\/\/brusselsketjep.com\/fr\/shop\/supporter-box\/","og_site_name":"Brussels Ketjep","article_modified_time":"2026-04-16T14:07:49+00:00","og_image":[{"width":2036,"height":2039,"url":"https:\/\/brusselsketjep.com\/wp-content\/uploads\/2026\/04\/compo-2.jpg","type":"image\/jpeg"}],"twitter_card":"summary_large_image","schema":{"@context":"https:\/\/schema.org","@graph":[{"@type":"WebPage","@id":"https:\/\/brusselsketjep.com\/fr\/shop\/supporter-box\/","url":"https:\/\/brusselsketjep.com\/fr\/shop\/supporter-box\/","name":"Supporter Box | Brussels Ketjep","isPartOf":{"@id":"https:\/\/brusselsketjep.com\/#website"},"primaryImageOfPage":{"@id":"https:\/\/brusselsketjep.com\/fr\/shop\/supporter-box\/#primaryimage"},"image":{"@id":"https:\/\/brusselsketjep.com\/fr\/shop\/supporter-box\/#primaryimage"},"thumbnailUrl":"https:\/\/brusselsketjep.com\/wp-content\/uploads\/2026\/04\/compo-2.jpg","datePublished":"2026-04-16T14:07:48+00:00","dateModified":"2026-04-16T14:07:49+00:00","description":"La box du parfait supporter qui comprend un Tshirt BK World Cup, une casquette Not the MAGA Hat et les deux sauces RBFA : la Red Devils et la Red Flames.","breadcrumb":{"@id":"https:\/\/brusselsketjep.com\/fr\/shop\/supporter-box\/#breadcrumb"},"inLanguage":"fr-FR","potentialAction":[{"@type":"ReadAction","target":["https:\/\/brusselsketjep.com\/fr\/shop\/supporter-box\/"]}]},{"@type":"ImageObject","inLanguage":"fr-FR","@id":"https:\/\/brusselsketjep.com\/fr\/shop\/supporter-box\/#primaryimage","url":"https:\/\/brusselsketjep.com\/wp-content\/uploads\/2026\/04\/compo-2.jpg","contentUrl":"https:\/\/brusselsketjep.com\/wp-content\/uploads\/2026\/04\/compo-2.jpg","width":2036,"height":2039,"caption":"Support Box : a BK 26 Tee, a not the MAGA hat, the official Red Devils sauce and the official Red Flames sauce"},{"@type":"BreadcrumbList","@id":"https:\/\/brusselsketjep.com\/fr\/shop\/supporter-box\/#breadcrumb","itemListElement":[{"@type":"ListItem","position":1,"name":"Home","item":"https:\/\/brusselsketjep.com\/fr\/"},{"@type":"ListItem","position":2,"name":"Boutique","item":"https:\/\/brusselsketjep.com\/fr\/boutique\/"},{"@type":"ListItem","position":3,"name":"Supporter Box"}]},{"@type":"WebSite","@id":"https:\/\/brusselsketjep.com\/#website","url":"https:\/\/brusselsketjep.com\/","name":"Brussels Ketjep","description":"","potentialAction":[{"@type":"SearchAction","target":{"@type":"EntryPoint","urlTemplate":"https:\/\/brusselsketjep.com\/?s={search_term_string}"},"query-input":{"@type":"PropertyValueSpecification","valueRequired":true,"valueName":"search_term_string"}}],"inLanguage":"fr-FR"}]}},"wcpa_form_fields":null,"_links":{"self":[{"href":"https:\/\/brusselsketjep.com\/fr\/wp-json\/wp\/v2\/product\/4771","targetHints":{"allow":["GET"]}}],"collection":[{"href":"https:\/\/brusselsketjep.com\/fr\/wp-json\/wp\/v2\/product"}],"about":[{"href":"https:\/\/brusselsketjep.com\/fr\/wp-json\/wp\/v2\/types\/product"}],"replies":[{"embeddable":true,"href":"https:\/\/brusselsketjep.com\/fr\/wp-json\/wp\/v2\/comments?post=4771"}],"wp:featuredmedia":[{"embeddable":true,"href":"https:\/\/brusselsketjep.com\/fr\/wp-json\/wp\/v2\/media\/4828"}],"wp:attachment":[{"href":"https:\/\/brusselsketjep.com\/fr\/wp-json\/wp\/v2\/media?parent=4771"}],"wp:term":[{"taxonomy":"product_brand","embeddable":true,"href":"https:\/\/brusselsketjep.com\/fr\/wp-json\/wp\/v2\/product_brand?post=4771"},{"taxonomy":"product_cat","embeddable":true,"href":"https:\/\/brusselsketjep.com\/fr\/wp-json\/wp\/v2\/product_cat?post=4771"},{"taxonomy":"product_tag","embeddable":true,"href":"https:\/\/brusselsketjep.com\/fr\/wp-json\/wp\/v2\/product_tag?post=4771"}],"curies":[{"name":"wp","href":"https:\/\/api.w.org\/{rel}","templated":true}]}}