{"id":472,"date":"2023-08-22T11:55:28","date_gmt":"2023-08-22T09:55:28","guid":{"rendered":"https:\/\/bk2023.brusselsketjep.com\/?post_type=product&#038;p=472"},"modified":"2026-03-23T15:05:26","modified_gmt":"2026-03-23T14:05:26","slug":"gift-box-4-sauces-classics","status":"publish","type":"product","link":"https:\/\/brusselsketjep.com\/fr\/shop\/gift-box-4-sauces-classics\/","title":{"rendered":"GIFT BOX CLASSICS"},"content":{"rendered":"","protected":false},"excerpt":{"rendered":"<p>Certains invit\u00e9s viennent avec des fleurs, du chocolat ou du vin. Mais vous souvenez-vous vraiment du vin que vous avez re\u00e7u la derni\u00e8re fois que vous avez invit\u00e9 vos amis ? Non, personne ne s\u2019en souvient. Ce cadeau BK est la meilleure fa\u00e7on de faire plaisir en toute occasion.<\/p>\n<p>Astuce : Gardez-en m\u00eame un dans votre voiture parce que vous n\u2019\u00eates pas \u00e0 l\u2019abri de rencontrer un bon vieil ami!<\/p>\n","protected":false},"featured_media":1218,"comment_status":"open","ping_status":"closed","template":"","meta":{"_acf_changed":false},"product_brand":[],"product_cat":[15],"product_tag":[],"class_list":{"0":"post-472","1":"product","2":"type-product","3":"status-publish","4":"has-post-thumbnail","6":"product_cat-non-classe","7":"compo-convient-aux-femmes-enceintes","8":"compo-hallal","10":"first","11":"instock","12":"sale","13":"virtual","14":"taxable","15":"purchasable","16":"product-type-bundle"},"bundled_by":[],"bundle_stock_status":"instock","bundle_stock_quantity":"","bundle_virtual":false,"bundle_layout":"default","bundle_add_to_cart_form_location":"default","bundle_editable_in_cart":false,"bundle_sold_individually_context":"product","bundle_item_grouping":"parent","bundle_min_size":"","bundle_max_size":"","bundle_price":{"price":{"min":{"incl_tax":"15.9","excl_tax":"15"},"max":{"incl_tax":"15.9","excl_tax":"15"}},"regular_price":{"min":{"incl_tax":"17.56","excl_tax":"16.568"},"max":{"incl_tax":"17.56","excl_tax":"16.568"}}},"bundled_items":[{"bundled_item_id":175,"product_id":332,"menu_order":0,"quantity_min":1,"quantity_max":1,"quantity_default":1,"priced_individually":true,"shipped_individually":false,"override_title":false,"title":"Ketjep","override_description":false,"description":"","optional":false,"hide_thumbnail":false,"discount":"9.453","override_variations":false,"allowed_variations":[],"override_default_variation_attributes":false,"default_variation_attributes":[],"single_product_visibility":"hidden","cart_visibility":"hidden","order_visibility":"visible","single_product_price_visibility":"hidden","cart_price_visibility":"hidden","order_price_visibility":"visible","stock_status":"in_stock"},{"bundled_item_id":176,"product_id":381,"menu_order":1,"quantity_min":1,"quantity_max":1,"quantity_default":1,"priced_individually":true,"shipped_individually":false,"override_title":false,"title":"Mayo","override_description":false,"description":"","optional":false,"hide_thumbnail":false,"discount":"9.453","override_variations":false,"allowed_variations":[],"override_default_variation_attributes":false,"default_variation_attributes":[],"single_product_visibility":"hidden","cart_visibility":"hidden","order_visibility":"visible","single_product_price_visibility":"hidden","cart_price_visibility":"hidden","order_price_visibility":"visible","stock_status":"in_stock"},{"bundled_item_id":177,"product_id":388,"menu_order":2,"quantity_min":1,"quantity_max":1,"quantity_default":1,"priced_individually":true,"shipped_individually":false,"override_title":false,"title":"Cowboy","override_description":false,"description":"","optional":false,"hide_thumbnail":false,"discount":"9.453","override_variations":false,"allowed_variations":[],"override_default_variation_attributes":false,"default_variation_attributes":[],"single_product_visibility":"hidden","cart_visibility":"hidden","order_visibility":"visible","single_product_price_visibility":"hidden","cart_price_visibility":"hidden","order_price_visibility":"visible","stock_status":"in_stock"},{"bundled_item_id":178,"product_id":385,"menu_order":3,"quantity_min":1,"quantity_max":1,"quantity_default":1,"priced_individually":true,"shipped_individually":false,"override_title":false,"title":"Mostoed","override_description":false,"description":"","optional":false,"hide_thumbnail":false,"discount":"9.453","override_variations":false,"allowed_variations":[],"override_default_variation_attributes":false,"default_variation_attributes":[],"single_product_visibility":"hidden","cart_visibility":"hidden","order_visibility":"visible","single_product_price_visibility":"hidden","cart_price_visibility":"hidden","order_price_visibility":"visible","stock_status":"in_stock"}],"bundle_sell_ids":[],"acf":[],"yoast_head":"<!-- This site is optimized with the Yoast SEO plugin v27.4 - https:\/\/yoast.com\/product\/yoast-seo-wordpress\/ -->\n<title>GIFT BOX CLASSICS | Brussels Ketjep<\/title>\n<meta name=\"description\" content=\"Ce coffret Brussels Ketjep contient les quatre sauces BK classiques, pour emporter l\u2019exp\u00e9rience du restaurant \u00e0 la maison: Ketjep, Mayo, Cowboy et Mostoed.\" \/>\n<meta name=\"robots\" content=\"index, follow, max-snippet:-1, max-image-preview:large, max-video-preview:-1\" \/>\n<link rel=\"canonical\" href=\"https:\/\/brusselsketjep.com\/fr\/shop\/gift-box-4-sauces-classics\/\" \/>\n<meta property=\"og:locale\" content=\"fr_FR\" \/>\n<meta property=\"og:type\" content=\"article\" \/>\n<meta property=\"og:title\" content=\"GIFT BOX CLASSICS | Brussels Ketjep\" \/>\n<meta property=\"og:description\" content=\"Ce coffret Brussels Ketjep contient les quatre sauces BK classiques, pour emporter l\u2019exp\u00e9rience du restaurant \u00e0 la maison: Ketjep, Mayo, Cowboy et Mostoed.\" \/>\n<meta property=\"og:url\" content=\"https:\/\/brusselsketjep.com\/fr\/shop\/gift-box-4-sauces-classics\/\" \/>\n<meta property=\"og:site_name\" content=\"Brussels Ketjep\" \/>\n<meta property=\"article:modified_time\" content=\"2026-03-23T14:05:26+00:00\" \/>\n<meta property=\"og:image\" content=\"https:\/\/brusselsketjep.com\/wp-content\/uploads\/2023\/10\/gift-box-white-clas-5.jpg\" \/>\n\t<meta property=\"og:image:width\" content=\"1500\" \/>\n\t<meta property=\"og:image:height\" content=\"1500\" \/>\n\t<meta property=\"og:image:type\" content=\"image\/jpeg\" \/>\n<meta name=\"twitter:card\" content=\"summary_large_image\" \/>\n<script type=\"application\/ld+json\" class=\"yoast-schema-graph\">{\"@context\":\"https:\\\/\\\/schema.org\",\"@graph\":[{\"@type\":\"WebPage\",\"@id\":\"https:\\\/\\\/brusselsketjep.com\\\/fr\\\/shop\\\/gift-box-4-sauces-classics\\\/\",\"url\":\"https:\\\/\\\/brusselsketjep.com\\\/fr\\\/shop\\\/gift-box-4-sauces-classics\\\/\",\"name\":\"GIFT BOX CLASSICS | Brussels Ketjep\",\"isPartOf\":{\"@id\":\"https:\\\/\\\/brusselsketjep.com\\\/#website\"},\"primaryImageOfPage\":{\"@id\":\"https:\\\/\\\/brusselsketjep.com\\\/fr\\\/shop\\\/gift-box-4-sauces-classics\\\/#primaryimage\"},\"image\":{\"@id\":\"https:\\\/\\\/brusselsketjep.com\\\/fr\\\/shop\\\/gift-box-4-sauces-classics\\\/#primaryimage\"},\"thumbnailUrl\":\"https:\\\/\\\/brusselsketjep.com\\\/wp-content\\\/uploads\\\/2023\\\/10\\\/gift-box-white-clas-5.jpg\",\"datePublished\":\"2023-08-22T09:55:28+00:00\",\"dateModified\":\"2026-03-23T14:05:26+00:00\",\"description\":\"Ce coffret Brussels Ketjep contient les quatre sauces BK classiques, pour emporter l\u2019exp\u00e9rience du restaurant \u00e0 la maison: Ketjep, Mayo, Cowboy et Mostoed.\",\"breadcrumb\":{\"@id\":\"https:\\\/\\\/brusselsketjep.com\\\/fr\\\/shop\\\/gift-box-4-sauces-classics\\\/#breadcrumb\"},\"inLanguage\":\"fr-FR\",\"potentialAction\":[{\"@type\":\"ReadAction\",\"target\":[\"https:\\\/\\\/brusselsketjep.com\\\/fr\\\/shop\\\/gift-box-4-sauces-classics\\\/\"]}]},{\"@type\":\"ImageObject\",\"inLanguage\":\"fr-FR\",\"@id\":\"https:\\\/\\\/brusselsketjep.com\\\/fr\\\/shop\\\/gift-box-4-sauces-classics\\\/#primaryimage\",\"url\":\"https:\\\/\\\/brusselsketjep.com\\\/wp-content\\\/uploads\\\/2023\\\/10\\\/gift-box-white-clas-5.jpg\",\"contentUrl\":\"https:\\\/\\\/brusselsketjep.com\\\/wp-content\\\/uploads\\\/2023\\\/10\\\/gift-box-white-clas-5.jpg\",\"width\":1500,\"height\":1500,\"caption\":\"Gift Box Brussels Ketjep Classics vue d'en haut sauces BK\"},{\"@type\":\"BreadcrumbList\",\"@id\":\"https:\\\/\\\/brusselsketjep.com\\\/fr\\\/shop\\\/gift-box-4-sauces-classics\\\/#breadcrumb\",\"itemListElement\":[{\"@type\":\"ListItem\",\"position\":1,\"name\":\"Home\",\"item\":\"https:\\\/\\\/brusselsketjep.com\\\/fr\\\/\"},{\"@type\":\"ListItem\",\"position\":2,\"name\":\"Boutique\",\"item\":\"https:\\\/\\\/brusselsketjep.com\\\/fr\\\/boutique\\\/\"},{\"@type\":\"ListItem\",\"position\":3,\"name\":\"GIFT BOX CLASSICS\"}]},{\"@type\":\"WebSite\",\"@id\":\"https:\\\/\\\/brusselsketjep.com\\\/#website\",\"url\":\"https:\\\/\\\/brusselsketjep.com\\\/\",\"name\":\"Brussels Ketjep\",\"description\":\"\",\"potentialAction\":[{\"@type\":\"SearchAction\",\"target\":{\"@type\":\"EntryPoint\",\"urlTemplate\":\"https:\\\/\\\/brusselsketjep.com\\\/?s={search_term_string}\"},\"query-input\":{\"@type\":\"PropertyValueSpecification\",\"valueRequired\":true,\"valueName\":\"search_term_string\"}}],\"inLanguage\":\"fr-FR\"}]}<\/script>\n<!-- \/ Yoast SEO plugin. -->","yoast_head_json":{"title":"GIFT BOX CLASSICS | Brussels Ketjep","description":"Ce coffret Brussels Ketjep contient les quatre sauces BK classiques, pour emporter l\u2019exp\u00e9rience du restaurant \u00e0 la maison: Ketjep, Mayo, Cowboy et Mostoed.","robots":{"index":"index","follow":"follow","max-snippet":"max-snippet:-1","max-image-preview":"max-image-preview:large","max-video-preview":"max-video-preview:-1"},"canonical":"https:\/\/brusselsketjep.com\/fr\/shop\/gift-box-4-sauces-classics\/","og_locale":"fr_FR","og_type":"article","og_title":"GIFT BOX CLASSICS | Brussels Ketjep","og_description":"Ce coffret Brussels Ketjep contient les quatre sauces BK classiques, pour emporter l\u2019exp\u00e9rience du restaurant \u00e0 la maison: Ketjep, Mayo, Cowboy et Mostoed.","og_url":"https:\/\/brusselsketjep.com\/fr\/shop\/gift-box-4-sauces-classics\/","og_site_name":"Brussels Ketjep","article_modified_time":"2026-03-23T14:05:26+00:00","og_image":[{"width":1500,"height":1500,"url":"https:\/\/brusselsketjep.com\/wp-content\/uploads\/2023\/10\/gift-box-white-clas-5.jpg","type":"image\/jpeg"}],"twitter_card":"summary_large_image","schema":{"@context":"https:\/\/schema.org","@graph":[{"@type":"WebPage","@id":"https:\/\/brusselsketjep.com\/fr\/shop\/gift-box-4-sauces-classics\/","url":"https:\/\/brusselsketjep.com\/fr\/shop\/gift-box-4-sauces-classics\/","name":"GIFT BOX CLASSICS | Brussels Ketjep","isPartOf":{"@id":"https:\/\/brusselsketjep.com\/#website"},"primaryImageOfPage":{"@id":"https:\/\/brusselsketjep.com\/fr\/shop\/gift-box-4-sauces-classics\/#primaryimage"},"image":{"@id":"https:\/\/brusselsketjep.com\/fr\/shop\/gift-box-4-sauces-classics\/#primaryimage"},"thumbnailUrl":"https:\/\/brusselsketjep.com\/wp-content\/uploads\/2023\/10\/gift-box-white-clas-5.jpg","datePublished":"2023-08-22T09:55:28+00:00","dateModified":"2026-03-23T14:05:26+00:00","description":"Ce coffret Brussels Ketjep contient les quatre sauces BK classiques, pour emporter l\u2019exp\u00e9rience du restaurant \u00e0 la maison: Ketjep, Mayo, Cowboy et Mostoed.","breadcrumb":{"@id":"https:\/\/brusselsketjep.com\/fr\/shop\/gift-box-4-sauces-classics\/#breadcrumb"},"inLanguage":"fr-FR","potentialAction":[{"@type":"ReadAction","target":["https:\/\/brusselsketjep.com\/fr\/shop\/gift-box-4-sauces-classics\/"]}]},{"@type":"ImageObject","inLanguage":"fr-FR","@id":"https:\/\/brusselsketjep.com\/fr\/shop\/gift-box-4-sauces-classics\/#primaryimage","url":"https:\/\/brusselsketjep.com\/wp-content\/uploads\/2023\/10\/gift-box-white-clas-5.jpg","contentUrl":"https:\/\/brusselsketjep.com\/wp-content\/uploads\/2023\/10\/gift-box-white-clas-5.jpg","width":1500,"height":1500,"caption":"Gift Box Brussels Ketjep Classics vue d'en haut sauces BK"},{"@type":"BreadcrumbList","@id":"https:\/\/brusselsketjep.com\/fr\/shop\/gift-box-4-sauces-classics\/#breadcrumb","itemListElement":[{"@type":"ListItem","position":1,"name":"Home","item":"https:\/\/brusselsketjep.com\/fr\/"},{"@type":"ListItem","position":2,"name":"Boutique","item":"https:\/\/brusselsketjep.com\/fr\/boutique\/"},{"@type":"ListItem","position":3,"name":"GIFT BOX CLASSICS"}]},{"@type":"WebSite","@id":"https:\/\/brusselsketjep.com\/#website","url":"https:\/\/brusselsketjep.com\/","name":"Brussels Ketjep","description":"","potentialAction":[{"@type":"SearchAction","target":{"@type":"EntryPoint","urlTemplate":"https:\/\/brusselsketjep.com\/?s={search_term_string}"},"query-input":{"@type":"PropertyValueSpecification","valueRequired":true,"valueName":"search_term_string"}}],"inLanguage":"fr-FR"}]}},"wcpa_form_fields":null,"_links":{"self":[{"href":"https:\/\/brusselsketjep.com\/fr\/wp-json\/wp\/v2\/product\/472","targetHints":{"allow":["GET"]}}],"collection":[{"href":"https:\/\/brusselsketjep.com\/fr\/wp-json\/wp\/v2\/product"}],"about":[{"href":"https:\/\/brusselsketjep.com\/fr\/wp-json\/wp\/v2\/types\/product"}],"replies":[{"embeddable":true,"href":"https:\/\/brusselsketjep.com\/fr\/wp-json\/wp\/v2\/comments?post=472"}],"wp:featuredmedia":[{"embeddable":true,"href":"https:\/\/brusselsketjep.com\/fr\/wp-json\/wp\/v2\/media\/1218"}],"wp:attachment":[{"href":"https:\/\/brusselsketjep.com\/fr\/wp-json\/wp\/v2\/media?parent=472"}],"wp:term":[{"taxonomy":"product_brand","embeddable":true,"href":"https:\/\/brusselsketjep.com\/fr\/wp-json\/wp\/v2\/product_brand?post=472"},{"taxonomy":"product_cat","embeddable":true,"href":"https:\/\/brusselsketjep.com\/fr\/wp-json\/wp\/v2\/product_cat?post=472"},{"taxonomy":"product_tag","embeddable":true,"href":"https:\/\/brusselsketjep.com\/fr\/wp-json\/wp\/v2\/product_tag?post=472"}],"curies":[{"name":"wp","href":"https:\/\/api.w.org\/{rel}","templated":true}]}}