{"id":4610,"date":"2026-03-13T13:13:51","date_gmt":"2026-03-13T12:13:51","guid":{"rendered":"https:\/\/brusselsketjep.com\/?post_type=product&#038;p=4610"},"modified":"2026-03-19T11:59:34","modified_gmt":"2026-03-19T10:59:34","slug":"sauce-red-devils","status":"publish","type":"product","link":"https:\/\/brusselsketjep.com\/fr\/shop\/sauce-red-devils\/","title":{"rendered":"RED DEVILS"},"content":{"rendered":"","protected":false},"excerpt":{"rendered":"<p class=\"p1\">Pour accompagner nos Diables Rouges en Am\u00e9rique, en tant que partenaire commercial officiel de la RBFA, Brussels Ketjep lance une sauce barbecue piquante digne de ce nom qui va enflammer vos papilles et rehausser vos plats comme ils le m\u00e9ritent.<\/p>\n<p class=\"p1\">Come on, Belgium!<\/p>\n<p>Pour ceux qui aiment quand \u00e7a pique ou pour les v\u00e9ritables supporters de foot, d\u00e9couvrez \u00e9galement <a href=\"https:\/\/brusselsketjep.com\/fr\/shop\/sauce-red-flames\/\" target=\"_blank\" rel=\"noopener\">la sauce RED FLAMES<\/a>, une sauce Brazil Hot &amp; Spicy \ud83d\udd25<\/p>\n","protected":false},"featured_media":4629,"comment_status":"open","ping_status":"closed","template":"","meta":{"_acf_changed":false},"product_brand":[],"product_cat":[15],"product_tag":[],"class_list":{"0":"post-4610","1":"product","2":"type-product","3":"status-publish","4":"has-post-thumbnail","6":"product_cat-non-classe","7":"compo-convient-aux-femmes-enceintes","8":"compo-hallal","9":"compo-sans-gluten","10":"compo-vegan","12":"first","13":"instock","14":"taxable","15":"shipping-taxable","16":"purchasable","17":"product-type-simple"},"bundled_by":["4771"],"bundle_stock_status":"instock","bundle_stock_quantity":null,"bundle_virtual":false,"bundle_layout":"","bundle_add_to_cart_form_location":"","bundle_editable_in_cart":false,"bundle_sold_individually_context":"","bundle_item_grouping":"","bundle_min_size":"","bundle_max_size":"","bundle_price":[],"bundled_items":[],"bundle_sell_ids":[],"acf":[],"yoast_head":"<!-- This site is optimized with the Yoast SEO plugin v27.3 - https:\/\/yoast.com\/product\/yoast-seo-wordpress\/ -->\n<title>RED DEVILS | Brussels Ketjep<\/title>\n<meta name=\"description\" content=\"Pour accompagner les Diables Rouges, Brussels Ketjep lance la RED DEVILS, une sauce barbecue piquante qui va enflammer vos papilles et rehausser vos plats.\" \/>\n<meta name=\"robots\" content=\"index, follow, max-snippet:-1, max-image-preview:large, max-video-preview:-1\" \/>\n<link rel=\"canonical\" href=\"https:\/\/brusselsketjep.com\/fr\/shop\/sauce-red-devils\/\" \/>\n<meta property=\"og:locale\" content=\"fr_FR\" \/>\n<meta property=\"og:type\" content=\"article\" \/>\n<meta property=\"og:title\" content=\"RED DEVILS | Brussels Ketjep\" \/>\n<meta property=\"og:description\" content=\"Pour accompagner les Diables Rouges, Brussels Ketjep lance la RED DEVILS, une sauce barbecue piquante qui va enflammer vos papilles et rehausser vos plats.\" \/>\n<meta property=\"og:url\" content=\"https:\/\/brusselsketjep.com\/fr\/shop\/sauce-red-devils\/\" \/>\n<meta property=\"og:site_name\" content=\"Brussels Ketjep\" \/>\n<meta property=\"article:modified_time\" content=\"2026-03-19T10:59:34+00:00\" \/>\n<meta property=\"og:image\" content=\"https:\/\/brusselsketjep.com\/wp-content\/uploads\/2026\/03\/red-devils-front-6.jpg\" \/>\n\t<meta property=\"og:image:width\" content=\"2400\" \/>\n\t<meta property=\"og:image:height\" content=\"2400\" \/>\n\t<meta property=\"og:image:type\" content=\"image\/jpeg\" \/>\n<meta name=\"twitter:card\" content=\"summary_large_image\" \/>\n<script type=\"application\/ld+json\" class=\"yoast-schema-graph\">{\"@context\":\"https:\\\/\\\/schema.org\",\"@graph\":[{\"@type\":\"WebPage\",\"@id\":\"https:\\\/\\\/brusselsketjep.com\\\/fr\\\/shop\\\/sauce-red-devils\\\/\",\"url\":\"https:\\\/\\\/brusselsketjep.com\\\/fr\\\/shop\\\/sauce-red-devils\\\/\",\"name\":\"RED DEVILS | Brussels Ketjep\",\"isPartOf\":{\"@id\":\"https:\\\/\\\/brusselsketjep.com\\\/#website\"},\"primaryImageOfPage\":{\"@id\":\"https:\\\/\\\/brusselsketjep.com\\\/fr\\\/shop\\\/sauce-red-devils\\\/#primaryimage\"},\"image\":{\"@id\":\"https:\\\/\\\/brusselsketjep.com\\\/fr\\\/shop\\\/sauce-red-devils\\\/#primaryimage\"},\"thumbnailUrl\":\"https:\\\/\\\/brusselsketjep.com\\\/wp-content\\\/uploads\\\/2026\\\/03\\\/red-devils-front-6.jpg\",\"datePublished\":\"2026-03-13T12:13:51+00:00\",\"dateModified\":\"2026-03-19T10:59:34+00:00\",\"description\":\"Pour accompagner les Diables Rouges, Brussels Ketjep lance la RED DEVILS, une sauce barbecue piquante qui va enflammer vos papilles et rehausser vos plats.\",\"breadcrumb\":{\"@id\":\"https:\\\/\\\/brusselsketjep.com\\\/fr\\\/shop\\\/sauce-red-devils\\\/#breadcrumb\"},\"inLanguage\":\"fr-FR\",\"potentialAction\":[{\"@type\":\"ReadAction\",\"target\":[\"https:\\\/\\\/brusselsketjep.com\\\/fr\\\/shop\\\/sauce-red-devils\\\/\"]}]},{\"@type\":\"ImageObject\",\"inLanguage\":\"fr-FR\",\"@id\":\"https:\\\/\\\/brusselsketjep.com\\\/fr\\\/shop\\\/sauce-red-devils\\\/#primaryimage\",\"url\":\"https:\\\/\\\/brusselsketjep.com\\\/wp-content\\\/uploads\\\/2026\\\/03\\\/red-devils-front-6.jpg\",\"contentUrl\":\"https:\\\/\\\/brusselsketjep.com\\\/wp-content\\\/uploads\\\/2026\\\/03\\\/red-devils-front-6.jpg\",\"width\":2400,\"height\":2400,\"caption\":\"Sauce Red Devils de la marque de sauces Brussels Ketjep BK. Une sauce barbecue piquante pour accompagner les Diables Rouges en Am\u00e9rique. Packaging avec Kevin de Bruyne.\"},{\"@type\":\"BreadcrumbList\",\"@id\":\"https:\\\/\\\/brusselsketjep.com\\\/fr\\\/shop\\\/sauce-red-devils\\\/#breadcrumb\",\"itemListElement\":[{\"@type\":\"ListItem\",\"position\":1,\"name\":\"Home\",\"item\":\"https:\\\/\\\/brusselsketjep.com\\\/fr\\\/\"},{\"@type\":\"ListItem\",\"position\":2,\"name\":\"Boutique\",\"item\":\"https:\\\/\\\/brusselsketjep.com\\\/fr\\\/boutique\\\/\"},{\"@type\":\"ListItem\",\"position\":3,\"name\":\"RED DEVILS\"}]},{\"@type\":\"WebSite\",\"@id\":\"https:\\\/\\\/brusselsketjep.com\\\/#website\",\"url\":\"https:\\\/\\\/brusselsketjep.com\\\/\",\"name\":\"Brussels Ketjep\",\"description\":\"\",\"potentialAction\":[{\"@type\":\"SearchAction\",\"target\":{\"@type\":\"EntryPoint\",\"urlTemplate\":\"https:\\\/\\\/brusselsketjep.com\\\/?s={search_term_string}\"},\"query-input\":{\"@type\":\"PropertyValueSpecification\",\"valueRequired\":true,\"valueName\":\"search_term_string\"}}],\"inLanguage\":\"fr-FR\"}]}<\/script>\n<!-- \/ Yoast SEO plugin. -->","yoast_head_json":{"title":"RED DEVILS | Brussels Ketjep","description":"Pour accompagner les Diables Rouges, Brussels Ketjep lance la RED DEVILS, une sauce barbecue piquante qui va enflammer vos papilles et rehausser vos plats.","robots":{"index":"index","follow":"follow","max-snippet":"max-snippet:-1","max-image-preview":"max-image-preview:large","max-video-preview":"max-video-preview:-1"},"canonical":"https:\/\/brusselsketjep.com\/fr\/shop\/sauce-red-devils\/","og_locale":"fr_FR","og_type":"article","og_title":"RED DEVILS | Brussels Ketjep","og_description":"Pour accompagner les Diables Rouges, Brussels Ketjep lance la RED DEVILS, une sauce barbecue piquante qui va enflammer vos papilles et rehausser vos plats.","og_url":"https:\/\/brusselsketjep.com\/fr\/shop\/sauce-red-devils\/","og_site_name":"Brussels Ketjep","article_modified_time":"2026-03-19T10:59:34+00:00","og_image":[{"width":2400,"height":2400,"url":"https:\/\/brusselsketjep.com\/wp-content\/uploads\/2026\/03\/red-devils-front-6.jpg","type":"image\/jpeg"}],"twitter_card":"summary_large_image","schema":{"@context":"https:\/\/schema.org","@graph":[{"@type":"WebPage","@id":"https:\/\/brusselsketjep.com\/fr\/shop\/sauce-red-devils\/","url":"https:\/\/brusselsketjep.com\/fr\/shop\/sauce-red-devils\/","name":"RED DEVILS | Brussels Ketjep","isPartOf":{"@id":"https:\/\/brusselsketjep.com\/#website"},"primaryImageOfPage":{"@id":"https:\/\/brusselsketjep.com\/fr\/shop\/sauce-red-devils\/#primaryimage"},"image":{"@id":"https:\/\/brusselsketjep.com\/fr\/shop\/sauce-red-devils\/#primaryimage"},"thumbnailUrl":"https:\/\/brusselsketjep.com\/wp-content\/uploads\/2026\/03\/red-devils-front-6.jpg","datePublished":"2026-03-13T12:13:51+00:00","dateModified":"2026-03-19T10:59:34+00:00","description":"Pour accompagner les Diables Rouges, Brussels Ketjep lance la RED DEVILS, une sauce barbecue piquante qui va enflammer vos papilles et rehausser vos plats.","breadcrumb":{"@id":"https:\/\/brusselsketjep.com\/fr\/shop\/sauce-red-devils\/#breadcrumb"},"inLanguage":"fr-FR","potentialAction":[{"@type":"ReadAction","target":["https:\/\/brusselsketjep.com\/fr\/shop\/sauce-red-devils\/"]}]},{"@type":"ImageObject","inLanguage":"fr-FR","@id":"https:\/\/brusselsketjep.com\/fr\/shop\/sauce-red-devils\/#primaryimage","url":"https:\/\/brusselsketjep.com\/wp-content\/uploads\/2026\/03\/red-devils-front-6.jpg","contentUrl":"https:\/\/brusselsketjep.com\/wp-content\/uploads\/2026\/03\/red-devils-front-6.jpg","width":2400,"height":2400,"caption":"Sauce Red Devils de la marque de sauces Brussels Ketjep BK. Une sauce barbecue piquante pour accompagner les Diables Rouges en Am\u00e9rique. Packaging avec Kevin de Bruyne."},{"@type":"BreadcrumbList","@id":"https:\/\/brusselsketjep.com\/fr\/shop\/sauce-red-devils\/#breadcrumb","itemListElement":[{"@type":"ListItem","position":1,"name":"Home","item":"https:\/\/brusselsketjep.com\/fr\/"},{"@type":"ListItem","position":2,"name":"Boutique","item":"https:\/\/brusselsketjep.com\/fr\/boutique\/"},{"@type":"ListItem","position":3,"name":"RED DEVILS"}]},{"@type":"WebSite","@id":"https:\/\/brusselsketjep.com\/#website","url":"https:\/\/brusselsketjep.com\/","name":"Brussels Ketjep","description":"","potentialAction":[{"@type":"SearchAction","target":{"@type":"EntryPoint","urlTemplate":"https:\/\/brusselsketjep.com\/?s={search_term_string}"},"query-input":{"@type":"PropertyValueSpecification","valueRequired":true,"valueName":"search_term_string"}}],"inLanguage":"fr-FR"}]}},"wcpa_form_fields":null,"_links":{"self":[{"href":"https:\/\/brusselsketjep.com\/fr\/wp-json\/wp\/v2\/product\/4610","targetHints":{"allow":["GET"]}}],"collection":[{"href":"https:\/\/brusselsketjep.com\/fr\/wp-json\/wp\/v2\/product"}],"about":[{"href":"https:\/\/brusselsketjep.com\/fr\/wp-json\/wp\/v2\/types\/product"}],"replies":[{"embeddable":true,"href":"https:\/\/brusselsketjep.com\/fr\/wp-json\/wp\/v2\/comments?post=4610"}],"wp:featuredmedia":[{"embeddable":true,"href":"https:\/\/brusselsketjep.com\/fr\/wp-json\/wp\/v2\/media\/4629"}],"wp:attachment":[{"href":"https:\/\/brusselsketjep.com\/fr\/wp-json\/wp\/v2\/media?parent=4610"}],"wp:term":[{"taxonomy":"product_brand","embeddable":true,"href":"https:\/\/brusselsketjep.com\/fr\/wp-json\/wp\/v2\/product_brand?post=4610"},{"taxonomy":"product_cat","embeddable":true,"href":"https:\/\/brusselsketjep.com\/fr\/wp-json\/wp\/v2\/product_cat?post=4610"},{"taxonomy":"product_tag","embeddable":true,"href":"https:\/\/brusselsketjep.com\/fr\/wp-json\/wp\/v2\/product_tag?post=4610"}],"curies":[{"name":"wp","href":"https:\/\/api.w.org\/{rel}","templated":true}]}}