{"id":4526,"date":"2026-03-02T12:31:37","date_gmt":"2026-03-02T11:31:37","guid":{"rendered":"https:\/\/brusselsketjep.com\/?post_type=product&#038;p=4526"},"modified":"2026-03-19T12:01:14","modified_gmt":"2026-03-19T11:01:14","slug":"sauce-red-flames","status":"publish","type":"product","link":"https:\/\/brusselsketjep.com\/fr\/shop\/sauce-red-flames\/","title":{"rendered":"RED FLAMES"},"content":{"rendered":"<p>HS Code : 21039090 \u2022 Sauce \u00e9mulsionn\u00e9e sucr\u00e9e et piquante<\/p>\n","protected":false},"excerpt":{"rendered":"<p dir=\"auto\">Pour la premi\u00e8re fois de l\u2019histoire : une sauce Red Flames!<\/p>\n<p dir=\"auto\">Actuellement, l&rsquo;\u00e9quipe f\u00e9minine nationale belge de football des Red Flames se lance avec d\u00e9termination dans les qualifications pour la Coupe du Monde f\u00e9minine 2027 au Br\u00e9sil.<\/p>\n<p dir=\"auto\">Alors pour l&rsquo;occasion &#8211; en tant que partenaire commercial officiel de la RBFA &#8211; Brussels Ketjep marque le coup avec cette sauce style Brazil avec en suppl\u00e9ment un kick \u00e9pic\u00e9 et piquant.<br \/>\nC&rsquo;est la sauce sucr\u00e9e et piquante pour celles et ceux qui veulent sentir la samba dans leur gorge et les Red Flames mettre le feu \u00e0 leur \u00e2me.<\/p>\n<p dir=\"auto\">Pour ceux qui aiment quand \u00e7a pique ou pour les v\u00e9ritables supporters de foot, d\u00e9couvrez \u00e9galement\u00a0<a href=\"https:\/\/brusselsketjep.com\/fr\/shop\/sauce-red-devils\/\" target=\"_blank\" rel=\"noopener\">la sauce RED DEVILS<\/a>, une sauce BBQ Hot &amp; Spicy \ud83d\udd25<\/p>\n","protected":false},"featured_media":4527,"comment_status":"open","ping_status":"closed","template":"","meta":{"_acf_changed":false},"product_brand":[],"product_cat":[15],"product_tag":[],"class_list":{"0":"post-4526","1":"product","2":"type-product","3":"status-publish","4":"has-post-thumbnail","6":"product_cat-non-classe","7":"compo-convient-aux-femmes-enceintes","8":"compo-hallal","9":"compo-sans-gluten","11":"first","12":"instock","13":"taxable","14":"shipping-taxable","15":"purchasable","16":"product-type-simple"},"bundled_by":["3651","4771"],"bundle_stock_status":"instock","bundle_stock_quantity":null,"bundle_virtual":false,"bundle_layout":"","bundle_add_to_cart_form_location":"","bundle_editable_in_cart":false,"bundle_sold_individually_context":"","bundle_item_grouping":"","bundle_min_size":"","bundle_max_size":"","bundle_price":[],"bundled_items":[],"bundle_sell_ids":[],"acf":[],"yoast_head":"<!-- This site is optimized with the Yoast SEO plugin v27.4 - https:\/\/yoast.com\/product\/yoast-seo-wordpress\/ -->\n<title>RED FLAMES | Brussels Ketjep<\/title>\n<meta name=\"description\" content=\"L&#039;\u00e9quipe f\u00e9minine nationale belge de football des Red Flames a pour la premi\u00e8re fois sa sauce : une sauce Brazil sucr\u00e9e, \u00e9pic\u00e9e et piquante.\" \/>\n<meta name=\"robots\" content=\"index, follow, max-snippet:-1, max-image-preview:large, max-video-preview:-1\" \/>\n<link rel=\"canonical\" href=\"https:\/\/brusselsketjep.com\/fr\/shop\/sauce-red-flames\/\" \/>\n<meta property=\"og:locale\" content=\"fr_FR\" \/>\n<meta property=\"og:type\" content=\"article\" \/>\n<meta property=\"og:title\" content=\"RED FLAMES | Brussels Ketjep\" \/>\n<meta property=\"og:description\" content=\"L&#039;\u00e9quipe f\u00e9minine nationale belge de football des Red Flames a pour la premi\u00e8re fois sa sauce : une sauce Brazil sucr\u00e9e, \u00e9pic\u00e9e et piquante.\" \/>\n<meta property=\"og:url\" content=\"https:\/\/brusselsketjep.com\/fr\/shop\/sauce-red-flames\/\" \/>\n<meta property=\"og:site_name\" content=\"Brussels Ketjep\" \/>\n<meta property=\"article:modified_time\" content=\"2026-03-19T11:01:14+00:00\" \/>\n<meta property=\"og:image\" content=\"https:\/\/brusselsketjep.com\/wp-content\/uploads\/2026\/03\/red-flames-front-8.jpg\" \/>\n\t<meta property=\"og:image:width\" content=\"2400\" \/>\n\t<meta property=\"og:image:height\" content=\"2400\" \/>\n\t<meta property=\"og:image:type\" content=\"image\/jpeg\" \/>\n<meta name=\"twitter:card\" content=\"summary_large_image\" \/>\n<script type=\"application\/ld+json\" class=\"yoast-schema-graph\">{\"@context\":\"https:\\\/\\\/schema.org\",\"@graph\":[{\"@type\":\"WebPage\",\"@id\":\"https:\\\/\\\/brusselsketjep.com\\\/fr\\\/shop\\\/sauce-red-flames\\\/\",\"url\":\"https:\\\/\\\/brusselsketjep.com\\\/fr\\\/shop\\\/sauce-red-flames\\\/\",\"name\":\"RED FLAMES | Brussels Ketjep\",\"isPartOf\":{\"@id\":\"https:\\\/\\\/brusselsketjep.com\\\/#website\"},\"primaryImageOfPage\":{\"@id\":\"https:\\\/\\\/brusselsketjep.com\\\/fr\\\/shop\\\/sauce-red-flames\\\/#primaryimage\"},\"image\":{\"@id\":\"https:\\\/\\\/brusselsketjep.com\\\/fr\\\/shop\\\/sauce-red-flames\\\/#primaryimage\"},\"thumbnailUrl\":\"https:\\\/\\\/brusselsketjep.com\\\/wp-content\\\/uploads\\\/2026\\\/03\\\/red-flames-front-8.jpg\",\"datePublished\":\"2026-03-02T11:31:37+00:00\",\"dateModified\":\"2026-03-19T11:01:14+00:00\",\"description\":\"L'\u00e9quipe f\u00e9minine nationale belge de football des Red Flames a pour la premi\u00e8re fois sa sauce : une sauce Brazil sucr\u00e9e, \u00e9pic\u00e9e et piquante.\",\"breadcrumb\":{\"@id\":\"https:\\\/\\\/brusselsketjep.com\\\/fr\\\/shop\\\/sauce-red-flames\\\/#breadcrumb\"},\"inLanguage\":\"fr-FR\",\"potentialAction\":[{\"@type\":\"ReadAction\",\"target\":[\"https:\\\/\\\/brusselsketjep.com\\\/fr\\\/shop\\\/sauce-red-flames\\\/\"]}]},{\"@type\":\"ImageObject\",\"inLanguage\":\"fr-FR\",\"@id\":\"https:\\\/\\\/brusselsketjep.com\\\/fr\\\/shop\\\/sauce-red-flames\\\/#primaryimage\",\"url\":\"https:\\\/\\\/brusselsketjep.com\\\/wp-content\\\/uploads\\\/2026\\\/03\\\/red-flames-front-8.jpg\",\"contentUrl\":\"https:\\\/\\\/brusselsketjep.com\\\/wp-content\\\/uploads\\\/2026\\\/03\\\/red-flames-front-8.jpg\",\"width\":2400,\"height\":2400,\"caption\":\"Sauce officielle Red Flames Tessa Wullaert de la marque de sauces belges Brussels Ketjep\"},{\"@type\":\"BreadcrumbList\",\"@id\":\"https:\\\/\\\/brusselsketjep.com\\\/fr\\\/shop\\\/sauce-red-flames\\\/#breadcrumb\",\"itemListElement\":[{\"@type\":\"ListItem\",\"position\":1,\"name\":\"Home\",\"item\":\"https:\\\/\\\/brusselsketjep.com\\\/fr\\\/\"},{\"@type\":\"ListItem\",\"position\":2,\"name\":\"Boutique\",\"item\":\"https:\\\/\\\/brusselsketjep.com\\\/fr\\\/boutique\\\/\"},{\"@type\":\"ListItem\",\"position\":3,\"name\":\"RED FLAMES\"}]},{\"@type\":\"WebSite\",\"@id\":\"https:\\\/\\\/brusselsketjep.com\\\/#website\",\"url\":\"https:\\\/\\\/brusselsketjep.com\\\/\",\"name\":\"Brussels Ketjep\",\"description\":\"\",\"potentialAction\":[{\"@type\":\"SearchAction\",\"target\":{\"@type\":\"EntryPoint\",\"urlTemplate\":\"https:\\\/\\\/brusselsketjep.com\\\/?s={search_term_string}\"},\"query-input\":{\"@type\":\"PropertyValueSpecification\",\"valueRequired\":true,\"valueName\":\"search_term_string\"}}],\"inLanguage\":\"fr-FR\"}]}<\/script>\n<!-- \/ Yoast SEO plugin. -->","yoast_head_json":{"title":"RED FLAMES | Brussels Ketjep","description":"L'\u00e9quipe f\u00e9minine nationale belge de football des Red Flames a pour la premi\u00e8re fois sa sauce : une sauce Brazil sucr\u00e9e, \u00e9pic\u00e9e et piquante.","robots":{"index":"index","follow":"follow","max-snippet":"max-snippet:-1","max-image-preview":"max-image-preview:large","max-video-preview":"max-video-preview:-1"},"canonical":"https:\/\/brusselsketjep.com\/fr\/shop\/sauce-red-flames\/","og_locale":"fr_FR","og_type":"article","og_title":"RED FLAMES | Brussels Ketjep","og_description":"L'\u00e9quipe f\u00e9minine nationale belge de football des Red Flames a pour la premi\u00e8re fois sa sauce : une sauce Brazil sucr\u00e9e, \u00e9pic\u00e9e et piquante.","og_url":"https:\/\/brusselsketjep.com\/fr\/shop\/sauce-red-flames\/","og_site_name":"Brussels Ketjep","article_modified_time":"2026-03-19T11:01:14+00:00","og_image":[{"width":2400,"height":2400,"url":"https:\/\/brusselsketjep.com\/wp-content\/uploads\/2026\/03\/red-flames-front-8.jpg","type":"image\/jpeg"}],"twitter_card":"summary_large_image","schema":{"@context":"https:\/\/schema.org","@graph":[{"@type":"WebPage","@id":"https:\/\/brusselsketjep.com\/fr\/shop\/sauce-red-flames\/","url":"https:\/\/brusselsketjep.com\/fr\/shop\/sauce-red-flames\/","name":"RED FLAMES | Brussels Ketjep","isPartOf":{"@id":"https:\/\/brusselsketjep.com\/#website"},"primaryImageOfPage":{"@id":"https:\/\/brusselsketjep.com\/fr\/shop\/sauce-red-flames\/#primaryimage"},"image":{"@id":"https:\/\/brusselsketjep.com\/fr\/shop\/sauce-red-flames\/#primaryimage"},"thumbnailUrl":"https:\/\/brusselsketjep.com\/wp-content\/uploads\/2026\/03\/red-flames-front-8.jpg","datePublished":"2026-03-02T11:31:37+00:00","dateModified":"2026-03-19T11:01:14+00:00","description":"L'\u00e9quipe f\u00e9minine nationale belge de football des Red Flames a pour la premi\u00e8re fois sa sauce : une sauce Brazil sucr\u00e9e, \u00e9pic\u00e9e et piquante.","breadcrumb":{"@id":"https:\/\/brusselsketjep.com\/fr\/shop\/sauce-red-flames\/#breadcrumb"},"inLanguage":"fr-FR","potentialAction":[{"@type":"ReadAction","target":["https:\/\/brusselsketjep.com\/fr\/shop\/sauce-red-flames\/"]}]},{"@type":"ImageObject","inLanguage":"fr-FR","@id":"https:\/\/brusselsketjep.com\/fr\/shop\/sauce-red-flames\/#primaryimage","url":"https:\/\/brusselsketjep.com\/wp-content\/uploads\/2026\/03\/red-flames-front-8.jpg","contentUrl":"https:\/\/brusselsketjep.com\/wp-content\/uploads\/2026\/03\/red-flames-front-8.jpg","width":2400,"height":2400,"caption":"Sauce officielle Red Flames Tessa Wullaert de la marque de sauces belges Brussels Ketjep"},{"@type":"BreadcrumbList","@id":"https:\/\/brusselsketjep.com\/fr\/shop\/sauce-red-flames\/#breadcrumb","itemListElement":[{"@type":"ListItem","position":1,"name":"Home","item":"https:\/\/brusselsketjep.com\/fr\/"},{"@type":"ListItem","position":2,"name":"Boutique","item":"https:\/\/brusselsketjep.com\/fr\/boutique\/"},{"@type":"ListItem","position":3,"name":"RED FLAMES"}]},{"@type":"WebSite","@id":"https:\/\/brusselsketjep.com\/#website","url":"https:\/\/brusselsketjep.com\/","name":"Brussels Ketjep","description":"","potentialAction":[{"@type":"SearchAction","target":{"@type":"EntryPoint","urlTemplate":"https:\/\/brusselsketjep.com\/?s={search_term_string}"},"query-input":{"@type":"PropertyValueSpecification","valueRequired":true,"valueName":"search_term_string"}}],"inLanguage":"fr-FR"}]}},"wcpa_form_fields":null,"_links":{"self":[{"href":"https:\/\/brusselsketjep.com\/fr\/wp-json\/wp\/v2\/product\/4526","targetHints":{"allow":["GET"]}}],"collection":[{"href":"https:\/\/brusselsketjep.com\/fr\/wp-json\/wp\/v2\/product"}],"about":[{"href":"https:\/\/brusselsketjep.com\/fr\/wp-json\/wp\/v2\/types\/product"}],"replies":[{"embeddable":true,"href":"https:\/\/brusselsketjep.com\/fr\/wp-json\/wp\/v2\/comments?post=4526"}],"wp:featuredmedia":[{"embeddable":true,"href":"https:\/\/brusselsketjep.com\/fr\/wp-json\/wp\/v2\/media\/4527"}],"wp:attachment":[{"href":"https:\/\/brusselsketjep.com\/fr\/wp-json\/wp\/v2\/media?parent=4526"}],"wp:term":[{"taxonomy":"product_brand","embeddable":true,"href":"https:\/\/brusselsketjep.com\/fr\/wp-json\/wp\/v2\/product_brand?post=4526"},{"taxonomy":"product_cat","embeddable":true,"href":"https:\/\/brusselsketjep.com\/fr\/wp-json\/wp\/v2\/product_cat?post=4526"},{"taxonomy":"product_tag","embeddable":true,"href":"https:\/\/brusselsketjep.com\/fr\/wp-json\/wp\/v2\/product_tag?post=4526"}],"curies":[{"name":"wp","href":"https:\/\/api.w.org\/{rel}","templated":true}]}}