{"id":420,"date":"2023-08-09T17:27:42","date_gmt":"2023-08-09T15:27:42","guid":{"rendered":"https:\/\/bk2023.brusselsketjep.com\/?post_type=product&#038;p=420"},"modified":"2026-04-07T16:27:46","modified_gmt":"2026-04-07T14:27:46","slug":"the-original-tshirt","status":"publish","type":"product","link":"https:\/\/brusselsketjep.com\/fr\/shop\/the-original-tshirt\/","title":{"rendered":"THE ORIGINAL"},"content":{"rendered":"<p>HS Code : 61091000 \u2022 T-shirt en coton<\/p>\n","protected":false},"excerpt":{"rendered":"<p>T-shirt en coton de haute qualit\u00e9 (180 gr) au touch\u00e9 doux, coutures super solides, flocage no-touch print. Unisexe.<\/p>\n","protected":false},"featured_media":1074,"comment_status":"closed","ping_status":"closed","template":"","meta":{"_acf_changed":false},"product_brand":[],"product_cat":[15],"product_tag":[71],"class_list":{"0":"post-420","1":"product","2":"type-product","3":"status-publish","4":"has-post-thumbnail","6":"product_cat-non-classe","7":"product_tag-sauce-fr","9":"first","10":"instock","11":"taxable","12":"shipping-taxable","13":"purchasable","14":"product-type-variable","15":"has-default-attributes"},"bundled_by":["441"],"bundle_stock_status":"instock","bundle_stock_quantity":null,"bundle_virtual":false,"bundle_layout":"","bundle_add_to_cart_form_location":"","bundle_editable_in_cart":false,"bundle_sold_individually_context":"","bundle_item_grouping":"","bundle_min_size":"","bundle_max_size":"","bundle_price":[],"bundled_items":[],"bundle_sell_ids":[],"acf":[],"yoast_head":"<!-- This site is optimized with the Yoast SEO plugin v27.4 - https:\/\/yoast.com\/product\/yoast-seo-wordpress\/ -->\n<title>THE ORIGINAL | Brussels Ketjep<\/title>\n<meta name=\"description\" content=\"Le T-shirt Brussels Ketjep unisexe de haute qualit\u00e9, en \u00e9dition limit\u00e9e. 100% coton, touch\u00e9 doux, coutures super solides, flocage no-touch print.\" \/>\n<meta name=\"robots\" content=\"index, follow, max-snippet:-1, max-image-preview:large, max-video-preview:-1\" \/>\n<link rel=\"canonical\" href=\"https:\/\/brusselsketjep.com\/fr\/shop\/the-original-tshirt\/\" \/>\n<meta property=\"og:locale\" content=\"fr_FR\" \/>\n<meta property=\"og:type\" content=\"article\" \/>\n<meta property=\"og:title\" content=\"THE ORIGINAL | Brussels Ketjep\" \/>\n<meta property=\"og:description\" content=\"Le T-shirt Brussels Ketjep unisexe de haute qualit\u00e9, en \u00e9dition limit\u00e9e. 100% coton, touch\u00e9 doux, coutures super solides, flocage no-touch print.\" \/>\n<meta property=\"og:url\" content=\"https:\/\/brusselsketjep.com\/fr\/shop\/the-original-tshirt\/\" \/>\n<meta property=\"og:site_name\" content=\"Brussels Ketjep\" \/>\n<meta property=\"article:modified_time\" content=\"2026-04-07T14:27:46+00:00\" \/>\n<meta property=\"og:image\" content=\"https:\/\/brusselsketjep.com\/wp-content\/uploads\/2023\/10\/bk-tee.jpg\" \/>\n\t<meta property=\"og:image:width\" content=\"1719\" \/>\n\t<meta property=\"og:image:height\" content=\"1719\" \/>\n\t<meta property=\"og:image:type\" content=\"image\/jpeg\" \/>\n<meta name=\"twitter:card\" content=\"summary_large_image\" \/>\n<script type=\"application\/ld+json\" class=\"yoast-schema-graph\">{\"@context\":\"https:\\\/\\\/schema.org\",\"@graph\":[{\"@type\":\"WebPage\",\"@id\":\"https:\\\/\\\/brusselsketjep.com\\\/fr\\\/shop\\\/the-original-tshirt\\\/\",\"url\":\"https:\\\/\\\/brusselsketjep.com\\\/fr\\\/shop\\\/the-original-tshirt\\\/\",\"name\":\"THE ORIGINAL | Brussels Ketjep\",\"isPartOf\":{\"@id\":\"https:\\\/\\\/brusselsketjep.com\\\/#website\"},\"primaryImageOfPage\":{\"@id\":\"https:\\\/\\\/brusselsketjep.com\\\/fr\\\/shop\\\/the-original-tshirt\\\/#primaryimage\"},\"image\":{\"@id\":\"https:\\\/\\\/brusselsketjep.com\\\/fr\\\/shop\\\/the-original-tshirt\\\/#primaryimage\"},\"thumbnailUrl\":\"https:\\\/\\\/brusselsketjep.com\\\/wp-content\\\/uploads\\\/2023\\\/10\\\/bk-tee.jpg\",\"datePublished\":\"2023-08-09T15:27:42+00:00\",\"dateModified\":\"2026-04-07T14:27:46+00:00\",\"description\":\"Le T-shirt Brussels Ketjep unisexe de haute qualit\u00e9, en \u00e9dition limit\u00e9e. 100% coton, touch\u00e9 doux, coutures super solides, flocage no-touch print.\",\"breadcrumb\":{\"@id\":\"https:\\\/\\\/brusselsketjep.com\\\/fr\\\/shop\\\/the-original-tshirt\\\/#breadcrumb\"},\"inLanguage\":\"fr-FR\",\"potentialAction\":[{\"@type\":\"ReadAction\",\"target\":[\"https:\\\/\\\/brusselsketjep.com\\\/fr\\\/shop\\\/the-original-tshirt\\\/\"]}]},{\"@type\":\"ImageObject\",\"inLanguage\":\"fr-FR\",\"@id\":\"https:\\\/\\\/brusselsketjep.com\\\/fr\\\/shop\\\/the-original-tshirt\\\/#primaryimage\",\"url\":\"https:\\\/\\\/brusselsketjep.com\\\/wp-content\\\/uploads\\\/2023\\\/10\\\/bk-tee.jpg\",\"contentUrl\":\"https:\\\/\\\/brusselsketjep.com\\\/wp-content\\\/uploads\\\/2023\\\/10\\\/bk-tee.jpg\",\"width\":1719,\"height\":1719,\"caption\":\"The Original Tshirt Brussels Ketjep\"},{\"@type\":\"BreadcrumbList\",\"@id\":\"https:\\\/\\\/brusselsketjep.com\\\/fr\\\/shop\\\/the-original-tshirt\\\/#breadcrumb\",\"itemListElement\":[{\"@type\":\"ListItem\",\"position\":1,\"name\":\"Home\",\"item\":\"https:\\\/\\\/brusselsketjep.com\\\/fr\\\/\"},{\"@type\":\"ListItem\",\"position\":2,\"name\":\"Boutique\",\"item\":\"https:\\\/\\\/brusselsketjep.com\\\/fr\\\/boutique\\\/\"},{\"@type\":\"ListItem\",\"position\":3,\"name\":\"THE ORIGINAL\"}]},{\"@type\":\"WebSite\",\"@id\":\"https:\\\/\\\/brusselsketjep.com\\\/#website\",\"url\":\"https:\\\/\\\/brusselsketjep.com\\\/\",\"name\":\"Brussels Ketjep\",\"description\":\"\",\"potentialAction\":[{\"@type\":\"SearchAction\",\"target\":{\"@type\":\"EntryPoint\",\"urlTemplate\":\"https:\\\/\\\/brusselsketjep.com\\\/?s={search_term_string}\"},\"query-input\":{\"@type\":\"PropertyValueSpecification\",\"valueRequired\":true,\"valueName\":\"search_term_string\"}}],\"inLanguage\":\"fr-FR\"}]}<\/script>\n<!-- \/ Yoast SEO plugin. -->","yoast_head_json":{"title":"THE ORIGINAL | Brussels Ketjep","description":"Le T-shirt Brussels Ketjep unisexe de haute qualit\u00e9, en \u00e9dition limit\u00e9e. 100% coton, touch\u00e9 doux, coutures super solides, flocage no-touch print.","robots":{"index":"index","follow":"follow","max-snippet":"max-snippet:-1","max-image-preview":"max-image-preview:large","max-video-preview":"max-video-preview:-1"},"canonical":"https:\/\/brusselsketjep.com\/fr\/shop\/the-original-tshirt\/","og_locale":"fr_FR","og_type":"article","og_title":"THE ORIGINAL | Brussels Ketjep","og_description":"Le T-shirt Brussels Ketjep unisexe de haute qualit\u00e9, en \u00e9dition limit\u00e9e. 100% coton, touch\u00e9 doux, coutures super solides, flocage no-touch print.","og_url":"https:\/\/brusselsketjep.com\/fr\/shop\/the-original-tshirt\/","og_site_name":"Brussels Ketjep","article_modified_time":"2026-04-07T14:27:46+00:00","og_image":[{"width":1719,"height":1719,"url":"https:\/\/brusselsketjep.com\/wp-content\/uploads\/2023\/10\/bk-tee.jpg","type":"image\/jpeg"}],"twitter_card":"summary_large_image","schema":{"@context":"https:\/\/schema.org","@graph":[{"@type":"WebPage","@id":"https:\/\/brusselsketjep.com\/fr\/shop\/the-original-tshirt\/","url":"https:\/\/brusselsketjep.com\/fr\/shop\/the-original-tshirt\/","name":"THE ORIGINAL | Brussels Ketjep","isPartOf":{"@id":"https:\/\/brusselsketjep.com\/#website"},"primaryImageOfPage":{"@id":"https:\/\/brusselsketjep.com\/fr\/shop\/the-original-tshirt\/#primaryimage"},"image":{"@id":"https:\/\/brusselsketjep.com\/fr\/shop\/the-original-tshirt\/#primaryimage"},"thumbnailUrl":"https:\/\/brusselsketjep.com\/wp-content\/uploads\/2023\/10\/bk-tee.jpg","datePublished":"2023-08-09T15:27:42+00:00","dateModified":"2026-04-07T14:27:46+00:00","description":"Le T-shirt Brussels Ketjep unisexe de haute qualit\u00e9, en \u00e9dition limit\u00e9e. 100% coton, touch\u00e9 doux, coutures super solides, flocage no-touch print.","breadcrumb":{"@id":"https:\/\/brusselsketjep.com\/fr\/shop\/the-original-tshirt\/#breadcrumb"},"inLanguage":"fr-FR","potentialAction":[{"@type":"ReadAction","target":["https:\/\/brusselsketjep.com\/fr\/shop\/the-original-tshirt\/"]}]},{"@type":"ImageObject","inLanguage":"fr-FR","@id":"https:\/\/brusselsketjep.com\/fr\/shop\/the-original-tshirt\/#primaryimage","url":"https:\/\/brusselsketjep.com\/wp-content\/uploads\/2023\/10\/bk-tee.jpg","contentUrl":"https:\/\/brusselsketjep.com\/wp-content\/uploads\/2023\/10\/bk-tee.jpg","width":1719,"height":1719,"caption":"The Original Tshirt Brussels Ketjep"},{"@type":"BreadcrumbList","@id":"https:\/\/brusselsketjep.com\/fr\/shop\/the-original-tshirt\/#breadcrumb","itemListElement":[{"@type":"ListItem","position":1,"name":"Home","item":"https:\/\/brusselsketjep.com\/fr\/"},{"@type":"ListItem","position":2,"name":"Boutique","item":"https:\/\/brusselsketjep.com\/fr\/boutique\/"},{"@type":"ListItem","position":3,"name":"THE ORIGINAL"}]},{"@type":"WebSite","@id":"https:\/\/brusselsketjep.com\/#website","url":"https:\/\/brusselsketjep.com\/","name":"Brussels Ketjep","description":"","potentialAction":[{"@type":"SearchAction","target":{"@type":"EntryPoint","urlTemplate":"https:\/\/brusselsketjep.com\/?s={search_term_string}"},"query-input":{"@type":"PropertyValueSpecification","valueRequired":true,"valueName":"search_term_string"}}],"inLanguage":"fr-FR"}]}},"wcpa_form_fields":null,"_links":{"self":[{"href":"https:\/\/brusselsketjep.com\/fr\/wp-json\/wp\/v2\/product\/420","targetHints":{"allow":["GET"]}}],"collection":[{"href":"https:\/\/brusselsketjep.com\/fr\/wp-json\/wp\/v2\/product"}],"about":[{"href":"https:\/\/brusselsketjep.com\/fr\/wp-json\/wp\/v2\/types\/product"}],"replies":[{"embeddable":true,"href":"https:\/\/brusselsketjep.com\/fr\/wp-json\/wp\/v2\/comments?post=420"}],"wp:featuredmedia":[{"embeddable":true,"href":"https:\/\/brusselsketjep.com\/fr\/wp-json\/wp\/v2\/media\/1074"}],"wp:attachment":[{"href":"https:\/\/brusselsketjep.com\/fr\/wp-json\/wp\/v2\/media?parent=420"}],"wp:term":[{"taxonomy":"product_brand","embeddable":true,"href":"https:\/\/brusselsketjep.com\/fr\/wp-json\/wp\/v2\/product_brand?post=420"},{"taxonomy":"product_cat","embeddable":true,"href":"https:\/\/brusselsketjep.com\/fr\/wp-json\/wp\/v2\/product_cat?post=420"},{"taxonomy":"product_tag","embeddable":true,"href":"https:\/\/brusselsketjep.com\/fr\/wp-json\/wp\/v2\/product_tag?post=420"}],"curies":[{"name":"wp","href":"https:\/\/api.w.org\/{rel}","templated":true}]}}