{"id":408,"date":"2023-08-09T17:11:00","date_gmt":"2023-08-09T15:11:00","guid":{"rendered":"https:\/\/bk2023.brusselsketjep.com\/?post_type=product&#038;p=408"},"modified":"2026-01-14T08:29:57","modified_gmt":"2026-01-14T07:29:57","slug":"bk-sauces-rack","status":"publish","type":"product","link":"https:\/\/brusselsketjep.com\/fr\/shop\/bk-sauces-rack\/","title":{"rendered":"BK Rack"},"content":{"rendered":"","protected":false},"excerpt":{"rendered":"<p>A la maison comme au resto !<\/p>\n<p>Ce pack comprend :<br \/>\n\u2013 Le panier m\u00e9tallique Brussels Ketjep<br \/>\n\u2013 Le Ketjep 300 ml<br \/>\n\u2013 La Mayo 300 ml<br \/>\n\u2013 La Dallas 300 ml<br \/>\n\u2013 La Cowboy 300 ml<\/p>\n","protected":false},"featured_media":1390,"comment_status":"open","ping_status":"closed","template":"","meta":{"_acf_changed":false},"product_brand":[],"product_cat":[15],"product_tag":[],"class_list":{"0":"post-408","1":"product","2":"type-product","3":"status-publish","4":"has-post-thumbnail","6":"product_cat-non-classe","7":"compo-convient-aux-femmes-enceintes","8":"compo-hallal","10":"first","11":"instock","12":"sale","13":"virtual","14":"taxable","15":"purchasable","16":"product-type-bundle"},"bundled_by":[],"bundle_stock_status":"instock","bundle_stock_quantity":"","bundle_virtual":false,"bundle_layout":"default","bundle_add_to_cart_form_location":"default","bundle_editable_in_cart":false,"bundle_sold_individually_context":"product","bundle_item_grouping":"parent","bundle_min_size":"","bundle_max_size":"","bundle_price":{"price":{"min":{"incl_tax":"32.5","excl_tax":"28.605"},"max":{"incl_tax":"32.5","excl_tax":"28.605"}},"regular_price":{"min":{"incl_tax":"35.14","excl_tax":"31.097"},"max":{"incl_tax":"35.14","excl_tax":"31.097"}}},"bundled_items":[{"bundled_item_id":32,"product_id":405,"menu_order":0,"quantity_min":1,"quantity_max":1,"quantity_default":1,"priced_individually":true,"shipped_individually":false,"override_title":false,"title":"Empty Rack","override_description":false,"description":"","optional":false,"hide_thumbnail":false,"discount":"","override_variations":false,"allowed_variations":[],"override_default_variation_attributes":false,"default_variation_attributes":[],"single_product_visibility":"hidden","cart_visibility":"hidden","order_visibility":"visible","single_product_price_visibility":"hidden","cart_price_visibility":"hidden","order_price_visibility":"visible","stock_status":"in_stock"},{"bundled_item_id":33,"product_id":332,"menu_order":1,"quantity_min":1,"quantity_max":1,"quantity_default":1,"priced_individually":true,"shipped_individually":false,"override_title":false,"title":"Ketjep","override_description":false,"description":"","optional":false,"hide_thumbnail":false,"discount":"15.03","override_variations":false,"allowed_variations":[],"override_default_variation_attributes":false,"default_variation_attributes":[],"single_product_visibility":"hidden","cart_visibility":"hidden","order_visibility":"visible","single_product_price_visibility":"hidden","cart_price_visibility":"hidden","order_price_visibility":"visible","stock_status":"in_stock"},{"bundled_item_id":34,"product_id":381,"menu_order":2,"quantity_min":1,"quantity_max":1,"quantity_default":1,"priced_individually":true,"shipped_individually":false,"override_title":false,"title":"Mayo","override_description":false,"description":"","optional":false,"hide_thumbnail":false,"discount":"15.03","override_variations":false,"allowed_variations":[],"override_default_variation_attributes":false,"default_variation_attributes":[],"single_product_visibility":"hidden","cart_visibility":"hidden","order_visibility":"visible","single_product_price_visibility":"hidden","cart_price_visibility":"hidden","order_price_visibility":"visible","stock_status":"in_stock"},{"bundled_item_id":35,"product_id":37,"menu_order":3,"quantity_min":1,"quantity_max":1,"quantity_default":1,"priced_individually":true,"shipped_individually":false,"override_title":false,"title":"Dallas","override_description":false,"description":"","optional":false,"hide_thumbnail":false,"discount":"15.03","override_variations":false,"allowed_variations":[],"override_default_variation_attributes":false,"default_variation_attributes":[],"single_product_visibility":"hidden","cart_visibility":"hidden","order_visibility":"visible","single_product_price_visibility":"hidden","cart_price_visibility":"hidden","order_price_visibility":"visible","stock_status":"in_stock"},{"bundled_item_id":36,"product_id":388,"menu_order":4,"quantity_min":1,"quantity_max":1,"quantity_default":1,"priced_individually":true,"shipped_individually":false,"override_title":false,"title":"Cowboy","override_description":false,"description":"","optional":false,"hide_thumbnail":false,"discount":"15.03","override_variations":false,"allowed_variations":[],"override_default_variation_attributes":false,"default_variation_attributes":[],"single_product_visibility":"hidden","cart_visibility":"hidden","order_visibility":"visible","single_product_price_visibility":"hidden","cart_price_visibility":"hidden","order_price_visibility":"visible","stock_status":"in_stock"}],"bundle_sell_ids":[],"acf":[],"yoast_head":"<!-- This site is optimized with the Yoast SEO plugin v27.4 - https:\/\/yoast.com\/product\/yoast-seo-wordpress\/ -->\n<title>BK Rack | Brussels Ketjep<\/title>\n<meta name=\"description\" content=\"\u00c0 la maison comme au resto! Ce pack comprend le panier m\u00e9tallique Brussels Ketjep, le Ketjep, la Mayo, la Dallas et la Cowboy.\" \/>\n<meta name=\"robots\" content=\"index, follow, max-snippet:-1, max-image-preview:large, max-video-preview:-1\" \/>\n<link rel=\"canonical\" href=\"https:\/\/brusselsketjep.com\/fr\/shop\/bk-sauces-rack\/\" \/>\n<meta property=\"og:locale\" content=\"fr_FR\" \/>\n<meta property=\"og:type\" content=\"article\" \/>\n<meta property=\"og:title\" content=\"BK Rack | Brussels Ketjep\" \/>\n<meta property=\"og:description\" content=\"\u00c0 la maison comme au resto! Ce pack comprend le panier m\u00e9tallique Brussels Ketjep, le Ketjep, la Mayo, la Dallas et la Cowboy.\" \/>\n<meta property=\"og:url\" content=\"https:\/\/brusselsketjep.com\/fr\/shop\/bk-sauces-rack\/\" \/>\n<meta property=\"og:site_name\" content=\"Brussels Ketjep\" \/>\n<meta property=\"article:modified_time\" content=\"2026-01-14T07:29:57+00:00\" \/>\n<meta property=\"og:image\" content=\"https:\/\/brusselsketjep.com\/wp-content\/uploads\/2023\/10\/rack-cote-2.jpg\" \/>\n\t<meta property=\"og:image:width\" content=\"1500\" \/>\n\t<meta property=\"og:image:height\" content=\"1500\" \/>\n\t<meta property=\"og:image:type\" content=\"image\/jpeg\" \/>\n<meta name=\"twitter:card\" content=\"summary_large_image\" \/>\n<script type=\"application\/ld+json\" class=\"yoast-schema-graph\">{\"@context\":\"https:\\\/\\\/schema.org\",\"@graph\":[{\"@type\":\"WebPage\",\"@id\":\"https:\\\/\\\/brusselsketjep.com\\\/fr\\\/shop\\\/bk-sauces-rack\\\/\",\"url\":\"https:\\\/\\\/brusselsketjep.com\\\/fr\\\/shop\\\/bk-sauces-rack\\\/\",\"name\":\"BK Rack | Brussels Ketjep\",\"isPartOf\":{\"@id\":\"https:\\\/\\\/brusselsketjep.com\\\/#website\"},\"primaryImageOfPage\":{\"@id\":\"https:\\\/\\\/brusselsketjep.com\\\/fr\\\/shop\\\/bk-sauces-rack\\\/#primaryimage\"},\"image\":{\"@id\":\"https:\\\/\\\/brusselsketjep.com\\\/fr\\\/shop\\\/bk-sauces-rack\\\/#primaryimage\"},\"thumbnailUrl\":\"https:\\\/\\\/brusselsketjep.com\\\/wp-content\\\/uploads\\\/2023\\\/10\\\/rack-cote-2.jpg\",\"datePublished\":\"2023-08-09T15:11:00+00:00\",\"dateModified\":\"2026-01-14T07:29:57+00:00\",\"description\":\"\u00c0 la maison comme au resto! Ce pack comprend le panier m\u00e9tallique Brussels Ketjep, le Ketjep, la Mayo, la Dallas et la Cowboy.\",\"breadcrumb\":{\"@id\":\"https:\\\/\\\/brusselsketjep.com\\\/fr\\\/shop\\\/bk-sauces-rack\\\/#breadcrumb\"},\"inLanguage\":\"fr-FR\",\"potentialAction\":[{\"@type\":\"ReadAction\",\"target\":[\"https:\\\/\\\/brusselsketjep.com\\\/fr\\\/shop\\\/bk-sauces-rack\\\/\"]}]},{\"@type\":\"ImageObject\",\"inLanguage\":\"fr-FR\",\"@id\":\"https:\\\/\\\/brusselsketjep.com\\\/fr\\\/shop\\\/bk-sauces-rack\\\/#primaryimage\",\"url\":\"https:\\\/\\\/brusselsketjep.com\\\/wp-content\\\/uploads\\\/2023\\\/10\\\/rack-cote-2.jpg\",\"contentUrl\":\"https:\\\/\\\/brusselsketjep.com\\\/wp-content\\\/uploads\\\/2023\\\/10\\\/rack-cote-2.jpg\",\"width\":1500,\"height\":1500,\"caption\":\"Panier m\u00e9tallique pour 4 sauces Brussels Ketjep c\u00f4t\u00e9 droit\"},{\"@type\":\"BreadcrumbList\",\"@id\":\"https:\\\/\\\/brusselsketjep.com\\\/fr\\\/shop\\\/bk-sauces-rack\\\/#breadcrumb\",\"itemListElement\":[{\"@type\":\"ListItem\",\"position\":1,\"name\":\"Home\",\"item\":\"https:\\\/\\\/brusselsketjep.com\\\/fr\\\/\"},{\"@type\":\"ListItem\",\"position\":2,\"name\":\"Boutique\",\"item\":\"https:\\\/\\\/brusselsketjep.com\\\/fr\\\/boutique\\\/\"},{\"@type\":\"ListItem\",\"position\":3,\"name\":\"BK Rack\"}]},{\"@type\":\"WebSite\",\"@id\":\"https:\\\/\\\/brusselsketjep.com\\\/#website\",\"url\":\"https:\\\/\\\/brusselsketjep.com\\\/\",\"name\":\"Brussels Ketjep\",\"description\":\"\",\"potentialAction\":[{\"@type\":\"SearchAction\",\"target\":{\"@type\":\"EntryPoint\",\"urlTemplate\":\"https:\\\/\\\/brusselsketjep.com\\\/?s={search_term_string}\"},\"query-input\":{\"@type\":\"PropertyValueSpecification\",\"valueRequired\":true,\"valueName\":\"search_term_string\"}}],\"inLanguage\":\"fr-FR\"}]}<\/script>\n<!-- \/ Yoast SEO plugin. -->","yoast_head_json":{"title":"BK Rack | Brussels Ketjep","description":"\u00c0 la maison comme au resto! Ce pack comprend le panier m\u00e9tallique Brussels Ketjep, le Ketjep, la Mayo, la Dallas et la Cowboy.","robots":{"index":"index","follow":"follow","max-snippet":"max-snippet:-1","max-image-preview":"max-image-preview:large","max-video-preview":"max-video-preview:-1"},"canonical":"https:\/\/brusselsketjep.com\/fr\/shop\/bk-sauces-rack\/","og_locale":"fr_FR","og_type":"article","og_title":"BK Rack | Brussels Ketjep","og_description":"\u00c0 la maison comme au resto! Ce pack comprend le panier m\u00e9tallique Brussels Ketjep, le Ketjep, la Mayo, la Dallas et la Cowboy.","og_url":"https:\/\/brusselsketjep.com\/fr\/shop\/bk-sauces-rack\/","og_site_name":"Brussels Ketjep","article_modified_time":"2026-01-14T07:29:57+00:00","og_image":[{"width":1500,"height":1500,"url":"https:\/\/brusselsketjep.com\/wp-content\/uploads\/2023\/10\/rack-cote-2.jpg","type":"image\/jpeg"}],"twitter_card":"summary_large_image","schema":{"@context":"https:\/\/schema.org","@graph":[{"@type":"WebPage","@id":"https:\/\/brusselsketjep.com\/fr\/shop\/bk-sauces-rack\/","url":"https:\/\/brusselsketjep.com\/fr\/shop\/bk-sauces-rack\/","name":"BK Rack | Brussels Ketjep","isPartOf":{"@id":"https:\/\/brusselsketjep.com\/#website"},"primaryImageOfPage":{"@id":"https:\/\/brusselsketjep.com\/fr\/shop\/bk-sauces-rack\/#primaryimage"},"image":{"@id":"https:\/\/brusselsketjep.com\/fr\/shop\/bk-sauces-rack\/#primaryimage"},"thumbnailUrl":"https:\/\/brusselsketjep.com\/wp-content\/uploads\/2023\/10\/rack-cote-2.jpg","datePublished":"2023-08-09T15:11:00+00:00","dateModified":"2026-01-14T07:29:57+00:00","description":"\u00c0 la maison comme au resto! Ce pack comprend le panier m\u00e9tallique Brussels Ketjep, le Ketjep, la Mayo, la Dallas et la Cowboy.","breadcrumb":{"@id":"https:\/\/brusselsketjep.com\/fr\/shop\/bk-sauces-rack\/#breadcrumb"},"inLanguage":"fr-FR","potentialAction":[{"@type":"ReadAction","target":["https:\/\/brusselsketjep.com\/fr\/shop\/bk-sauces-rack\/"]}]},{"@type":"ImageObject","inLanguage":"fr-FR","@id":"https:\/\/brusselsketjep.com\/fr\/shop\/bk-sauces-rack\/#primaryimage","url":"https:\/\/brusselsketjep.com\/wp-content\/uploads\/2023\/10\/rack-cote-2.jpg","contentUrl":"https:\/\/brusselsketjep.com\/wp-content\/uploads\/2023\/10\/rack-cote-2.jpg","width":1500,"height":1500,"caption":"Panier m\u00e9tallique pour 4 sauces Brussels Ketjep c\u00f4t\u00e9 droit"},{"@type":"BreadcrumbList","@id":"https:\/\/brusselsketjep.com\/fr\/shop\/bk-sauces-rack\/#breadcrumb","itemListElement":[{"@type":"ListItem","position":1,"name":"Home","item":"https:\/\/brusselsketjep.com\/fr\/"},{"@type":"ListItem","position":2,"name":"Boutique","item":"https:\/\/brusselsketjep.com\/fr\/boutique\/"},{"@type":"ListItem","position":3,"name":"BK Rack"}]},{"@type":"WebSite","@id":"https:\/\/brusselsketjep.com\/#website","url":"https:\/\/brusselsketjep.com\/","name":"Brussels Ketjep","description":"","potentialAction":[{"@type":"SearchAction","target":{"@type":"EntryPoint","urlTemplate":"https:\/\/brusselsketjep.com\/?s={search_term_string}"},"query-input":{"@type":"PropertyValueSpecification","valueRequired":true,"valueName":"search_term_string"}}],"inLanguage":"fr-FR"}]}},"wcpa_form_fields":null,"_links":{"self":[{"href":"https:\/\/brusselsketjep.com\/fr\/wp-json\/wp\/v2\/product\/408","targetHints":{"allow":["GET"]}}],"collection":[{"href":"https:\/\/brusselsketjep.com\/fr\/wp-json\/wp\/v2\/product"}],"about":[{"href":"https:\/\/brusselsketjep.com\/fr\/wp-json\/wp\/v2\/types\/product"}],"replies":[{"embeddable":true,"href":"https:\/\/brusselsketjep.com\/fr\/wp-json\/wp\/v2\/comments?post=408"}],"wp:featuredmedia":[{"embeddable":true,"href":"https:\/\/brusselsketjep.com\/fr\/wp-json\/wp\/v2\/media\/1390"}],"wp:attachment":[{"href":"https:\/\/brusselsketjep.com\/fr\/wp-json\/wp\/v2\/media?parent=408"}],"wp:term":[{"taxonomy":"product_brand","embeddable":true,"href":"https:\/\/brusselsketjep.com\/fr\/wp-json\/wp\/v2\/product_brand?post=408"},{"taxonomy":"product_cat","embeddable":true,"href":"https:\/\/brusselsketjep.com\/fr\/wp-json\/wp\/v2\/product_cat?post=408"},{"taxonomy":"product_tag","embeddable":true,"href":"https:\/\/brusselsketjep.com\/fr\/wp-json\/wp\/v2\/product_tag?post=408"}],"curies":[{"name":"wp","href":"https:\/\/api.w.org\/{rel}","templated":true}]}}