{"id":402,"date":"2023-08-09T16:55:24","date_gmt":"2023-08-09T14:55:24","guid":{"rendered":"https:\/\/bk2023.brusselsketjep.com\/?post_type=product&#038;p=402"},"modified":"2025-10-29T10:34:42","modified_gmt":"2025-10-29T09:34:42","slug":"sauce-dallas-3l","status":"publish","type":"product","link":"https:\/\/brusselsketjep.com\/fr\/shop\/sauce-dallas-3l\/","title":{"rendered":"Best Friend Gift"},"content":{"rendered":"<p>HS Code : 21039090 \u2022 Sauce \u00e9mulsionn\u00e9e piquante aux oignons r\u00f4tis<\/p>\n","protected":false},"excerpt":{"rendered":"<p>Sauce Dallas 3L<b>\u00a0<\/b>: pareille \u00e0 celle que vous connaissez d\u00e9j\u00e0, mais celle-ci dure beauuuucoup plus longtemps.<\/p>\n","protected":false},"featured_media":1054,"comment_status":"open","ping_status":"closed","template":"","meta":{"_acf_changed":false},"product_brand":[],"product_cat":[15],"product_tag":[71],"class_list":{"0":"post-402","1":"product","2":"type-product","3":"status-publish","4":"has-post-thumbnail","6":"product_cat-non-classe","7":"product_tag-sauce-fr","8":"compo-convient-aux-femmes-enceintes","9":"compo-hallal","10":"compo-kasher","12":"first","13":"instock","14":"taxable","15":"shipping-taxable","16":"purchasable","17":"product-type-simple"},"bundled_by":[],"bundle_stock_status":"instock","bundle_stock_quantity":null,"bundle_virtual":false,"bundle_layout":"","bundle_add_to_cart_form_location":"","bundle_editable_in_cart":false,"bundle_sold_individually_context":"","bundle_item_grouping":"","bundle_min_size":"","bundle_max_size":"","bundle_price":[],"bundled_items":[],"bundle_sell_ids":[],"acf":[],"yoast_head":"<!-- This site is optimized with the Yoast SEO plugin v27.4 - https:\/\/yoast.com\/product\/yoast-seo-wordpress\/ -->\n<title>Best Friend Gift | Brussels Ketjep<\/title>\n<meta name=\"description\" content=\"Format pro de la sauce BK Dallas accompagne absolument TOUT. Inspir\u00e9e de la sauce sp\u00e9ciale des fritkots bruxellois, elle est sucr\u00e9e, piquante et croquante.\" \/>\n<meta name=\"robots\" content=\"index, follow, max-snippet:-1, max-image-preview:large, max-video-preview:-1\" \/>\n<link rel=\"canonical\" href=\"https:\/\/brusselsketjep.com\/fr\/shop\/sauce-dallas-3l\/\" \/>\n<meta property=\"og:locale\" content=\"fr_FR\" \/>\n<meta property=\"og:type\" content=\"article\" \/>\n<meta property=\"og:title\" content=\"Best Friend Gift | Brussels Ketjep\" \/>\n<meta property=\"og:description\" content=\"Format pro de la sauce BK Dallas accompagne absolument TOUT. Inspir\u00e9e de la sauce sp\u00e9ciale des fritkots bruxellois, elle est sucr\u00e9e, piquante et croquante.\" \/>\n<meta property=\"og:url\" content=\"https:\/\/brusselsketjep.com\/fr\/shop\/sauce-dallas-3l\/\" \/>\n<meta property=\"og:site_name\" content=\"Brussels Ketjep\" \/>\n<meta property=\"article:modified_time\" content=\"2025-10-29T09:34:42+00:00\" \/>\n<meta property=\"og:image\" content=\"https:\/\/brusselsketjep.com\/wp-content\/uploads\/2023\/10\/10-09-07-12-bk-shootingstudio-def-allin-03-3l-3l-dallas-0000.jpg\" \/>\n\t<meta property=\"og:image:width\" content=\"1500\" \/>\n\t<meta property=\"og:image:height\" content=\"1500\" \/>\n\t<meta property=\"og:image:type\" content=\"image\/jpeg\" \/>\n<meta name=\"twitter:card\" content=\"summary_large_image\" \/>\n<script type=\"application\/ld+json\" class=\"yoast-schema-graph\">{\"@context\":\"https:\\\/\\\/schema.org\",\"@graph\":[{\"@type\":\"WebPage\",\"@id\":\"https:\\\/\\\/brusselsketjep.com\\\/fr\\\/shop\\\/sauce-dallas-3l\\\/\",\"url\":\"https:\\\/\\\/brusselsketjep.com\\\/fr\\\/shop\\\/sauce-dallas-3l\\\/\",\"name\":\"Best Friend Gift | Brussels Ketjep\",\"isPartOf\":{\"@id\":\"https:\\\/\\\/brusselsketjep.com\\\/#website\"},\"primaryImageOfPage\":{\"@id\":\"https:\\\/\\\/brusselsketjep.com\\\/fr\\\/shop\\\/sauce-dallas-3l\\\/#primaryimage\"},\"image\":{\"@id\":\"https:\\\/\\\/brusselsketjep.com\\\/fr\\\/shop\\\/sauce-dallas-3l\\\/#primaryimage\"},\"thumbnailUrl\":\"https:\\\/\\\/brusselsketjep.com\\\/wp-content\\\/uploads\\\/2023\\\/10\\\/10-09-07-12-bk-shootingstudio-def-allin-03-3l-3l-dallas-0000.jpg\",\"datePublished\":\"2023-08-09T14:55:24+00:00\",\"dateModified\":\"2025-10-29T09:34:42+00:00\",\"description\":\"Format pro de la sauce BK Dallas accompagne absolument TOUT. Inspir\u00e9e de la sauce sp\u00e9ciale des fritkots bruxellois, elle est sucr\u00e9e, piquante et croquante.\",\"breadcrumb\":{\"@id\":\"https:\\\/\\\/brusselsketjep.com\\\/fr\\\/shop\\\/sauce-dallas-3l\\\/#breadcrumb\"},\"inLanguage\":\"fr-FR\",\"potentialAction\":[{\"@type\":\"ReadAction\",\"target\":[\"https:\\\/\\\/brusselsketjep.com\\\/fr\\\/shop\\\/sauce-dallas-3l\\\/\"]}]},{\"@type\":\"ImageObject\",\"inLanguage\":\"fr-FR\",\"@id\":\"https:\\\/\\\/brusselsketjep.com\\\/fr\\\/shop\\\/sauce-dallas-3l\\\/#primaryimage\",\"url\":\"https:\\\/\\\/brusselsketjep.com\\\/wp-content\\\/uploads\\\/2023\\\/10\\\/10-09-07-12-bk-shootingstudio-def-allin-03-3l-3l-dallas-0000.jpg\",\"contentUrl\":\"https:\\\/\\\/brusselsketjep.com\\\/wp-content\\\/uploads\\\/2023\\\/10\\\/10-09-07-12-bk-shootingstudio-def-allin-03-3l-3l-dallas-0000.jpg\",\"width\":1500,\"height\":1500,\"caption\":\"Sauce BK Dallas 3L pour les professionnels de l'Horeca\"},{\"@type\":\"BreadcrumbList\",\"@id\":\"https:\\\/\\\/brusselsketjep.com\\\/fr\\\/shop\\\/sauce-dallas-3l\\\/#breadcrumb\",\"itemListElement\":[{\"@type\":\"ListItem\",\"position\":1,\"name\":\"Home\",\"item\":\"https:\\\/\\\/brusselsketjep.com\\\/fr\\\/\"},{\"@type\":\"ListItem\",\"position\":2,\"name\":\"Boutique\",\"item\":\"https:\\\/\\\/brusselsketjep.com\\\/fr\\\/boutique\\\/\"},{\"@type\":\"ListItem\",\"position\":3,\"name\":\"Best Friend Gift\"}]},{\"@type\":\"WebSite\",\"@id\":\"https:\\\/\\\/brusselsketjep.com\\\/#website\",\"url\":\"https:\\\/\\\/brusselsketjep.com\\\/\",\"name\":\"Brussels Ketjep\",\"description\":\"\",\"potentialAction\":[{\"@type\":\"SearchAction\",\"target\":{\"@type\":\"EntryPoint\",\"urlTemplate\":\"https:\\\/\\\/brusselsketjep.com\\\/?s={search_term_string}\"},\"query-input\":{\"@type\":\"PropertyValueSpecification\",\"valueRequired\":true,\"valueName\":\"search_term_string\"}}],\"inLanguage\":\"fr-FR\"}]}<\/script>\n<!-- \/ Yoast SEO plugin. -->","yoast_head_json":{"title":"Best Friend Gift | Brussels Ketjep","description":"Format pro de la sauce BK Dallas accompagne absolument TOUT. Inspir\u00e9e de la sauce sp\u00e9ciale des fritkots bruxellois, elle est sucr\u00e9e, piquante et croquante.","robots":{"index":"index","follow":"follow","max-snippet":"max-snippet:-1","max-image-preview":"max-image-preview:large","max-video-preview":"max-video-preview:-1"},"canonical":"https:\/\/brusselsketjep.com\/fr\/shop\/sauce-dallas-3l\/","og_locale":"fr_FR","og_type":"article","og_title":"Best Friend Gift | Brussels Ketjep","og_description":"Format pro de la sauce BK Dallas accompagne absolument TOUT. Inspir\u00e9e de la sauce sp\u00e9ciale des fritkots bruxellois, elle est sucr\u00e9e, piquante et croquante.","og_url":"https:\/\/brusselsketjep.com\/fr\/shop\/sauce-dallas-3l\/","og_site_name":"Brussels Ketjep","article_modified_time":"2025-10-29T09:34:42+00:00","og_image":[{"width":1500,"height":1500,"url":"https:\/\/brusselsketjep.com\/wp-content\/uploads\/2023\/10\/10-09-07-12-bk-shootingstudio-def-allin-03-3l-3l-dallas-0000.jpg","type":"image\/jpeg"}],"twitter_card":"summary_large_image","schema":{"@context":"https:\/\/schema.org","@graph":[{"@type":"WebPage","@id":"https:\/\/brusselsketjep.com\/fr\/shop\/sauce-dallas-3l\/","url":"https:\/\/brusselsketjep.com\/fr\/shop\/sauce-dallas-3l\/","name":"Best Friend Gift | Brussels Ketjep","isPartOf":{"@id":"https:\/\/brusselsketjep.com\/#website"},"primaryImageOfPage":{"@id":"https:\/\/brusselsketjep.com\/fr\/shop\/sauce-dallas-3l\/#primaryimage"},"image":{"@id":"https:\/\/brusselsketjep.com\/fr\/shop\/sauce-dallas-3l\/#primaryimage"},"thumbnailUrl":"https:\/\/brusselsketjep.com\/wp-content\/uploads\/2023\/10\/10-09-07-12-bk-shootingstudio-def-allin-03-3l-3l-dallas-0000.jpg","datePublished":"2023-08-09T14:55:24+00:00","dateModified":"2025-10-29T09:34:42+00:00","description":"Format pro de la sauce BK Dallas accompagne absolument TOUT. Inspir\u00e9e de la sauce sp\u00e9ciale des fritkots bruxellois, elle est sucr\u00e9e, piquante et croquante.","breadcrumb":{"@id":"https:\/\/brusselsketjep.com\/fr\/shop\/sauce-dallas-3l\/#breadcrumb"},"inLanguage":"fr-FR","potentialAction":[{"@type":"ReadAction","target":["https:\/\/brusselsketjep.com\/fr\/shop\/sauce-dallas-3l\/"]}]},{"@type":"ImageObject","inLanguage":"fr-FR","@id":"https:\/\/brusselsketjep.com\/fr\/shop\/sauce-dallas-3l\/#primaryimage","url":"https:\/\/brusselsketjep.com\/wp-content\/uploads\/2023\/10\/10-09-07-12-bk-shootingstudio-def-allin-03-3l-3l-dallas-0000.jpg","contentUrl":"https:\/\/brusselsketjep.com\/wp-content\/uploads\/2023\/10\/10-09-07-12-bk-shootingstudio-def-allin-03-3l-3l-dallas-0000.jpg","width":1500,"height":1500,"caption":"Sauce BK Dallas 3L pour les professionnels de l'Horeca"},{"@type":"BreadcrumbList","@id":"https:\/\/brusselsketjep.com\/fr\/shop\/sauce-dallas-3l\/#breadcrumb","itemListElement":[{"@type":"ListItem","position":1,"name":"Home","item":"https:\/\/brusselsketjep.com\/fr\/"},{"@type":"ListItem","position":2,"name":"Boutique","item":"https:\/\/brusselsketjep.com\/fr\/boutique\/"},{"@type":"ListItem","position":3,"name":"Best Friend Gift"}]},{"@type":"WebSite","@id":"https:\/\/brusselsketjep.com\/#website","url":"https:\/\/brusselsketjep.com\/","name":"Brussels Ketjep","description":"","potentialAction":[{"@type":"SearchAction","target":{"@type":"EntryPoint","urlTemplate":"https:\/\/brusselsketjep.com\/?s={search_term_string}"},"query-input":{"@type":"PropertyValueSpecification","valueRequired":true,"valueName":"search_term_string"}}],"inLanguage":"fr-FR"}]}},"wcpa_form_fields":null,"_links":{"self":[{"href":"https:\/\/brusselsketjep.com\/fr\/wp-json\/wp\/v2\/product\/402","targetHints":{"allow":["GET"]}}],"collection":[{"href":"https:\/\/brusselsketjep.com\/fr\/wp-json\/wp\/v2\/product"}],"about":[{"href":"https:\/\/brusselsketjep.com\/fr\/wp-json\/wp\/v2\/types\/product"}],"replies":[{"embeddable":true,"href":"https:\/\/brusselsketjep.com\/fr\/wp-json\/wp\/v2\/comments?post=402"}],"wp:featuredmedia":[{"embeddable":true,"href":"https:\/\/brusselsketjep.com\/fr\/wp-json\/wp\/v2\/media\/1054"}],"wp:attachment":[{"href":"https:\/\/brusselsketjep.com\/fr\/wp-json\/wp\/v2\/media?parent=402"}],"wp:term":[{"taxonomy":"product_brand","embeddable":true,"href":"https:\/\/brusselsketjep.com\/fr\/wp-json\/wp\/v2\/product_brand?post=402"},{"taxonomy":"product_cat","embeddable":true,"href":"https:\/\/brusselsketjep.com\/fr\/wp-json\/wp\/v2\/product_cat?post=402"},{"taxonomy":"product_tag","embeddable":true,"href":"https:\/\/brusselsketjep.com\/fr\/wp-json\/wp\/v2\/product_tag?post=402"}],"curies":[{"name":"wp","href":"https:\/\/api.w.org\/{rel}","templated":true}]}}