{"id":396,"date":"2023-08-09T15:58:16","date_gmt":"2023-08-09T13:58:16","guid":{"rendered":"https:\/\/bk2023.brusselsketjep.com\/?post_type=product&#038;p=396"},"modified":"2026-03-02T12:18:45","modified_gmt":"2026-03-02T11:18:45","slug":"sauce-brava","status":"publish","type":"product","link":"https:\/\/brusselsketjep.com\/fr\/shop\/sauce-brava\/","title":{"rendered":"Brava"},"content":{"rendered":"<p>HS Code : 21039090 \u2022 Sauce andalouse piquante<\/p>\n","protected":false},"excerpt":{"rendered":"<p>Fin des ann\u00e9es 2000, le ketje a travaill\u00e9 pendant deux ans dans un restaurant sur la plage espagnole de Marbella. Il a alors d\u00e9couvert que les Andalous n\u2019ont pas de sauce Andalouse pour aller avec leurs frites. Ils mangent des patatas bravas : des sortes de \u201cfrites-andalouse\u201d, servies comme tapas.<br data-v-685866b7=\"\" \/>D\u00e9sormais, Brussels Ketjep propose une autre sauce BK &#8211; la Brava &#8211; avec un touche belge. Le go\u00fbt de l\u2019Andalouse boost\u00e9 par le piquant des patatas bravas.<\/p>\n<p>Brussels Ketjep est cette ann\u00e9e encore partenaire commercial de la RBFA!<br \/>\nAlors, pour soutenir les Diables Rouges pour la Coupe du Monde 2026 en Am\u00e9rique &#8211; au pays du ketchup! &#8211; nous habillons nos pots de sauces made in Belgium des joueurs de l&rsquo;\u00e9quipe nationale belge. En commandant ce produit, recevez al\u00e9atoirement un des pots de sauce BK \u00e9dition Red Devils.<\/p>\n<p>Come on Belgium !<\/p>\n","protected":false},"featured_media":4497,"comment_status":"open","ping_status":"closed","template":"","meta":{"_acf_changed":false},"product_brand":[],"product_cat":[15],"product_tag":[71],"class_list":{"0":"post-396","1":"product","2":"type-product","3":"status-publish","4":"has-post-thumbnail","6":"product_cat-non-classe","7":"product_tag-sauce-fr","8":"compo-convient-aux-femmes-enceintes","9":"compo-hallal","10":"compo-sans-gluten","12":"first","13":"instock","14":"taxable","15":"shipping-taxable","16":"purchasable","17":"product-type-simple"},"bundled_by":["441","470","1628","1701","1707","1715","1737","4022","4052","4054"],"bundle_stock_status":"instock","bundle_stock_quantity":null,"bundle_virtual":false,"bundle_layout":"","bundle_add_to_cart_form_location":"","bundle_editable_in_cart":false,"bundle_sold_individually_context":"","bundle_item_grouping":"","bundle_min_size":"","bundle_max_size":"","bundle_price":[],"bundled_items":[],"bundle_sell_ids":[],"acf":[],"yoast_head":"<!-- This site is optimized with the Yoast SEO plugin v27.4 - https:\/\/yoast.com\/product\/yoast-seo-wordpress\/ -->\n<title>Brava | Brussels Ketjep<\/title>\n<meta name=\"description\" content=\"Brussels Ketjep lance une toute nouvelle sauce Brava avec un touche belge. Pour cette sauce BK : go\u00fbt d\u2019Andalouse boost\u00e9 par le piquant des patatas bravas.\" \/>\n<meta name=\"robots\" content=\"index, follow, max-snippet:-1, max-image-preview:large, max-video-preview:-1\" \/>\n<link rel=\"canonical\" href=\"https:\/\/brusselsketjep.com\/fr\/shop\/sauce-brava\/\" \/>\n<meta property=\"og:locale\" content=\"fr_FR\" \/>\n<meta property=\"og:type\" content=\"article\" \/>\n<meta property=\"og:title\" content=\"Brava | Brussels Ketjep\" \/>\n<meta property=\"og:description\" content=\"Brussels Ketjep lance une toute nouvelle sauce Brava avec un touche belge. Pour cette sauce BK : go\u00fbt d\u2019Andalouse boost\u00e9 par le piquant des patatas bravas.\" \/>\n<meta property=\"og:url\" content=\"https:\/\/brusselsketjep.com\/fr\/shop\/sauce-brava\/\" \/>\n<meta property=\"og:site_name\" content=\"Brussels Ketjep\" \/>\n<meta property=\"article:modified_time\" content=\"2026-03-02T11:18:45+00:00\" \/>\n<meta property=\"og:image\" content=\"https:\/\/brusselsketjep.com\/wp-content\/uploads\/2023\/08\/brava-front-1.jpg\" \/>\n\t<meta property=\"og:image:width\" content=\"2400\" \/>\n\t<meta property=\"og:image:height\" content=\"2400\" \/>\n\t<meta property=\"og:image:type\" content=\"image\/jpeg\" \/>\n<meta name=\"twitter:card\" content=\"summary_large_image\" \/>\n<script type=\"application\/ld+json\" class=\"yoast-schema-graph\">{\"@context\":\"https:\\\/\\\/schema.org\",\"@graph\":[{\"@type\":\"WebPage\",\"@id\":\"https:\\\/\\\/brusselsketjep.com\\\/fr\\\/shop\\\/sauce-brava\\\/\",\"url\":\"https:\\\/\\\/brusselsketjep.com\\\/fr\\\/shop\\\/sauce-brava\\\/\",\"name\":\"Brava | Brussels Ketjep\",\"isPartOf\":{\"@id\":\"https:\\\/\\\/brusselsketjep.com\\\/#website\"},\"primaryImageOfPage\":{\"@id\":\"https:\\\/\\\/brusselsketjep.com\\\/fr\\\/shop\\\/sauce-brava\\\/#primaryimage\"},\"image\":{\"@id\":\"https:\\\/\\\/brusselsketjep.com\\\/fr\\\/shop\\\/sauce-brava\\\/#primaryimage\"},\"thumbnailUrl\":\"https:\\\/\\\/brusselsketjep.com\\\/wp-content\\\/uploads\\\/2023\\\/08\\\/brava-front-1.jpg\",\"datePublished\":\"2023-08-09T13:58:16+00:00\",\"dateModified\":\"2026-03-02T11:18:45+00:00\",\"description\":\"Brussels Ketjep lance une toute nouvelle sauce Brava avec un touche belge. Pour cette sauce BK : go\u00fbt d\u2019Andalouse boost\u00e9 par le piquant des patatas bravas.\",\"breadcrumb\":{\"@id\":\"https:\\\/\\\/brusselsketjep.com\\\/fr\\\/shop\\\/sauce-brava\\\/#breadcrumb\"},\"inLanguage\":\"fr-FR\",\"potentialAction\":[{\"@type\":\"ReadAction\",\"target\":[\"https:\\\/\\\/brusselsketjep.com\\\/fr\\\/shop\\\/sauce-brava\\\/\"]}]},{\"@type\":\"ImageObject\",\"inLanguage\":\"fr-FR\",\"@id\":\"https:\\\/\\\/brusselsketjep.com\\\/fr\\\/shop\\\/sauce-brava\\\/#primaryimage\",\"url\":\"https:\\\/\\\/brusselsketjep.com\\\/wp-content\\\/uploads\\\/2023\\\/08\\\/brava-front-1.jpg\",\"contentUrl\":\"https:\\\/\\\/brusselsketjep.com\\\/wp-content\\\/uploads\\\/2023\\\/08\\\/brava-front-1.jpg\",\"width\":2400,\"height\":2400,\"caption\":\"Sauce BK Brava 300 ml face avant Thibaut Courtois Red Devils\"},{\"@type\":\"BreadcrumbList\",\"@id\":\"https:\\\/\\\/brusselsketjep.com\\\/fr\\\/shop\\\/sauce-brava\\\/#breadcrumb\",\"itemListElement\":[{\"@type\":\"ListItem\",\"position\":1,\"name\":\"Home\",\"item\":\"https:\\\/\\\/brusselsketjep.com\\\/fr\\\/\"},{\"@type\":\"ListItem\",\"position\":2,\"name\":\"Boutique\",\"item\":\"https:\\\/\\\/brusselsketjep.com\\\/fr\\\/boutique\\\/\"},{\"@type\":\"ListItem\",\"position\":3,\"name\":\"Brava\"}]},{\"@type\":\"WebSite\",\"@id\":\"https:\\\/\\\/brusselsketjep.com\\\/#website\",\"url\":\"https:\\\/\\\/brusselsketjep.com\\\/\",\"name\":\"Brussels Ketjep\",\"description\":\"\",\"potentialAction\":[{\"@type\":\"SearchAction\",\"target\":{\"@type\":\"EntryPoint\",\"urlTemplate\":\"https:\\\/\\\/brusselsketjep.com\\\/?s={search_term_string}\"},\"query-input\":{\"@type\":\"PropertyValueSpecification\",\"valueRequired\":true,\"valueName\":\"search_term_string\"}}],\"inLanguage\":\"fr-FR\"}]}<\/script>\n<!-- \/ Yoast SEO plugin. -->","yoast_head_json":{"title":"Brava | Brussels Ketjep","description":"Brussels Ketjep lance une toute nouvelle sauce Brava avec un touche belge. Pour cette sauce BK : go\u00fbt d\u2019Andalouse boost\u00e9 par le piquant des patatas bravas.","robots":{"index":"index","follow":"follow","max-snippet":"max-snippet:-1","max-image-preview":"max-image-preview:large","max-video-preview":"max-video-preview:-1"},"canonical":"https:\/\/brusselsketjep.com\/fr\/shop\/sauce-brava\/","og_locale":"fr_FR","og_type":"article","og_title":"Brava | Brussels Ketjep","og_description":"Brussels Ketjep lance une toute nouvelle sauce Brava avec un touche belge. Pour cette sauce BK : go\u00fbt d\u2019Andalouse boost\u00e9 par le piquant des patatas bravas.","og_url":"https:\/\/brusselsketjep.com\/fr\/shop\/sauce-brava\/","og_site_name":"Brussels Ketjep","article_modified_time":"2026-03-02T11:18:45+00:00","og_image":[{"width":2400,"height":2400,"url":"https:\/\/brusselsketjep.com\/wp-content\/uploads\/2023\/08\/brava-front-1.jpg","type":"image\/jpeg"}],"twitter_card":"summary_large_image","schema":{"@context":"https:\/\/schema.org","@graph":[{"@type":"WebPage","@id":"https:\/\/brusselsketjep.com\/fr\/shop\/sauce-brava\/","url":"https:\/\/brusselsketjep.com\/fr\/shop\/sauce-brava\/","name":"Brava | Brussels Ketjep","isPartOf":{"@id":"https:\/\/brusselsketjep.com\/#website"},"primaryImageOfPage":{"@id":"https:\/\/brusselsketjep.com\/fr\/shop\/sauce-brava\/#primaryimage"},"image":{"@id":"https:\/\/brusselsketjep.com\/fr\/shop\/sauce-brava\/#primaryimage"},"thumbnailUrl":"https:\/\/brusselsketjep.com\/wp-content\/uploads\/2023\/08\/brava-front-1.jpg","datePublished":"2023-08-09T13:58:16+00:00","dateModified":"2026-03-02T11:18:45+00:00","description":"Brussels Ketjep lance une toute nouvelle sauce Brava avec un touche belge. Pour cette sauce BK : go\u00fbt d\u2019Andalouse boost\u00e9 par le piquant des patatas bravas.","breadcrumb":{"@id":"https:\/\/brusselsketjep.com\/fr\/shop\/sauce-brava\/#breadcrumb"},"inLanguage":"fr-FR","potentialAction":[{"@type":"ReadAction","target":["https:\/\/brusselsketjep.com\/fr\/shop\/sauce-brava\/"]}]},{"@type":"ImageObject","inLanguage":"fr-FR","@id":"https:\/\/brusselsketjep.com\/fr\/shop\/sauce-brava\/#primaryimage","url":"https:\/\/brusselsketjep.com\/wp-content\/uploads\/2023\/08\/brava-front-1.jpg","contentUrl":"https:\/\/brusselsketjep.com\/wp-content\/uploads\/2023\/08\/brava-front-1.jpg","width":2400,"height":2400,"caption":"Sauce BK Brava 300 ml face avant Thibaut Courtois Red Devils"},{"@type":"BreadcrumbList","@id":"https:\/\/brusselsketjep.com\/fr\/shop\/sauce-brava\/#breadcrumb","itemListElement":[{"@type":"ListItem","position":1,"name":"Home","item":"https:\/\/brusselsketjep.com\/fr\/"},{"@type":"ListItem","position":2,"name":"Boutique","item":"https:\/\/brusselsketjep.com\/fr\/boutique\/"},{"@type":"ListItem","position":3,"name":"Brava"}]},{"@type":"WebSite","@id":"https:\/\/brusselsketjep.com\/#website","url":"https:\/\/brusselsketjep.com\/","name":"Brussels Ketjep","description":"","potentialAction":[{"@type":"SearchAction","target":{"@type":"EntryPoint","urlTemplate":"https:\/\/brusselsketjep.com\/?s={search_term_string}"},"query-input":{"@type":"PropertyValueSpecification","valueRequired":true,"valueName":"search_term_string"}}],"inLanguage":"fr-FR"}]}},"wcpa_form_fields":null,"_links":{"self":[{"href":"https:\/\/brusselsketjep.com\/fr\/wp-json\/wp\/v2\/product\/396","targetHints":{"allow":["GET"]}}],"collection":[{"href":"https:\/\/brusselsketjep.com\/fr\/wp-json\/wp\/v2\/product"}],"about":[{"href":"https:\/\/brusselsketjep.com\/fr\/wp-json\/wp\/v2\/types\/product"}],"replies":[{"embeddable":true,"href":"https:\/\/brusselsketjep.com\/fr\/wp-json\/wp\/v2\/comments?post=396"}],"wp:featuredmedia":[{"embeddable":true,"href":"https:\/\/brusselsketjep.com\/fr\/wp-json\/wp\/v2\/media\/4497"}],"wp:attachment":[{"href":"https:\/\/brusselsketjep.com\/fr\/wp-json\/wp\/v2\/media?parent=396"}],"wp:term":[{"taxonomy":"product_brand","embeddable":true,"href":"https:\/\/brusselsketjep.com\/fr\/wp-json\/wp\/v2\/product_brand?post=396"},{"taxonomy":"product_cat","embeddable":true,"href":"https:\/\/brusselsketjep.com\/fr\/wp-json\/wp\/v2\/product_cat?post=396"},{"taxonomy":"product_tag","embeddable":true,"href":"https:\/\/brusselsketjep.com\/fr\/wp-json\/wp\/v2\/product_tag?post=396"}],"curies":[{"name":"wp","href":"https:\/\/api.w.org\/{rel}","templated":true}]}}