{"id":388,"date":"2023-08-09T15:33:37","date_gmt":"2023-08-09T13:33:37","guid":{"rendered":"https:\/\/bk2023.brusselsketjep.com\/?post_type=product&#038;p=388"},"modified":"2026-03-02T12:18:07","modified_gmt":"2026-03-02T11:18:07","slug":"sauce-cowboy","status":"publish","type":"product","link":"https:\/\/brusselsketjep.com\/fr\/shop\/sauce-cowboy\/","title":{"rendered":"Cowboy"},"content":{"rendered":"<p>HS Code : 21039090 \u2022 Sauce barbecue au miel<\/p>\n","protected":false},"excerpt":{"rendered":"<p>Cette sauce BK est une sauce barbecue de style hickory qui m\u00e9lange avec justesse l\u2019acidit\u00e9 du vinaigre, la douceur du miel ainsi qu\u2019un go\u00fbt fum\u00e9. La sauce Cowboy donnera une autre dimension \u00e0 vos plats. Le Chef \u00e9toil\u00e9 Luc Bellings la consid\u00e8re d\u2019ailleurs comme la meilleure sauce BBQ pour accompagner du poulet (ndlr Het Laatste Nieuws 04\/05\/2019).<\/p>\n<p>Brussels Ketjep est cette ann\u00e9e encore partenaire commercial de la RBFA!<br \/>\nAlors, pour soutenir les Diables Rouges pour la Coupe du Monde 2026 en Am\u00e9rique &#8211; au pays du ketchup! &#8211; nous habillons nos pots de sauces made in Belgium des joueurs de l&rsquo;\u00e9quipe nationale belge. En commandant ce produit, recevez al\u00e9atoirement un des pots de sauce BK \u00e9dition Red Devils.<\/p>\n<p>Come on Belgium !<\/p>\n","protected":false},"featured_media":4458,"comment_status":"open","ping_status":"closed","template":"","meta":{"_acf_changed":false},"product_brand":[],"product_cat":[15],"product_tag":[71],"class_list":{"0":"post-388","1":"product","2":"type-product","3":"status-publish","4":"has-post-thumbnail","6":"product_cat-non-classe","7":"product_tag-sauce-fr","8":"compo-convient-aux-femmes-enceintes","9":"compo-hallal","11":"first","12":"instock","13":"taxable","14":"shipping-taxable","15":"purchasable","16":"product-type-simple"},"bundled_by":["408","441","472","1628","1707","1715","1737","2261","3623","3628","3633","4022","4052","4054"],"bundle_stock_status":"instock","bundle_stock_quantity":null,"bundle_virtual":false,"bundle_layout":"","bundle_add_to_cart_form_location":"","bundle_editable_in_cart":false,"bundle_sold_individually_context":"","bundle_item_grouping":"","bundle_min_size":"","bundle_max_size":"","bundle_price":[],"bundled_items":[],"bundle_sell_ids":[],"acf":[],"yoast_head":"<!-- This site is optimized with the Yoast SEO plugin v27.4 - https:\/\/yoast.com\/product\/yoast-seo-wordpress\/ -->\n<title>Cowboy | Brussels Ketjep<\/title>\n<meta name=\"description\" content=\"Une sauce BK barbecue fum\u00e9e avec du miel qui donnera une autre dimension \u00e0 vos plats. Essayez-la avec du poulet, recommandation du Chef \u00e9toil\u00e9 Luc Bellings!\" \/>\n<meta name=\"robots\" content=\"index, follow, max-snippet:-1, max-image-preview:large, max-video-preview:-1\" \/>\n<link rel=\"canonical\" href=\"https:\/\/brusselsketjep.com\/fr\/shop\/sauce-cowboy\/\" \/>\n<meta property=\"og:locale\" content=\"fr_FR\" \/>\n<meta property=\"og:type\" content=\"article\" \/>\n<meta property=\"og:title\" content=\"Cowboy | Brussels Ketjep\" \/>\n<meta property=\"og:description\" content=\"Une sauce BK barbecue fum\u00e9e avec du miel qui donnera une autre dimension \u00e0 vos plats. Essayez-la avec du poulet, recommandation du Chef \u00e9toil\u00e9 Luc Bellings!\" \/>\n<meta property=\"og:url\" content=\"https:\/\/brusselsketjep.com\/fr\/shop\/sauce-cowboy\/\" \/>\n<meta property=\"og:site_name\" content=\"Brussels Ketjep\" \/>\n<meta property=\"article:modified_time\" content=\"2026-03-02T11:18:07+00:00\" \/>\n<meta property=\"og:image\" content=\"https:\/\/brusselsketjep.com\/wp-content\/uploads\/2023\/08\/cowboy-front-3.jpg\" \/>\n\t<meta property=\"og:image:width\" content=\"2400\" \/>\n\t<meta property=\"og:image:height\" content=\"2400\" \/>\n\t<meta property=\"og:image:type\" content=\"image\/jpeg\" \/>\n<meta name=\"twitter:card\" content=\"summary_large_image\" \/>\n<script type=\"application\/ld+json\" class=\"yoast-schema-graph\">{\"@context\":\"https:\\\/\\\/schema.org\",\"@graph\":[{\"@type\":\"WebPage\",\"@id\":\"https:\\\/\\\/brusselsketjep.com\\\/fr\\\/shop\\\/sauce-cowboy\\\/\",\"url\":\"https:\\\/\\\/brusselsketjep.com\\\/fr\\\/shop\\\/sauce-cowboy\\\/\",\"name\":\"Cowboy | Brussels Ketjep\",\"isPartOf\":{\"@id\":\"https:\\\/\\\/brusselsketjep.com\\\/#website\"},\"primaryImageOfPage\":{\"@id\":\"https:\\\/\\\/brusselsketjep.com\\\/fr\\\/shop\\\/sauce-cowboy\\\/#primaryimage\"},\"image\":{\"@id\":\"https:\\\/\\\/brusselsketjep.com\\\/fr\\\/shop\\\/sauce-cowboy\\\/#primaryimage\"},\"thumbnailUrl\":\"https:\\\/\\\/brusselsketjep.com\\\/wp-content\\\/uploads\\\/2023\\\/08\\\/cowboy-front-3.jpg\",\"datePublished\":\"2023-08-09T13:33:37+00:00\",\"dateModified\":\"2026-03-02T11:18:07+00:00\",\"description\":\"Une sauce BK barbecue fum\u00e9e avec du miel qui donnera une autre dimension \u00e0 vos plats. Essayez-la avec du poulet, recommandation du Chef \u00e9toil\u00e9 Luc Bellings!\",\"breadcrumb\":{\"@id\":\"https:\\\/\\\/brusselsketjep.com\\\/fr\\\/shop\\\/sauce-cowboy\\\/#breadcrumb\"},\"inLanguage\":\"fr-FR\",\"potentialAction\":[{\"@type\":\"ReadAction\",\"target\":[\"https:\\\/\\\/brusselsketjep.com\\\/fr\\\/shop\\\/sauce-cowboy\\\/\"]}]},{\"@type\":\"ImageObject\",\"inLanguage\":\"fr-FR\",\"@id\":\"https:\\\/\\\/brusselsketjep.com\\\/fr\\\/shop\\\/sauce-cowboy\\\/#primaryimage\",\"url\":\"https:\\\/\\\/brusselsketjep.com\\\/wp-content\\\/uploads\\\/2023\\\/08\\\/cowboy-front-3.jpg\",\"contentUrl\":\"https:\\\/\\\/brusselsketjep.com\\\/wp-content\\\/uploads\\\/2023\\\/08\\\/cowboy-front-3.jpg\",\"width\":2400,\"height\":2400,\"caption\":\"Sauce BK Cowboy 300 ml face avant Thomas Meunier Red Devils\"},{\"@type\":\"BreadcrumbList\",\"@id\":\"https:\\\/\\\/brusselsketjep.com\\\/fr\\\/shop\\\/sauce-cowboy\\\/#breadcrumb\",\"itemListElement\":[{\"@type\":\"ListItem\",\"position\":1,\"name\":\"Home\",\"item\":\"https:\\\/\\\/brusselsketjep.com\\\/fr\\\/\"},{\"@type\":\"ListItem\",\"position\":2,\"name\":\"Boutique\",\"item\":\"https:\\\/\\\/brusselsketjep.com\\\/fr\\\/boutique\\\/\"},{\"@type\":\"ListItem\",\"position\":3,\"name\":\"Cowboy\"}]},{\"@type\":\"WebSite\",\"@id\":\"https:\\\/\\\/brusselsketjep.com\\\/#website\",\"url\":\"https:\\\/\\\/brusselsketjep.com\\\/\",\"name\":\"Brussels Ketjep\",\"description\":\"\",\"potentialAction\":[{\"@type\":\"SearchAction\",\"target\":{\"@type\":\"EntryPoint\",\"urlTemplate\":\"https:\\\/\\\/brusselsketjep.com\\\/?s={search_term_string}\"},\"query-input\":{\"@type\":\"PropertyValueSpecification\",\"valueRequired\":true,\"valueName\":\"search_term_string\"}}],\"inLanguage\":\"fr-FR\"}]}<\/script>\n<!-- \/ Yoast SEO plugin. -->","yoast_head_json":{"title":"Cowboy | Brussels Ketjep","description":"Une sauce BK barbecue fum\u00e9e avec du miel qui donnera une autre dimension \u00e0 vos plats. Essayez-la avec du poulet, recommandation du Chef \u00e9toil\u00e9 Luc Bellings!","robots":{"index":"index","follow":"follow","max-snippet":"max-snippet:-1","max-image-preview":"max-image-preview:large","max-video-preview":"max-video-preview:-1"},"canonical":"https:\/\/brusselsketjep.com\/fr\/shop\/sauce-cowboy\/","og_locale":"fr_FR","og_type":"article","og_title":"Cowboy | Brussels Ketjep","og_description":"Une sauce BK barbecue fum\u00e9e avec du miel qui donnera une autre dimension \u00e0 vos plats. Essayez-la avec du poulet, recommandation du Chef \u00e9toil\u00e9 Luc Bellings!","og_url":"https:\/\/brusselsketjep.com\/fr\/shop\/sauce-cowboy\/","og_site_name":"Brussels Ketjep","article_modified_time":"2026-03-02T11:18:07+00:00","og_image":[{"width":2400,"height":2400,"url":"https:\/\/brusselsketjep.com\/wp-content\/uploads\/2023\/08\/cowboy-front-3.jpg","type":"image\/jpeg"}],"twitter_card":"summary_large_image","schema":{"@context":"https:\/\/schema.org","@graph":[{"@type":"WebPage","@id":"https:\/\/brusselsketjep.com\/fr\/shop\/sauce-cowboy\/","url":"https:\/\/brusselsketjep.com\/fr\/shop\/sauce-cowboy\/","name":"Cowboy | Brussels Ketjep","isPartOf":{"@id":"https:\/\/brusselsketjep.com\/#website"},"primaryImageOfPage":{"@id":"https:\/\/brusselsketjep.com\/fr\/shop\/sauce-cowboy\/#primaryimage"},"image":{"@id":"https:\/\/brusselsketjep.com\/fr\/shop\/sauce-cowboy\/#primaryimage"},"thumbnailUrl":"https:\/\/brusselsketjep.com\/wp-content\/uploads\/2023\/08\/cowboy-front-3.jpg","datePublished":"2023-08-09T13:33:37+00:00","dateModified":"2026-03-02T11:18:07+00:00","description":"Une sauce BK barbecue fum\u00e9e avec du miel qui donnera une autre dimension \u00e0 vos plats. Essayez-la avec du poulet, recommandation du Chef \u00e9toil\u00e9 Luc Bellings!","breadcrumb":{"@id":"https:\/\/brusselsketjep.com\/fr\/shop\/sauce-cowboy\/#breadcrumb"},"inLanguage":"fr-FR","potentialAction":[{"@type":"ReadAction","target":["https:\/\/brusselsketjep.com\/fr\/shop\/sauce-cowboy\/"]}]},{"@type":"ImageObject","inLanguage":"fr-FR","@id":"https:\/\/brusselsketjep.com\/fr\/shop\/sauce-cowboy\/#primaryimage","url":"https:\/\/brusselsketjep.com\/wp-content\/uploads\/2023\/08\/cowboy-front-3.jpg","contentUrl":"https:\/\/brusselsketjep.com\/wp-content\/uploads\/2023\/08\/cowboy-front-3.jpg","width":2400,"height":2400,"caption":"Sauce BK Cowboy 300 ml face avant Thomas Meunier Red Devils"},{"@type":"BreadcrumbList","@id":"https:\/\/brusselsketjep.com\/fr\/shop\/sauce-cowboy\/#breadcrumb","itemListElement":[{"@type":"ListItem","position":1,"name":"Home","item":"https:\/\/brusselsketjep.com\/fr\/"},{"@type":"ListItem","position":2,"name":"Boutique","item":"https:\/\/brusselsketjep.com\/fr\/boutique\/"},{"@type":"ListItem","position":3,"name":"Cowboy"}]},{"@type":"WebSite","@id":"https:\/\/brusselsketjep.com\/#website","url":"https:\/\/brusselsketjep.com\/","name":"Brussels Ketjep","description":"","potentialAction":[{"@type":"SearchAction","target":{"@type":"EntryPoint","urlTemplate":"https:\/\/brusselsketjep.com\/?s={search_term_string}"},"query-input":{"@type":"PropertyValueSpecification","valueRequired":true,"valueName":"search_term_string"}}],"inLanguage":"fr-FR"}]}},"wcpa_form_fields":null,"_links":{"self":[{"href":"https:\/\/brusselsketjep.com\/fr\/wp-json\/wp\/v2\/product\/388","targetHints":{"allow":["GET"]}}],"collection":[{"href":"https:\/\/brusselsketjep.com\/fr\/wp-json\/wp\/v2\/product"}],"about":[{"href":"https:\/\/brusselsketjep.com\/fr\/wp-json\/wp\/v2\/types\/product"}],"replies":[{"embeddable":true,"href":"https:\/\/brusselsketjep.com\/fr\/wp-json\/wp\/v2\/comments?post=388"}],"wp:featuredmedia":[{"embeddable":true,"href":"https:\/\/brusselsketjep.com\/fr\/wp-json\/wp\/v2\/media\/4458"}],"wp:attachment":[{"href":"https:\/\/brusselsketjep.com\/fr\/wp-json\/wp\/v2\/media?parent=388"}],"wp:term":[{"taxonomy":"product_brand","embeddable":true,"href":"https:\/\/brusselsketjep.com\/fr\/wp-json\/wp\/v2\/product_brand?post=388"},{"taxonomy":"product_cat","embeddable":true,"href":"https:\/\/brusselsketjep.com\/fr\/wp-json\/wp\/v2\/product_cat?post=388"},{"taxonomy":"product_tag","embeddable":true,"href":"https:\/\/brusselsketjep.com\/fr\/wp-json\/wp\/v2\/product_tag?post=388"}],"curies":[{"name":"wp","href":"https:\/\/api.w.org\/{rel}","templated":true}]}}