{"id":3857,"date":"2025-09-15T14:48:16","date_gmt":"2025-09-15T12:48:16","guid":{"rendered":"https:\/\/brusselsketjep.com\/?post_type=product&#038;p=3857"},"modified":"2026-03-18T19:35:17","modified_gmt":"2026-03-18T18:35:17","slug":"dallas-tee","status":"publish","type":"product","link":"https:\/\/brusselsketjep.com\/fr\/shop\/dallas-tee\/","title":{"rendered":"Dallas Tee"},"content":{"rendered":"<p>HS Code : 521120 \u2022 T-shirt en coton (70%) et polyester (30%)<\/p>\n","protected":false},"excerpt":{"rendered":"<p>Belgium, where Dallas is a sauce.<\/p>\n<p>Collection FW 2025 &#8211; 100 exemplaires<\/p>\n<p>Boxy fit (ample\u00a0et court), ultra l\u00e9ger et doux avec une \u00e9lasticit\u00e9 exceptionnelle.<\/p>\n","protected":false},"featured_media":3875,"comment_status":"open","ping_status":"closed","template":"","meta":{"_acf_changed":false},"product_brand":[],"product_cat":[67],"product_tag":[],"class_list":{"0":"post-3857","1":"product","2":"type-product","3":"status-publish","4":"has-post-thumbnail","6":"product_cat-merch","8":"first","9":"instock","10":"taxable","11":"shipping-taxable","12":"purchasable","13":"product-type-variable","14":"has-default-attributes"},"bundled_by":[],"bundle_stock_status":"instock","bundle_stock_quantity":null,"bundle_virtual":false,"bundle_layout":"","bundle_add_to_cart_form_location":"","bundle_editable_in_cart":false,"bundle_sold_individually_context":"","bundle_item_grouping":"","bundle_min_size":"","bundle_max_size":"","bundle_price":[],"bundled_items":[],"bundle_sell_ids":[],"acf":[],"yoast_head":"<!-- This site is optimized with the Yoast SEO plugin v27.4 - https:\/\/yoast.com\/product\/yoast-seo-wordpress\/ -->\n<title>Dallas Tee | Brussels Ketjep<\/title>\n<meta name=\"description\" content=\"Le T-shirt Brussels Ketjep DALLAS unisexe de haute qualit\u00e9, en \u00e9dition limit\u00e9e. Mod\u00e8le boxy, doux et \u00e9lastique. 70% coton - 30% polyester\" \/>\n<meta name=\"robots\" content=\"index, follow, max-snippet:-1, max-image-preview:large, max-video-preview:-1\" \/>\n<link rel=\"canonical\" href=\"https:\/\/brusselsketjep.com\/fr\/shop\/dallas-tee\/\" \/>\n<meta property=\"og:locale\" content=\"fr_FR\" \/>\n<meta property=\"og:type\" content=\"article\" \/>\n<meta property=\"og:title\" content=\"Dallas Tee | Brussels Ketjep\" \/>\n<meta property=\"og:description\" content=\"Le T-shirt Brussels Ketjep DALLAS unisexe de haute qualit\u00e9, en \u00e9dition limit\u00e9e. Mod\u00e8le boxy, doux et \u00e9lastique. 70% coton - 30% polyester\" \/>\n<meta property=\"og:url\" content=\"https:\/\/brusselsketjep.com\/fr\/shop\/dallas-tee\/\" \/>\n<meta property=\"og:site_name\" content=\"Brussels Ketjep\" \/>\n<meta property=\"article:modified_time\" content=\"2026-03-18T18:35:17+00:00\" \/>\n<meta property=\"og:image\" content=\"https:\/\/brusselsketjep.com\/wp-content\/uploads\/2025\/09\/dallas-tee-1022x1024.jpg\" \/>\n\t<meta property=\"og:image:width\" content=\"1022\" \/>\n\t<meta property=\"og:image:height\" content=\"1024\" \/>\n\t<meta property=\"og:image:type\" content=\"image\/jpeg\" \/>\n<meta name=\"twitter:card\" content=\"summary_large_image\" \/>\n<script type=\"application\/ld+json\" class=\"yoast-schema-graph\">{\"@context\":\"https:\\\/\\\/schema.org\",\"@graph\":[{\"@type\":\"WebPage\",\"@id\":\"https:\\\/\\\/brusselsketjep.com\\\/fr\\\/shop\\\/dallas-tee\\\/\",\"url\":\"https:\\\/\\\/brusselsketjep.com\\\/fr\\\/shop\\\/dallas-tee\\\/\",\"name\":\"Dallas Tee | Brussels Ketjep\",\"isPartOf\":{\"@id\":\"https:\\\/\\\/brusselsketjep.com\\\/#website\"},\"primaryImageOfPage\":{\"@id\":\"https:\\\/\\\/brusselsketjep.com\\\/fr\\\/shop\\\/dallas-tee\\\/#primaryimage\"},\"image\":{\"@id\":\"https:\\\/\\\/brusselsketjep.com\\\/fr\\\/shop\\\/dallas-tee\\\/#primaryimage\"},\"thumbnailUrl\":\"https:\\\/\\\/brusselsketjep.com\\\/wp-content\\\/uploads\\\/2025\\\/09\\\/dallas-tee.jpg\",\"datePublished\":\"2025-09-15T12:48:16+00:00\",\"dateModified\":\"2026-03-18T18:35:17+00:00\",\"description\":\"Le T-shirt Brussels Ketjep DALLAS unisexe de haute qualit\u00e9, en \u00e9dition limit\u00e9e. Mod\u00e8le boxy, doux et \u00e9lastique. 70% coton - 30% polyester\",\"breadcrumb\":{\"@id\":\"https:\\\/\\\/brusselsketjep.com\\\/fr\\\/shop\\\/dallas-tee\\\/#breadcrumb\"},\"inLanguage\":\"fr-FR\",\"potentialAction\":[{\"@type\":\"ReadAction\",\"target\":[\"https:\\\/\\\/brusselsketjep.com\\\/fr\\\/shop\\\/dallas-tee\\\/\"]}]},{\"@type\":\"ImageObject\",\"inLanguage\":\"fr-FR\",\"@id\":\"https:\\\/\\\/brusselsketjep.com\\\/fr\\\/shop\\\/dallas-tee\\\/#primaryimage\",\"url\":\"https:\\\/\\\/brusselsketjep.com\\\/wp-content\\\/uploads\\\/2025\\\/09\\\/dallas-tee.jpg\",\"contentUrl\":\"https:\\\/\\\/brusselsketjep.com\\\/wp-content\\\/uploads\\\/2025\\\/09\\\/dallas-tee.jpg\",\"width\":2036,\"height\":2039,\"caption\":\"Blue BK Dallas T-shirt, Dallas Belgium.\"},{\"@type\":\"BreadcrumbList\",\"@id\":\"https:\\\/\\\/brusselsketjep.com\\\/fr\\\/shop\\\/dallas-tee\\\/#breadcrumb\",\"itemListElement\":[{\"@type\":\"ListItem\",\"position\":1,\"name\":\"Home\",\"item\":\"https:\\\/\\\/brusselsketjep.com\\\/fr\\\/\"},{\"@type\":\"ListItem\",\"position\":2,\"name\":\"Boutique\",\"item\":\"https:\\\/\\\/brusselsketjep.com\\\/fr\\\/boutique\\\/\"},{\"@type\":\"ListItem\",\"position\":3,\"name\":\"Dallas Tee\"}]},{\"@type\":\"WebSite\",\"@id\":\"https:\\\/\\\/brusselsketjep.com\\\/#website\",\"url\":\"https:\\\/\\\/brusselsketjep.com\\\/\",\"name\":\"Brussels Ketjep\",\"description\":\"\",\"potentialAction\":[{\"@type\":\"SearchAction\",\"target\":{\"@type\":\"EntryPoint\",\"urlTemplate\":\"https:\\\/\\\/brusselsketjep.com\\\/?s={search_term_string}\"},\"query-input\":{\"@type\":\"PropertyValueSpecification\",\"valueRequired\":true,\"valueName\":\"search_term_string\"}}],\"inLanguage\":\"fr-FR\"}]}<\/script>\n<!-- \/ Yoast SEO plugin. -->","yoast_head_json":{"title":"Dallas Tee | Brussels Ketjep","description":"Le T-shirt Brussels Ketjep DALLAS unisexe de haute qualit\u00e9, en \u00e9dition limit\u00e9e. Mod\u00e8le boxy, doux et \u00e9lastique. 70% coton - 30% polyester","robots":{"index":"index","follow":"follow","max-snippet":"max-snippet:-1","max-image-preview":"max-image-preview:large","max-video-preview":"max-video-preview:-1"},"canonical":"https:\/\/brusselsketjep.com\/fr\/shop\/dallas-tee\/","og_locale":"fr_FR","og_type":"article","og_title":"Dallas Tee | Brussels Ketjep","og_description":"Le T-shirt Brussels Ketjep DALLAS unisexe de haute qualit\u00e9, en \u00e9dition limit\u00e9e. Mod\u00e8le boxy, doux et \u00e9lastique. 70% coton - 30% polyester","og_url":"https:\/\/brusselsketjep.com\/fr\/shop\/dallas-tee\/","og_site_name":"Brussels Ketjep","article_modified_time":"2026-03-18T18:35:17+00:00","og_image":[{"width":1022,"height":1024,"url":"https:\/\/brusselsketjep.com\/wp-content\/uploads\/2025\/09\/dallas-tee-1022x1024.jpg","type":"image\/jpeg"}],"twitter_card":"summary_large_image","schema":{"@context":"https:\/\/schema.org","@graph":[{"@type":"WebPage","@id":"https:\/\/brusselsketjep.com\/fr\/shop\/dallas-tee\/","url":"https:\/\/brusselsketjep.com\/fr\/shop\/dallas-tee\/","name":"Dallas Tee | Brussels Ketjep","isPartOf":{"@id":"https:\/\/brusselsketjep.com\/#website"},"primaryImageOfPage":{"@id":"https:\/\/brusselsketjep.com\/fr\/shop\/dallas-tee\/#primaryimage"},"image":{"@id":"https:\/\/brusselsketjep.com\/fr\/shop\/dallas-tee\/#primaryimage"},"thumbnailUrl":"https:\/\/brusselsketjep.com\/wp-content\/uploads\/2025\/09\/dallas-tee.jpg","datePublished":"2025-09-15T12:48:16+00:00","dateModified":"2026-03-18T18:35:17+00:00","description":"Le T-shirt Brussels Ketjep DALLAS unisexe de haute qualit\u00e9, en \u00e9dition limit\u00e9e. Mod\u00e8le boxy, doux et \u00e9lastique. 70% coton - 30% polyester","breadcrumb":{"@id":"https:\/\/brusselsketjep.com\/fr\/shop\/dallas-tee\/#breadcrumb"},"inLanguage":"fr-FR","potentialAction":[{"@type":"ReadAction","target":["https:\/\/brusselsketjep.com\/fr\/shop\/dallas-tee\/"]}]},{"@type":"ImageObject","inLanguage":"fr-FR","@id":"https:\/\/brusselsketjep.com\/fr\/shop\/dallas-tee\/#primaryimage","url":"https:\/\/brusselsketjep.com\/wp-content\/uploads\/2025\/09\/dallas-tee.jpg","contentUrl":"https:\/\/brusselsketjep.com\/wp-content\/uploads\/2025\/09\/dallas-tee.jpg","width":2036,"height":2039,"caption":"Blue BK Dallas T-shirt, Dallas Belgium."},{"@type":"BreadcrumbList","@id":"https:\/\/brusselsketjep.com\/fr\/shop\/dallas-tee\/#breadcrumb","itemListElement":[{"@type":"ListItem","position":1,"name":"Home","item":"https:\/\/brusselsketjep.com\/fr\/"},{"@type":"ListItem","position":2,"name":"Boutique","item":"https:\/\/brusselsketjep.com\/fr\/boutique\/"},{"@type":"ListItem","position":3,"name":"Dallas Tee"}]},{"@type":"WebSite","@id":"https:\/\/brusselsketjep.com\/#website","url":"https:\/\/brusselsketjep.com\/","name":"Brussels Ketjep","description":"","potentialAction":[{"@type":"SearchAction","target":{"@type":"EntryPoint","urlTemplate":"https:\/\/brusselsketjep.com\/?s={search_term_string}"},"query-input":{"@type":"PropertyValueSpecification","valueRequired":true,"valueName":"search_term_string"}}],"inLanguage":"fr-FR"}]}},"wcpa_form_fields":null,"_links":{"self":[{"href":"https:\/\/brusselsketjep.com\/fr\/wp-json\/wp\/v2\/product\/3857","targetHints":{"allow":["GET"]}}],"collection":[{"href":"https:\/\/brusselsketjep.com\/fr\/wp-json\/wp\/v2\/product"}],"about":[{"href":"https:\/\/brusselsketjep.com\/fr\/wp-json\/wp\/v2\/types\/product"}],"replies":[{"embeddable":true,"href":"https:\/\/brusselsketjep.com\/fr\/wp-json\/wp\/v2\/comments?post=3857"}],"wp:featuredmedia":[{"embeddable":true,"href":"https:\/\/brusselsketjep.com\/fr\/wp-json\/wp\/v2\/media\/3875"}],"wp:attachment":[{"href":"https:\/\/brusselsketjep.com\/fr\/wp-json\/wp\/v2\/media?parent=3857"}],"wp:term":[{"taxonomy":"product_brand","embeddable":true,"href":"https:\/\/brusselsketjep.com\/fr\/wp-json\/wp\/v2\/product_brand?post=3857"},{"taxonomy":"product_cat","embeddable":true,"href":"https:\/\/brusselsketjep.com\/fr\/wp-json\/wp\/v2\/product_cat?post=3857"},{"taxonomy":"product_tag","embeddable":true,"href":"https:\/\/brusselsketjep.com\/fr\/wp-json\/wp\/v2\/product_tag?post=3857"}],"curies":[{"name":"wp","href":"https:\/\/api.w.org\/{rel}","templated":true}]}}