{"id":381,"date":"2023-08-09T14:51:49","date_gmt":"2023-08-09T12:51:49","guid":{"rendered":"https:\/\/bk2023.brusselsketjep.com\/?post_type=product&#038;p=381"},"modified":"2026-03-02T12:17:48","modified_gmt":"2026-03-02T11:17:48","slug":"sauce-mayo","status":"publish","type":"product","link":"https:\/\/brusselsketjep.com\/fr\/shop\/sauce-mayo\/","title":{"rendered":"Mayo"},"content":{"rendered":"<p>HS Code : 21039090 \u2022 Mayonnaise<\/p>\n","protected":false},"excerpt":{"rendered":"<p>Cette Mayo respecte les proportions id\u00e9ales d\u2019huile, de moutarde et d\u2019\u0153ufs, ce qui en fait une des meilleures mayonnaises du pays, par pur respect de la tradition belge. La recette de la sauce a \u00e9t\u00e9 \u00e9lue par les 50 premiers clients restaurateurs de Brussels Ketjep, ce qui en fait une des sauces BK incontournables.<\/p>\n<p>Brussels Ketjep est cette ann\u00e9e encore partenaire commercial de la RBFA!<br \/>\nAlors, pour soutenir les Diables Rouges pour la Coupe du Monde 2026 en Am\u00e9rique &#8211; au pays du ketchup! &#8211; nous habillons nos pots de sauces made in Belgium des joueurs de l&rsquo;\u00e9quipe nationale belge. En commandant ce produit, recevez al\u00e9atoirement un des pots de sauce BK \u00e9dition Red Devils.<\/p>\n<p>Come on Belgium !<\/p>\n","protected":false},"featured_media":4437,"comment_status":"open","ping_status":"closed","template":"","meta":{"_acf_changed":false},"product_brand":[],"product_cat":[66],"product_tag":[71],"class_list":{"0":"post-381","1":"product","2":"type-product","3":"status-publish","4":"has-post-thumbnail","6":"product_cat-sauces","7":"product_tag-sauce-fr","8":"compo-convient-aux-femmes-enceintes","9":"compo-hallal","10":"compo-sans-gluten","12":"first","13":"instock","14":"taxable","15":"shipping-taxable","16":"purchasable","17":"product-type-simple"},"bundled_by":["408","441","472","1628","1697","1701","1707","1715","1737","2261","3623","3628","3633","3651","4022","4052","4054"],"bundle_stock_status":"instock","bundle_stock_quantity":null,"bundle_virtual":false,"bundle_layout":"","bundle_add_to_cart_form_location":"","bundle_editable_in_cart":false,"bundle_sold_individually_context":"","bundle_item_grouping":"","bundle_min_size":"","bundle_max_size":"","bundle_price":[],"bundled_items":[],"bundle_sell_ids":[],"acf":[],"yoast_head":"<!-- This site is optimized with the Yoast SEO plugin v27.4 - https:\/\/yoast.com\/product\/yoast-seo-wordpress\/ -->\n<title>Mayo | Brussels Ketjep<\/title>\n<meta name=\"description\" content=\"La recette de la sauce Mayo BK respecte la tradition belge et a \u00e9t\u00e9 \u00e9lue par 50 Chefs de resto. De quoi en faire une des meilleures mayonnaises du pays!\" \/>\n<meta name=\"robots\" content=\"index, follow, max-snippet:-1, max-image-preview:large, max-video-preview:-1\" \/>\n<link rel=\"canonical\" href=\"https:\/\/brusselsketjep.com\/fr\/shop\/sauce-mayo\/\" \/>\n<meta property=\"og:locale\" content=\"fr_FR\" \/>\n<meta property=\"og:type\" content=\"article\" \/>\n<meta property=\"og:title\" content=\"Mayo | Brussels Ketjep\" \/>\n<meta property=\"og:description\" content=\"La recette de la sauce Mayo BK respecte la tradition belge et a \u00e9t\u00e9 \u00e9lue par 50 Chefs de resto. De quoi en faire une des meilleures mayonnaises du pays!\" \/>\n<meta property=\"og:url\" content=\"https:\/\/brusselsketjep.com\/fr\/shop\/sauce-mayo\/\" \/>\n<meta property=\"og:site_name\" content=\"Brussels Ketjep\" \/>\n<meta property=\"article:modified_time\" content=\"2026-03-02T11:17:48+00:00\" \/>\n<meta property=\"og:image\" content=\"https:\/\/brusselsketjep.com\/wp-content\/uploads\/2023\/08\/mayo-front-1.jpg\" \/>\n\t<meta property=\"og:image:width\" content=\"2400\" \/>\n\t<meta property=\"og:image:height\" content=\"2400\" \/>\n\t<meta property=\"og:image:type\" content=\"image\/jpeg\" \/>\n<meta name=\"twitter:card\" content=\"summary_large_image\" \/>\n<script type=\"application\/ld+json\" class=\"yoast-schema-graph\">{\"@context\":\"https:\\\/\\\/schema.org\",\"@graph\":[{\"@type\":\"WebPage\",\"@id\":\"https:\\\/\\\/brusselsketjep.com\\\/fr\\\/shop\\\/sauce-mayo\\\/\",\"url\":\"https:\\\/\\\/brusselsketjep.com\\\/fr\\\/shop\\\/sauce-mayo\\\/\",\"name\":\"Mayo | Brussels Ketjep\",\"isPartOf\":{\"@id\":\"https:\\\/\\\/brusselsketjep.com\\\/#website\"},\"primaryImageOfPage\":{\"@id\":\"https:\\\/\\\/brusselsketjep.com\\\/fr\\\/shop\\\/sauce-mayo\\\/#primaryimage\"},\"image\":{\"@id\":\"https:\\\/\\\/brusselsketjep.com\\\/fr\\\/shop\\\/sauce-mayo\\\/#primaryimage\"},\"thumbnailUrl\":\"https:\\\/\\\/brusselsketjep.com\\\/wp-content\\\/uploads\\\/2023\\\/08\\\/mayo-front-1.jpg\",\"datePublished\":\"2023-08-09T12:51:49+00:00\",\"dateModified\":\"2026-03-02T11:17:48+00:00\",\"description\":\"La recette de la sauce Mayo BK respecte la tradition belge et a \u00e9t\u00e9 \u00e9lue par 50 Chefs de resto. De quoi en faire une des meilleures mayonnaises du pays!\",\"breadcrumb\":{\"@id\":\"https:\\\/\\\/brusselsketjep.com\\\/fr\\\/shop\\\/sauce-mayo\\\/#breadcrumb\"},\"inLanguage\":\"fr-FR\",\"potentialAction\":[{\"@type\":\"ReadAction\",\"target\":[\"https:\\\/\\\/brusselsketjep.com\\\/fr\\\/shop\\\/sauce-mayo\\\/\"]}]},{\"@type\":\"ImageObject\",\"inLanguage\":\"fr-FR\",\"@id\":\"https:\\\/\\\/brusselsketjep.com\\\/fr\\\/shop\\\/sauce-mayo\\\/#primaryimage\",\"url\":\"https:\\\/\\\/brusselsketjep.com\\\/wp-content\\\/uploads\\\/2023\\\/08\\\/mayo-front-1.jpg\",\"contentUrl\":\"https:\\\/\\\/brusselsketjep.com\\\/wp-content\\\/uploads\\\/2023\\\/08\\\/mayo-front-1.jpg\",\"width\":2400,\"height\":2400,\"caption\":\"Sauce Mayo 300 ml face avant sauce BK Thibaut Courtois Red Devils\"},{\"@type\":\"BreadcrumbList\",\"@id\":\"https:\\\/\\\/brusselsketjep.com\\\/fr\\\/shop\\\/sauce-mayo\\\/#breadcrumb\",\"itemListElement\":[{\"@type\":\"ListItem\",\"position\":1,\"name\":\"Home\",\"item\":\"https:\\\/\\\/brusselsketjep.com\\\/fr\\\/\"},{\"@type\":\"ListItem\",\"position\":2,\"name\":\"Boutique\",\"item\":\"https:\\\/\\\/brusselsketjep.com\\\/fr\\\/boutique\\\/\"},{\"@type\":\"ListItem\",\"position\":3,\"name\":\"Mayo\"}]},{\"@type\":\"WebSite\",\"@id\":\"https:\\\/\\\/brusselsketjep.com\\\/#website\",\"url\":\"https:\\\/\\\/brusselsketjep.com\\\/\",\"name\":\"Brussels Ketjep\",\"description\":\"\",\"potentialAction\":[{\"@type\":\"SearchAction\",\"target\":{\"@type\":\"EntryPoint\",\"urlTemplate\":\"https:\\\/\\\/brusselsketjep.com\\\/?s={search_term_string}\"},\"query-input\":{\"@type\":\"PropertyValueSpecification\",\"valueRequired\":true,\"valueName\":\"search_term_string\"}}],\"inLanguage\":\"fr-FR\"}]}<\/script>\n<!-- \/ Yoast SEO plugin. -->","yoast_head_json":{"title":"Mayo | Brussels Ketjep","description":"La recette de la sauce Mayo BK respecte la tradition belge et a \u00e9t\u00e9 \u00e9lue par 50 Chefs de resto. De quoi en faire une des meilleures mayonnaises du pays!","robots":{"index":"index","follow":"follow","max-snippet":"max-snippet:-1","max-image-preview":"max-image-preview:large","max-video-preview":"max-video-preview:-1"},"canonical":"https:\/\/brusselsketjep.com\/fr\/shop\/sauce-mayo\/","og_locale":"fr_FR","og_type":"article","og_title":"Mayo | Brussels Ketjep","og_description":"La recette de la sauce Mayo BK respecte la tradition belge et a \u00e9t\u00e9 \u00e9lue par 50 Chefs de resto. De quoi en faire une des meilleures mayonnaises du pays!","og_url":"https:\/\/brusselsketjep.com\/fr\/shop\/sauce-mayo\/","og_site_name":"Brussels Ketjep","article_modified_time":"2026-03-02T11:17:48+00:00","og_image":[{"width":2400,"height":2400,"url":"https:\/\/brusselsketjep.com\/wp-content\/uploads\/2023\/08\/mayo-front-1.jpg","type":"image\/jpeg"}],"twitter_card":"summary_large_image","schema":{"@context":"https:\/\/schema.org","@graph":[{"@type":"WebPage","@id":"https:\/\/brusselsketjep.com\/fr\/shop\/sauce-mayo\/","url":"https:\/\/brusselsketjep.com\/fr\/shop\/sauce-mayo\/","name":"Mayo | Brussels Ketjep","isPartOf":{"@id":"https:\/\/brusselsketjep.com\/#website"},"primaryImageOfPage":{"@id":"https:\/\/brusselsketjep.com\/fr\/shop\/sauce-mayo\/#primaryimage"},"image":{"@id":"https:\/\/brusselsketjep.com\/fr\/shop\/sauce-mayo\/#primaryimage"},"thumbnailUrl":"https:\/\/brusselsketjep.com\/wp-content\/uploads\/2023\/08\/mayo-front-1.jpg","datePublished":"2023-08-09T12:51:49+00:00","dateModified":"2026-03-02T11:17:48+00:00","description":"La recette de la sauce Mayo BK respecte la tradition belge et a \u00e9t\u00e9 \u00e9lue par 50 Chefs de resto. De quoi en faire une des meilleures mayonnaises du pays!","breadcrumb":{"@id":"https:\/\/brusselsketjep.com\/fr\/shop\/sauce-mayo\/#breadcrumb"},"inLanguage":"fr-FR","potentialAction":[{"@type":"ReadAction","target":["https:\/\/brusselsketjep.com\/fr\/shop\/sauce-mayo\/"]}]},{"@type":"ImageObject","inLanguage":"fr-FR","@id":"https:\/\/brusselsketjep.com\/fr\/shop\/sauce-mayo\/#primaryimage","url":"https:\/\/brusselsketjep.com\/wp-content\/uploads\/2023\/08\/mayo-front-1.jpg","contentUrl":"https:\/\/brusselsketjep.com\/wp-content\/uploads\/2023\/08\/mayo-front-1.jpg","width":2400,"height":2400,"caption":"Sauce Mayo 300 ml face avant sauce BK Thibaut Courtois Red Devils"},{"@type":"BreadcrumbList","@id":"https:\/\/brusselsketjep.com\/fr\/shop\/sauce-mayo\/#breadcrumb","itemListElement":[{"@type":"ListItem","position":1,"name":"Home","item":"https:\/\/brusselsketjep.com\/fr\/"},{"@type":"ListItem","position":2,"name":"Boutique","item":"https:\/\/brusselsketjep.com\/fr\/boutique\/"},{"@type":"ListItem","position":3,"name":"Mayo"}]},{"@type":"WebSite","@id":"https:\/\/brusselsketjep.com\/#website","url":"https:\/\/brusselsketjep.com\/","name":"Brussels Ketjep","description":"","potentialAction":[{"@type":"SearchAction","target":{"@type":"EntryPoint","urlTemplate":"https:\/\/brusselsketjep.com\/?s={search_term_string}"},"query-input":{"@type":"PropertyValueSpecification","valueRequired":true,"valueName":"search_term_string"}}],"inLanguage":"fr-FR"}]}},"wcpa_form_fields":null,"_links":{"self":[{"href":"https:\/\/brusselsketjep.com\/fr\/wp-json\/wp\/v2\/product\/381","targetHints":{"allow":["GET"]}}],"collection":[{"href":"https:\/\/brusselsketjep.com\/fr\/wp-json\/wp\/v2\/product"}],"about":[{"href":"https:\/\/brusselsketjep.com\/fr\/wp-json\/wp\/v2\/types\/product"}],"replies":[{"embeddable":true,"href":"https:\/\/brusselsketjep.com\/fr\/wp-json\/wp\/v2\/comments?post=381"}],"wp:featuredmedia":[{"embeddable":true,"href":"https:\/\/brusselsketjep.com\/fr\/wp-json\/wp\/v2\/media\/4437"}],"wp:attachment":[{"href":"https:\/\/brusselsketjep.com\/fr\/wp-json\/wp\/v2\/media?parent=381"}],"wp:term":[{"taxonomy":"product_brand","embeddable":true,"href":"https:\/\/brusselsketjep.com\/fr\/wp-json\/wp\/v2\/product_brand?post=381"},{"taxonomy":"product_cat","embeddable":true,"href":"https:\/\/brusselsketjep.com\/fr\/wp-json\/wp\/v2\/product_cat?post=381"},{"taxonomy":"product_tag","embeddable":true,"href":"https:\/\/brusselsketjep.com\/fr\/wp-json\/wp\/v2\/product_tag?post=381"}],"curies":[{"name":"wp","href":"https:\/\/api.w.org\/{rel}","templated":true}]}}