{"id":37,"date":"2023-03-27T11:22:03","date_gmt":"2023-03-27T09:22:03","guid":{"rendered":"https:\/\/brusselsketjep.com\/nv2023\/?post_type=product&#038;p=37"},"modified":"2026-03-02T12:18:25","modified_gmt":"2026-03-02T11:18:25","slug":"sauce-dallas","status":"publish","type":"product","link":"https:\/\/brusselsketjep.com\/fr\/shop\/sauce-dallas\/","title":{"rendered":"Dallas"},"content":{"rendered":"<p>HS Code : 21039090 \u2022 Sauce \u00e9mulsionn\u00e9e piquante aux oignons r\u00f4tis<\/p>\n","protected":false},"excerpt":{"rendered":"<p>La cultissime sauce Dallas traverse tous les univers de mani\u00e8re impitoyable. On la retrouve sur les frites, dans le burger, dans les moules, avec le steak tartare, sur les boulettes et m\u00eame sur des pizzas!<br \/>\nSa recette, inspir\u00e9e de la sauce sp\u00e9ciale des fritkots bruxellois, est \u00e0 la fois sucr\u00e9e, piquante et croquante. Avec son go\u00fbt d\u2019onions crispy, cette sauce BK reste la pr\u00e9f\u00e9r\u00e9e, quel que soit le pays d\u2019o\u00f9 l\u2019on vient.<\/p>\n<p>Brussels Ketjep est cette ann\u00e9e encore partenaire commercial de la RBFA!<br \/>\nAlors, pour soutenir les Diables Rouges pour la Coupe du Monde 2026 en Am\u00e9rique &#8211; au pays du ketchup! &#8211; nous habillons nos pots de sauces made in Belgium des joueurs de l&rsquo;\u00e9quipe nationale belge. En commandant ce produit, recevez al\u00e9atoirement un des pots de sauce BK \u00e9dition Red Devils.<\/p>\n<p>Come on Belgium !<\/p>\n","protected":false},"featured_media":4470,"comment_status":"open","ping_status":"closed","template":"","meta":{"_acf_changed":false},"product_brand":[],"product_cat":[15],"product_tag":[71],"class_list":{"0":"post-37","1":"product","2":"type-product","3":"status-publish","4":"has-post-thumbnail","6":"product_cat-non-classe","7":"product_tag-sauce-fr","8":"compo-convient-aux-femmes-enceintes","9":"compo-hallal","11":"first","12":"instock","13":"taxable","14":"shipping-taxable","15":"purchasable","16":"product-type-simple"},"bundled_by":["92","131","133","134","408","441","447","455","470","1628","1707","1715","1737","2261","3639","4022","4052","4054"],"bundle_stock_status":"instock","bundle_stock_quantity":null,"bundle_virtual":false,"bundle_layout":"","bundle_add_to_cart_form_location":"","bundle_editable_in_cart":false,"bundle_sold_individually_context":"","bundle_item_grouping":"","bundle_min_size":"","bundle_max_size":"","bundle_price":[],"bundled_items":[],"bundle_sell_ids":[],"acf":[],"yoast_head":"<!-- This site is optimized with the Yoast SEO plugin v27.4 - https:\/\/yoast.com\/product\/yoast-seo-wordpress\/ -->\n<title>Dallas | Brussels Ketjep<\/title>\n<meta name=\"description\" content=\"Sauce BK culte, la Dallas accompagne absolument TOUT. Inspir\u00e9e de la sauce sp\u00e9ciale des fritkots bruxellois, elle est sucr\u00e9e, piquante et croquante.\" \/>\n<meta name=\"robots\" content=\"index, follow, max-snippet:-1, max-image-preview:large, max-video-preview:-1\" \/>\n<link rel=\"canonical\" href=\"https:\/\/brusselsketjep.com\/fr\/shop\/sauce-dallas\/\" \/>\n<meta property=\"og:locale\" content=\"fr_FR\" \/>\n<meta property=\"og:type\" content=\"article\" \/>\n<meta property=\"og:title\" content=\"Dallas | Brussels Ketjep\" \/>\n<meta property=\"og:description\" content=\"Sauce BK culte, la Dallas accompagne absolument TOUT. Inspir\u00e9e de la sauce sp\u00e9ciale des fritkots bruxellois, elle est sucr\u00e9e, piquante et croquante.\" \/>\n<meta property=\"og:url\" content=\"https:\/\/brusselsketjep.com\/fr\/shop\/sauce-dallas\/\" \/>\n<meta property=\"og:site_name\" content=\"Brussels Ketjep\" \/>\n<meta property=\"article:modified_time\" content=\"2026-03-02T11:18:25+00:00\" \/>\n<meta property=\"og:image\" content=\"https:\/\/brusselsketjep.com\/wp-content\/uploads\/2023\/03\/dallas-front-2.jpg\" \/>\n\t<meta property=\"og:image:width\" content=\"2400\" \/>\n\t<meta property=\"og:image:height\" content=\"2400\" \/>\n\t<meta property=\"og:image:type\" content=\"image\/jpeg\" \/>\n<meta name=\"twitter:card\" content=\"summary_large_image\" \/>\n<script type=\"application\/ld+json\" class=\"yoast-schema-graph\">{\"@context\":\"https:\\\/\\\/schema.org\",\"@graph\":[{\"@type\":\"WebPage\",\"@id\":\"https:\\\/\\\/brusselsketjep.com\\\/fr\\\/shop\\\/sauce-dallas\\\/\",\"url\":\"https:\\\/\\\/brusselsketjep.com\\\/fr\\\/shop\\\/sauce-dallas\\\/\",\"name\":\"Dallas | Brussels Ketjep\",\"isPartOf\":{\"@id\":\"https:\\\/\\\/brusselsketjep.com\\\/#website\"},\"primaryImageOfPage\":{\"@id\":\"https:\\\/\\\/brusselsketjep.com\\\/fr\\\/shop\\\/sauce-dallas\\\/#primaryimage\"},\"image\":{\"@id\":\"https:\\\/\\\/brusselsketjep.com\\\/fr\\\/shop\\\/sauce-dallas\\\/#primaryimage\"},\"thumbnailUrl\":\"https:\\\/\\\/brusselsketjep.com\\\/wp-content\\\/uploads\\\/2023\\\/03\\\/dallas-front-2.jpg\",\"datePublished\":\"2023-03-27T09:22:03+00:00\",\"dateModified\":\"2026-03-02T11:18:25+00:00\",\"description\":\"Sauce BK culte, la Dallas accompagne absolument TOUT. Inspir\u00e9e de la sauce sp\u00e9ciale des fritkots bruxellois, elle est sucr\u00e9e, piquante et croquante.\",\"breadcrumb\":{\"@id\":\"https:\\\/\\\/brusselsketjep.com\\\/fr\\\/shop\\\/sauce-dallas\\\/#breadcrumb\"},\"inLanguage\":\"fr-FR\",\"potentialAction\":[{\"@type\":\"ReadAction\",\"target\":[\"https:\\\/\\\/brusselsketjep.com\\\/fr\\\/shop\\\/sauce-dallas\\\/\"]}]},{\"@type\":\"ImageObject\",\"inLanguage\":\"fr-FR\",\"@id\":\"https:\\\/\\\/brusselsketjep.com\\\/fr\\\/shop\\\/sauce-dallas\\\/#primaryimage\",\"url\":\"https:\\\/\\\/brusselsketjep.com\\\/wp-content\\\/uploads\\\/2023\\\/03\\\/dallas-front-2.jpg\",\"contentUrl\":\"https:\\\/\\\/brusselsketjep.com\\\/wp-content\\\/uploads\\\/2023\\\/03\\\/dallas-front-2.jpg\",\"width\":2400,\"height\":2400,\"caption\":\"Sauce BK Dallas 300 ml de Brussels Ketjep Face Avant J\u00e9r\u00e9my Doku Red Devils\"},{\"@type\":\"BreadcrumbList\",\"@id\":\"https:\\\/\\\/brusselsketjep.com\\\/fr\\\/shop\\\/sauce-dallas\\\/#breadcrumb\",\"itemListElement\":[{\"@type\":\"ListItem\",\"position\":1,\"name\":\"Home\",\"item\":\"https:\\\/\\\/brusselsketjep.com\\\/fr\\\/\"},{\"@type\":\"ListItem\",\"position\":2,\"name\":\"Boutique\",\"item\":\"https:\\\/\\\/brusselsketjep.com\\\/fr\\\/boutique\\\/\"},{\"@type\":\"ListItem\",\"position\":3,\"name\":\"Dallas\"}]},{\"@type\":\"WebSite\",\"@id\":\"https:\\\/\\\/brusselsketjep.com\\\/#website\",\"url\":\"https:\\\/\\\/brusselsketjep.com\\\/\",\"name\":\"Brussels Ketjep\",\"description\":\"\",\"potentialAction\":[{\"@type\":\"SearchAction\",\"target\":{\"@type\":\"EntryPoint\",\"urlTemplate\":\"https:\\\/\\\/brusselsketjep.com\\\/?s={search_term_string}\"},\"query-input\":{\"@type\":\"PropertyValueSpecification\",\"valueRequired\":true,\"valueName\":\"search_term_string\"}}],\"inLanguage\":\"fr-FR\"}]}<\/script>\n<!-- \/ Yoast SEO plugin. -->","yoast_head_json":{"title":"Dallas | Brussels Ketjep","description":"Sauce BK culte, la Dallas accompagne absolument TOUT. Inspir\u00e9e de la sauce sp\u00e9ciale des fritkots bruxellois, elle est sucr\u00e9e, piquante et croquante.","robots":{"index":"index","follow":"follow","max-snippet":"max-snippet:-1","max-image-preview":"max-image-preview:large","max-video-preview":"max-video-preview:-1"},"canonical":"https:\/\/brusselsketjep.com\/fr\/shop\/sauce-dallas\/","og_locale":"fr_FR","og_type":"article","og_title":"Dallas | Brussels Ketjep","og_description":"Sauce BK culte, la Dallas accompagne absolument TOUT. Inspir\u00e9e de la sauce sp\u00e9ciale des fritkots bruxellois, elle est sucr\u00e9e, piquante et croquante.","og_url":"https:\/\/brusselsketjep.com\/fr\/shop\/sauce-dallas\/","og_site_name":"Brussels Ketjep","article_modified_time":"2026-03-02T11:18:25+00:00","og_image":[{"width":2400,"height":2400,"url":"https:\/\/brusselsketjep.com\/wp-content\/uploads\/2023\/03\/dallas-front-2.jpg","type":"image\/jpeg"}],"twitter_card":"summary_large_image","schema":{"@context":"https:\/\/schema.org","@graph":[{"@type":"WebPage","@id":"https:\/\/brusselsketjep.com\/fr\/shop\/sauce-dallas\/","url":"https:\/\/brusselsketjep.com\/fr\/shop\/sauce-dallas\/","name":"Dallas | Brussels Ketjep","isPartOf":{"@id":"https:\/\/brusselsketjep.com\/#website"},"primaryImageOfPage":{"@id":"https:\/\/brusselsketjep.com\/fr\/shop\/sauce-dallas\/#primaryimage"},"image":{"@id":"https:\/\/brusselsketjep.com\/fr\/shop\/sauce-dallas\/#primaryimage"},"thumbnailUrl":"https:\/\/brusselsketjep.com\/wp-content\/uploads\/2023\/03\/dallas-front-2.jpg","datePublished":"2023-03-27T09:22:03+00:00","dateModified":"2026-03-02T11:18:25+00:00","description":"Sauce BK culte, la Dallas accompagne absolument TOUT. Inspir\u00e9e de la sauce sp\u00e9ciale des fritkots bruxellois, elle est sucr\u00e9e, piquante et croquante.","breadcrumb":{"@id":"https:\/\/brusselsketjep.com\/fr\/shop\/sauce-dallas\/#breadcrumb"},"inLanguage":"fr-FR","potentialAction":[{"@type":"ReadAction","target":["https:\/\/brusselsketjep.com\/fr\/shop\/sauce-dallas\/"]}]},{"@type":"ImageObject","inLanguage":"fr-FR","@id":"https:\/\/brusselsketjep.com\/fr\/shop\/sauce-dallas\/#primaryimage","url":"https:\/\/brusselsketjep.com\/wp-content\/uploads\/2023\/03\/dallas-front-2.jpg","contentUrl":"https:\/\/brusselsketjep.com\/wp-content\/uploads\/2023\/03\/dallas-front-2.jpg","width":2400,"height":2400,"caption":"Sauce BK Dallas 300 ml de Brussels Ketjep Face Avant J\u00e9r\u00e9my Doku Red Devils"},{"@type":"BreadcrumbList","@id":"https:\/\/brusselsketjep.com\/fr\/shop\/sauce-dallas\/#breadcrumb","itemListElement":[{"@type":"ListItem","position":1,"name":"Home","item":"https:\/\/brusselsketjep.com\/fr\/"},{"@type":"ListItem","position":2,"name":"Boutique","item":"https:\/\/brusselsketjep.com\/fr\/boutique\/"},{"@type":"ListItem","position":3,"name":"Dallas"}]},{"@type":"WebSite","@id":"https:\/\/brusselsketjep.com\/#website","url":"https:\/\/brusselsketjep.com\/","name":"Brussels Ketjep","description":"","potentialAction":[{"@type":"SearchAction","target":{"@type":"EntryPoint","urlTemplate":"https:\/\/brusselsketjep.com\/?s={search_term_string}"},"query-input":{"@type":"PropertyValueSpecification","valueRequired":true,"valueName":"search_term_string"}}],"inLanguage":"fr-FR"}]}},"wcpa_form_fields":null,"_links":{"self":[{"href":"https:\/\/brusselsketjep.com\/fr\/wp-json\/wp\/v2\/product\/37","targetHints":{"allow":["GET"]}}],"collection":[{"href":"https:\/\/brusselsketjep.com\/fr\/wp-json\/wp\/v2\/product"}],"about":[{"href":"https:\/\/brusselsketjep.com\/fr\/wp-json\/wp\/v2\/types\/product"}],"replies":[{"embeddable":true,"href":"https:\/\/brusselsketjep.com\/fr\/wp-json\/wp\/v2\/comments?post=37"}],"wp:featuredmedia":[{"embeddable":true,"href":"https:\/\/brusselsketjep.com\/fr\/wp-json\/wp\/v2\/media\/4470"}],"wp:attachment":[{"href":"https:\/\/brusselsketjep.com\/fr\/wp-json\/wp\/v2\/media?parent=37"}],"wp:term":[{"taxonomy":"product_brand","embeddable":true,"href":"https:\/\/brusselsketjep.com\/fr\/wp-json\/wp\/v2\/product_brand?post=37"},{"taxonomy":"product_cat","embeddable":true,"href":"https:\/\/brusselsketjep.com\/fr\/wp-json\/wp\/v2\/product_cat?post=37"},{"taxonomy":"product_tag","embeddable":true,"href":"https:\/\/brusselsketjep.com\/fr\/wp-json\/wp\/v2\/product_tag?post=37"}],"curies":[{"name":"wp","href":"https:\/\/api.w.org\/{rel}","templated":true}]}}