{"id":3651,"date":"2025-07-10T09:39:46","date_gmt":"2025-07-10T07:39:46","guid":{"rendered":"https:\/\/brusselsketjep.com\/?post_type=product&#038;p=3651"},"modified":"2026-04-10T15:51:02","modified_gmt":"2026-04-10T13:51:02","slug":"my-red-devils-box","status":"publish","type":"product","link":"https:\/\/brusselsketjep.com\/fr\/shop\/my-red-devils-box\/","title":{"rendered":"My Face on My sauce Box"},"content":{"rendered":"","protected":false},"excerpt":{"rendered":"<p>Deviens un Diable Rouge en mettant ta t\u00eate sur la sauce Red Devils! \ud83d\ude08\u00a0La box contient \u00e9galement une sauce Red Flames, un Ketjep, une Mayo ainsi qu&rsquo;un magnet exclusif.<\/p>\n<p>Comment faire pour devenir le fan supr\u00eame et recevoir ta box collector? Il te suffit d&rsquo;uploader ta photo, correspondant aux crit\u00e8res ci-dessous.<\/p>\n<p><strong>A noter :<\/strong> ce produit \u00e9tant personnalis\u00e9, il peut prendre 1 \u00e0 2 semaines avant de t&rsquo;\u00eatre livr\u00e9, avec l&rsquo;ensemble du reste de ta commande.<\/p>\n[embed]https:\/\/youtube.com\/shorts\/knQIemL4tuI?feature=share[\/embed]\n<p>Les photos ne correspondant pas aux exigences seront refus\u00e9es\u00a0et le produit rembours\u00e9.<\/p>\n<p style=\"font-weight: 400;\"><strong>Exigences Techniques<\/strong><\/p>\n<p><strong>\u2022 Format de fichier<\/strong>\u00a0: T\u00e9l\u00e9chargez votre photo en\u00a0<strong>JPEG<\/strong>\u00a0ou\u00a0<strong>PNG<\/strong>\u00a0uniquement.<br \/>\n<strong>\u2022 R\u00e9solution<\/strong>\u00a0: Utilisez une photo\u00a0<strong>nette<\/strong>\u00a0avec une\u00a0<strong>r\u00e9solution minimale de 300 DPI<\/strong>\u00a0(au moins 1200 x 1200 pixels). Les photos floues ou pixelis\u00e9es seront refus\u00e9es.<br \/>\n<strong>\u2022 \u00c9clairage<\/strong>\u00a0: Choisissez une photo\u00a0<strong>bien \u00e9clair\u00e9e<\/strong>, avec un \u00e9clairage naturel ou uniforme, sans ombres dures ni zones surexpos\u00e9es.<\/p>\n<p style=\"font-weight: 400;\"><strong>Composition de la Photo<\/strong><\/p>\n<p><strong>\u2022 Sujet<\/strong>\u00a0: La photo doit montrer\u00a0<strong>une seule personne<\/strong>, centr\u00e9e, avec le\u00a0<strong>haut du corps<\/strong>\u00a0(torse) bien visible. Assurez-vous que le\u00a0<strong>visage et la t\u00eate soient entiers<\/strong>\u00a0et non coup\u00e9s.<br \/>\n<strong>\u2022 Fond<\/strong>\u00a0: La photo est prise avec un\u00a0<strong>fond uni<\/strong>\u00a0ou simple mettant en valeur le sujet. Les arri\u00e8re-plans charg\u00e9s ne sont pas accept\u00e9s.<br \/>\n<strong>\u2022 Cadrage<\/strong>\u00a0: Le sujet doit \u00eatre\u00a0<strong>centr\u00e9<\/strong>\u00a0et entour\u00e9 d\u2019une marge suffisante.<\/p>\n<p style=\"font-weight: 400;\"><strong>Restrictions<\/strong><\/p>\n<p><strong>\u2022 Droits d\u2019utilisation<\/strong>\u00a0: Vous devez poss\u00e9der les\u00a0<strong>droits d\u2019utilisation<\/strong>\u00a0de la photo ou avoir l\u2019autorisation explicite de son propri\u00e9taire.<br \/>\n<strong>\u2022 Personnes connues<\/strong>\u00a0: La photo ne doit pas inclure de\u00a0<strong>personne connue<\/strong>\u00a0ou reconnaissable publiquement.<br \/>\n<strong>\u2022 Filtres<\/strong>\u00a0: Utilisez une photo en couleur et sans\u00a0<strong>filtre<\/strong>\u00a0ou effet (ex. noir et blanc, s\u00e9pia, filtre type Instagram).<\/p>\n","protected":false},"featured_media":4726,"comment_status":"open","ping_status":"closed","template":"","meta":{"_acf_changed":false},"product_brand":[],"product_cat":[15],"product_tag":[],"class_list":{"0":"post-3651","1":"product","2":"type-product","3":"status-publish","4":"has-post-thumbnail","6":"product_cat-non-classe","7":"compo-convient-aux-femmes-enceintes","8":"compo-hallal","9":"wcpa_has_options","11":"first","12":"instock","13":"sale","14":"virtual","15":"taxable","16":"purchasable","17":"product-type-bundle"},"bundled_by":[],"bundle_stock_status":"instock","bundle_stock_quantity":78,"bundle_virtual":false,"bundle_layout":"default","bundle_add_to_cart_form_location":"default","bundle_editable_in_cart":false,"bundle_sold_individually_context":"product","bundle_item_grouping":"parent","bundle_min_size":"","bundle_max_size":"","bundle_price":{"price":{"min":{"incl_tax":"15.9","excl_tax":"15"},"max":{"incl_tax":"15.9","excl_tax":"15"}},"regular_price":{"min":{"incl_tax":"17.56","excl_tax":"16.568"},"max":{"incl_tax":"17.56","excl_tax":"16.568"}}},"bundled_items":[{"bundled_item_id":770,"product_id":3638,"menu_order":0,"quantity_min":1,"quantity_max":1,"quantity_default":1,"priced_individually":true,"shipped_individually":false,"override_title":false,"title":"My Red Devils","override_description":false,"description":"","optional":false,"hide_thumbnail":false,"discount":"9.453","override_variations":false,"allowed_variations":[],"override_default_variation_attributes":false,"default_variation_attributes":[],"single_product_visibility":"hidden","cart_visibility":"hidden","order_visibility":"visible","single_product_price_visibility":"hidden","cart_price_visibility":"hidden","order_price_visibility":"visible","stock_status":"in_stock"},{"bundled_item_id":878,"product_id":4526,"menu_order":1,"quantity_min":1,"quantity_max":1,"quantity_default":1,"priced_individually":true,"shipped_individually":false,"override_title":false,"title":"RED FLAMES","override_description":false,"description":"","optional":false,"hide_thumbnail":false,"discount":"9.453","override_variations":false,"allowed_variations":[],"override_default_variation_attributes":false,"default_variation_attributes":[],"single_product_visibility":"hidden","cart_visibility":"hidden","order_visibility":"visible","single_product_price_visibility":"hidden","cart_price_visibility":"hidden","order_price_visibility":"visible","stock_status":"in_stock"},{"bundled_item_id":894,"product_id":332,"menu_order":2,"quantity_min":1,"quantity_max":1,"quantity_default":1,"priced_individually":true,"shipped_individually":false,"override_title":false,"title":"Ketjep","override_description":false,"description":"","optional":false,"hide_thumbnail":false,"discount":"9.453","override_variations":false,"allowed_variations":[],"override_default_variation_attributes":false,"default_variation_attributes":[],"single_product_visibility":"hidden","cart_visibility":"hidden","order_visibility":"visible","single_product_price_visibility":"hidden","cart_price_visibility":"hidden","order_price_visibility":"visible","stock_status":"in_stock"},{"bundled_item_id":768,"product_id":381,"menu_order":3,"quantity_min":1,"quantity_max":1,"quantity_default":1,"priced_individually":true,"shipped_individually":false,"override_title":false,"title":"Mayo","override_description":false,"description":"","optional":false,"hide_thumbnail":false,"discount":"9.453","override_variations":false,"allowed_variations":[],"override_default_variation_attributes":false,"default_variation_attributes":[],"single_product_visibility":"hidden","cart_visibility":"hidden","order_visibility":"visible","single_product_price_visibility":"hidden","cart_price_visibility":"hidden","order_price_visibility":"visible","stock_status":"in_stock"}],"bundle_sell_ids":[],"acf":[],"yoast_head":"<!-- This site is optimized with the Yoast SEO plugin v27.4 - https:\/\/yoast.com\/product\/yoast-seo-wordpress\/ -->\n<title>My Face on My sauce Box | Brussels Ketjep<\/title>\n<meta name=\"robots\" content=\"index, follow, max-snippet:-1, max-image-preview:large, max-video-preview:-1\" \/>\n<link rel=\"canonical\" href=\"https:\/\/brusselsketjep.com\/fr\/shop\/my-red-devils-box\/\" \/>\n<meta property=\"og:locale\" content=\"fr_FR\" \/>\n<meta property=\"og:type\" content=\"article\" \/>\n<meta property=\"og:title\" content=\"My Face on My sauce Box | Brussels Ketjep\" \/>\n<meta property=\"og:description\" content=\"Deviens un Diable Rouge en mettant ta t\u00eate sur la sauce Red Devils! \ud83d\ude08\u00a0La box contient \u00e9galement une sauce Red Flames, un Ketjep, une Mayo ainsi qu&#039;un magnet exclusif.  Comment faire pour devenir le fan supr\u00eame et recevoir ta box collector? Il te suffit d&#039;uploader ta photo, correspondant aux crit\u00e8res ci-dessous.  A noter : ce produit \u00e9tant personnalis\u00e9, il peut prendre 1 \u00e0 2 semaines avant de t&#039;\u00eatre livr\u00e9, avec l&#039;ensemble du reste de ta commande.    Les photos ne correspondant pas aux exigences seront refus\u00e9es\u00a0et le produit rembours\u00e9. Exigences Techniques \u2022 Format de fichier\u00a0: T\u00e9l\u00e9chargez votre photo en\u00a0JPEG\u00a0ou\u00a0PNG\u00a0uniquement. \u2022 R\u00e9solution\u00a0: Utilisez une photo\u00a0nette\u00a0avec une\u00a0r\u00e9solution minimale de 300 DPI\u00a0(au moins 1200 x 1200 pixels). Les photos floues ou pixelis\u00e9es seront refus\u00e9es. \u2022 \u00c9clairage\u00a0: Choisissez une photo\u00a0bien \u00e9clair\u00e9e, avec un \u00e9clairage naturel ou uniforme, sans ombres dures ni zones surexpos\u00e9es. Composition de la Photo \u2022 Sujet\u00a0: La photo doit montrer\u00a0une seule personne, centr\u00e9e, avec le\u00a0haut du corps\u00a0(torse) bien visible. Assurez-vous que le\u00a0visage et la t\u00eate soient entiers\u00a0et non coup\u00e9s. \u2022 Fond\u00a0: La photo est prise avec un\u00a0fond uni\u00a0ou simple mettant en valeur le sujet. Les arri\u00e8re-plans charg\u00e9s ne sont pas accept\u00e9s. \u2022 Cadrage\u00a0: Le sujet doit \u00eatre\u00a0centr\u00e9\u00a0et entour\u00e9 d\u2019une marge suffisante. Restrictions \u2022 Droits d\u2019utilisation\u00a0: Vous devez poss\u00e9der les\u00a0droits d\u2019utilisation\u00a0de la photo ou avoir l\u2019autorisation explicite de son propri\u00e9taire. \u2022 Personnes connues\u00a0: La photo ne doit pas inclure de\u00a0personne connue\u00a0ou reconnaissable publiquement. \u2022 Filtres\u00a0: Utilisez une photo en couleur et sans\u00a0filtre\u00a0ou effet (ex. noir et blanc, s\u00e9pia, filtre type Instagram).\" \/>\n<meta property=\"og:url\" content=\"https:\/\/brusselsketjep.com\/fr\/shop\/my-red-devils-box\/\" \/>\n<meta property=\"og:site_name\" content=\"Brussels Ketjep\" \/>\n<meta property=\"article:modified_time\" content=\"2026-04-10T13:51:02+00:00\" \/>\n<meta property=\"og:image\" content=\"https:\/\/brusselsketjep.com\/wp-content\/uploads\/2025\/07\/rd-simu-2026.jpg\" \/>\n\t<meta property=\"og:image:width\" content=\"2400\" \/>\n\t<meta property=\"og:image:height\" content=\"2400\" \/>\n\t<meta property=\"og:image:type\" content=\"image\/jpeg\" \/>\n<meta name=\"twitter:card\" content=\"summary_large_image\" \/>\n<script type=\"application\/ld+json\" class=\"yoast-schema-graph\">{\"@context\":\"https:\\\/\\\/schema.org\",\"@graph\":[{\"@type\":\"WebPage\",\"@id\":\"https:\\\/\\\/brusselsketjep.com\\\/fr\\\/shop\\\/my-red-devils-box\\\/\",\"url\":\"https:\\\/\\\/brusselsketjep.com\\\/fr\\\/shop\\\/my-red-devils-box\\\/\",\"name\":\"My Face on My sauce Box | Brussels Ketjep\",\"isPartOf\":{\"@id\":\"https:\\\/\\\/brusselsketjep.com\\\/#website\"},\"primaryImageOfPage\":{\"@id\":\"https:\\\/\\\/brusselsketjep.com\\\/fr\\\/shop\\\/my-red-devils-box\\\/#primaryimage\"},\"image\":{\"@id\":\"https:\\\/\\\/brusselsketjep.com\\\/fr\\\/shop\\\/my-red-devils-box\\\/#primaryimage\"},\"thumbnailUrl\":\"https:\\\/\\\/brusselsketjep.com\\\/wp-content\\\/uploads\\\/2025\\\/07\\\/rd-simu-2026.jpg\",\"datePublished\":\"2025-07-10T07:39:46+00:00\",\"dateModified\":\"2026-04-10T13:51:02+00:00\",\"breadcrumb\":{\"@id\":\"https:\\\/\\\/brusselsketjep.com\\\/fr\\\/shop\\\/my-red-devils-box\\\/#breadcrumb\"},\"inLanguage\":\"fr-FR\",\"potentialAction\":[{\"@type\":\"ReadAction\",\"target\":[\"https:\\\/\\\/brusselsketjep.com\\\/fr\\\/shop\\\/my-red-devils-box\\\/\"]}]},{\"@type\":\"ImageObject\",\"inLanguage\":\"fr-FR\",\"@id\":\"https:\\\/\\\/brusselsketjep.com\\\/fr\\\/shop\\\/my-red-devils-box\\\/#primaryimage\",\"url\":\"https:\\\/\\\/brusselsketjep.com\\\/wp-content\\\/uploads\\\/2025\\\/07\\\/rd-simu-2026.jpg\",\"contentUrl\":\"https:\\\/\\\/brusselsketjep.com\\\/wp-content\\\/uploads\\\/2025\\\/07\\\/rd-simu-2026.jpg\",\"width\":2400,\"height\":2400,\"caption\":\"Ta sauce Red Devils Brussels Ketjep : ta t\u00eate sur un pot de sauce, un cadeau bien belge !\"},{\"@type\":\"BreadcrumbList\",\"@id\":\"https:\\\/\\\/brusselsketjep.com\\\/fr\\\/shop\\\/my-red-devils-box\\\/#breadcrumb\",\"itemListElement\":[{\"@type\":\"ListItem\",\"position\":1,\"name\":\"Home\",\"item\":\"https:\\\/\\\/brusselsketjep.com\\\/fr\\\/\"},{\"@type\":\"ListItem\",\"position\":2,\"name\":\"Boutique\",\"item\":\"https:\\\/\\\/brusselsketjep.com\\\/fr\\\/boutique\\\/\"},{\"@type\":\"ListItem\",\"position\":3,\"name\":\"My Face on My sauce Box\"}]},{\"@type\":\"WebSite\",\"@id\":\"https:\\\/\\\/brusselsketjep.com\\\/#website\",\"url\":\"https:\\\/\\\/brusselsketjep.com\\\/\",\"name\":\"Brussels Ketjep\",\"description\":\"\",\"potentialAction\":[{\"@type\":\"SearchAction\",\"target\":{\"@type\":\"EntryPoint\",\"urlTemplate\":\"https:\\\/\\\/brusselsketjep.com\\\/?s={search_term_string}\"},\"query-input\":{\"@type\":\"PropertyValueSpecification\",\"valueRequired\":true,\"valueName\":\"search_term_string\"}}],\"inLanguage\":\"fr-FR\"}]}<\/script>\n<!-- \/ Yoast SEO plugin. -->","yoast_head_json":{"title":"My Face on My sauce Box | Brussels Ketjep","robots":{"index":"index","follow":"follow","max-snippet":"max-snippet:-1","max-image-preview":"max-image-preview:large","max-video-preview":"max-video-preview:-1"},"canonical":"https:\/\/brusselsketjep.com\/fr\/shop\/my-red-devils-box\/","og_locale":"fr_FR","og_type":"article","og_title":"My Face on My sauce Box | Brussels Ketjep","og_description":"Deviens un Diable Rouge en mettant ta t\u00eate sur la sauce Red Devils! \ud83d\ude08\u00a0La box contient \u00e9galement une sauce Red Flames, un Ketjep, une Mayo ainsi qu'un magnet exclusif.  Comment faire pour devenir le fan supr\u00eame et recevoir ta box collector? Il te suffit d'uploader ta photo, correspondant aux crit\u00e8res ci-dessous.  A noter : ce produit \u00e9tant personnalis\u00e9, il peut prendre 1 \u00e0 2 semaines avant de t'\u00eatre livr\u00e9, avec l'ensemble du reste de ta commande.    Les photos ne correspondant pas aux exigences seront refus\u00e9es\u00a0et le produit rembours\u00e9. Exigences Techniques \u2022 Format de fichier\u00a0: T\u00e9l\u00e9chargez votre photo en\u00a0JPEG\u00a0ou\u00a0PNG\u00a0uniquement. \u2022 R\u00e9solution\u00a0: Utilisez une photo\u00a0nette\u00a0avec une\u00a0r\u00e9solution minimale de 300 DPI\u00a0(au moins 1200 x 1200 pixels). Les photos floues ou pixelis\u00e9es seront refus\u00e9es. \u2022 \u00c9clairage\u00a0: Choisissez une photo\u00a0bien \u00e9clair\u00e9e, avec un \u00e9clairage naturel ou uniforme, sans ombres dures ni zones surexpos\u00e9es. Composition de la Photo \u2022 Sujet\u00a0: La photo doit montrer\u00a0une seule personne, centr\u00e9e, avec le\u00a0haut du corps\u00a0(torse) bien visible. Assurez-vous que le\u00a0visage et la t\u00eate soient entiers\u00a0et non coup\u00e9s. \u2022 Fond\u00a0: La photo est prise avec un\u00a0fond uni\u00a0ou simple mettant en valeur le sujet. Les arri\u00e8re-plans charg\u00e9s ne sont pas accept\u00e9s. \u2022 Cadrage\u00a0: Le sujet doit \u00eatre\u00a0centr\u00e9\u00a0et entour\u00e9 d\u2019une marge suffisante. Restrictions \u2022 Droits d\u2019utilisation\u00a0: Vous devez poss\u00e9der les\u00a0droits d\u2019utilisation\u00a0de la photo ou avoir l\u2019autorisation explicite de son propri\u00e9taire. \u2022 Personnes connues\u00a0: La photo ne doit pas inclure de\u00a0personne connue\u00a0ou reconnaissable publiquement. \u2022 Filtres\u00a0: Utilisez une photo en couleur et sans\u00a0filtre\u00a0ou effet (ex. noir et blanc, s\u00e9pia, filtre type Instagram).","og_url":"https:\/\/brusselsketjep.com\/fr\/shop\/my-red-devils-box\/","og_site_name":"Brussels Ketjep","article_modified_time":"2026-04-10T13:51:02+00:00","og_image":[{"width":2400,"height":2400,"url":"https:\/\/brusselsketjep.com\/wp-content\/uploads\/2025\/07\/rd-simu-2026.jpg","type":"image\/jpeg"}],"twitter_card":"summary_large_image","schema":{"@context":"https:\/\/schema.org","@graph":[{"@type":"WebPage","@id":"https:\/\/brusselsketjep.com\/fr\/shop\/my-red-devils-box\/","url":"https:\/\/brusselsketjep.com\/fr\/shop\/my-red-devils-box\/","name":"My Face on My sauce Box | Brussels Ketjep","isPartOf":{"@id":"https:\/\/brusselsketjep.com\/#website"},"primaryImageOfPage":{"@id":"https:\/\/brusselsketjep.com\/fr\/shop\/my-red-devils-box\/#primaryimage"},"image":{"@id":"https:\/\/brusselsketjep.com\/fr\/shop\/my-red-devils-box\/#primaryimage"},"thumbnailUrl":"https:\/\/brusselsketjep.com\/wp-content\/uploads\/2025\/07\/rd-simu-2026.jpg","datePublished":"2025-07-10T07:39:46+00:00","dateModified":"2026-04-10T13:51:02+00:00","breadcrumb":{"@id":"https:\/\/brusselsketjep.com\/fr\/shop\/my-red-devils-box\/#breadcrumb"},"inLanguage":"fr-FR","potentialAction":[{"@type":"ReadAction","target":["https:\/\/brusselsketjep.com\/fr\/shop\/my-red-devils-box\/"]}]},{"@type":"ImageObject","inLanguage":"fr-FR","@id":"https:\/\/brusselsketjep.com\/fr\/shop\/my-red-devils-box\/#primaryimage","url":"https:\/\/brusselsketjep.com\/wp-content\/uploads\/2025\/07\/rd-simu-2026.jpg","contentUrl":"https:\/\/brusselsketjep.com\/wp-content\/uploads\/2025\/07\/rd-simu-2026.jpg","width":2400,"height":2400,"caption":"Ta sauce Red Devils Brussels Ketjep : ta t\u00eate sur un pot de sauce, un cadeau bien belge !"},{"@type":"BreadcrumbList","@id":"https:\/\/brusselsketjep.com\/fr\/shop\/my-red-devils-box\/#breadcrumb","itemListElement":[{"@type":"ListItem","position":1,"name":"Home","item":"https:\/\/brusselsketjep.com\/fr\/"},{"@type":"ListItem","position":2,"name":"Boutique","item":"https:\/\/brusselsketjep.com\/fr\/boutique\/"},{"@type":"ListItem","position":3,"name":"My Face on My sauce Box"}]},{"@type":"WebSite","@id":"https:\/\/brusselsketjep.com\/#website","url":"https:\/\/brusselsketjep.com\/","name":"Brussels Ketjep","description":"","potentialAction":[{"@type":"SearchAction","target":{"@type":"EntryPoint","urlTemplate":"https:\/\/brusselsketjep.com\/?s={search_term_string}"},"query-input":{"@type":"PropertyValueSpecification","valueRequired":true,"valueName":"search_term_string"}}],"inLanguage":"fr-FR"}]}},"wcpa_form_fields":{"wcpaData":{"product":{"product_price":15.9,"price_html":"<del aria-hidden=\"true\"><span class=\"woocommerce-Price-amount amount\"><bdi>17,56<span class=\"woocommerce-Price-currencySymbol\">&euro;<\/span><\/bdi><\/span><\/del> <span class=\"screen-reader-text\">Le prix initial \u00e9tait\u00a0: 17,56&euro;.<\/span><ins aria-hidden=\"true\"><span class=\"woocommerce-Price-amount amount\"><bdi>15,90<span class=\"woocommerce-Price-currencySymbol\">&euro;<\/span><\/bdi><\/span><\/ins><span class=\"screen-reader-text\">Le prix actuel est\u00a0: 15,90&euro;.<\/span>","original_product_price":17.56,"price_including_tax":0,"price_excluding_tax":0,"product_id":{"parent":3651,"variation":false},"is_variable":false,"stock_status":"instock","stock_quantity":null,"parent_sku":"","product_attributes":[],"custom_fields":[],"is_taxable":true,"product_name":"My Face on My sauce Box","hasImage":false},"fields":{"sec_3686cee9149af0":{"extra":{"key":"sec_3686cee9149af0","section_id":"sec_3686cee9149af0","name":"Default","status":1,"cl_rule":"show","enableCl":false,"relations":[],"toggle":true,"title_tag":"h3","show_title":false,"showPrice":"default","form_id":3626,"form_rules":{"exclude_from_discount":false,"fee_label":"Fee","disp_hide_options_price":false,"disp_show_section_price":false,"disp_show_field_price":true,"layout_option":"standard","pric_use_as_fee":false,"process_fee_as":"woo_fee"},"layout_option":"standard"},"fields":[[{"active":true,"col":6,"relations":[{"operator":false,"rules":[{"operator":"AND","rules":{"cl_field":"checkbox_1493659331","cl_relation":"is","cl_val":true}}]}],"cl_rule":"show","enableCl":false,"price":"","enablePrice":false,"className":"","label_position":"default","desc_position":"default","type":"file","required":true,"elementId":"file_9694328431","name":"file_9694328431","label":"T\u00e9l\u00e9charger votre image","upload_type":"ajax","uploadSize":"20","file_types":["images"],"error":false,"isWeightTemplate":false,"isTemplate":false,"min_quantity":"1","quantity_decimal":false,"quantity_step":"1","quantity_label":"Quantity","repeater_field_label":"{field_label}","repeater_bind":"","exts_supported":["jpg","jpeg","png"],"allowedFileTypes":".jpg,.jpeg,.png,image\/*","gt_translate_keys":["label","repeater_field_label","quantity_label"],"price_dependency":false,"cl_dependency":false,"value":""}],[{"active":true,"col":6,"relations":false,"cl_rule":"show","enableCl":false,"price":"","enablePrice":false,"className":"divinfo","label_position":"default","desc_position":"default","type":"checkbox","required":true,"elementId":"checkbox_1493659331","label":"Je reconnais respecter les conditions de d\u00e9p\u00f4t d'image et avoir v\u00e9rifi\u00e9 que mon image correspond aux pr\u00e9-requis \u00e9nonc\u00e9s. ","name":"checkbox_1493659331","value":"","check_value":"Yes","checkUi":"","error":false,"hideFieldIn_cart":false,"hideFieldIn_order":false,"isWeightTemplate":false,"isTemplate":false,"min_quantity":"1","quantity_decimal":false,"quantity_step":"1","quantity_label":"Quantity","repeater_field_label":"{field_label}","repeater_bind":"","gt_translate_keys":["label","value","repeater_field_label","quantity_label","check_value"],"price_dependency":false,"cl_dependency":false}]]}},"config":{"price_override":"","enable_recaptcha":false,"bind_quantity":false,"quantity_bind_formula":false,"disp_summ_show_option_price":true,"disp_summ_show_product_price":true,"disp_summ_show_total_price":true,"disp_summ_show_fee":false,"disp_summ_show_discount":false,"summary_title":"","options_total_label":"Options Price","total_label":"Total","options_product_label":"Product Price","fee_label":"Fee","discount_label":"Discount","has_price":true,"has_quantity_formula":false},"mc_unit":1,"tax_rate":1,"tax_rate_real":0.21,"discount":{"percentage":0,"fixed":0},"design":{"conf":{"LabelPosition":"above","DescPosition":"above","UploadField":"custom_1","QuantityFieldStyle":"default"},"css":{"LeftLabelWidth":"120px"}},"formulas":[],"lookuptables":[],"clones":false,"cartKey":false}},"_links":{"self":[{"href":"https:\/\/brusselsketjep.com\/fr\/wp-json\/wp\/v2\/product\/3651","targetHints":{"allow":["GET"]}}],"collection":[{"href":"https:\/\/brusselsketjep.com\/fr\/wp-json\/wp\/v2\/product"}],"about":[{"href":"https:\/\/brusselsketjep.com\/fr\/wp-json\/wp\/v2\/types\/product"}],"replies":[{"embeddable":true,"href":"https:\/\/brusselsketjep.com\/fr\/wp-json\/wp\/v2\/comments?post=3651"}],"wp:featuredmedia":[{"embeddable":true,"href":"https:\/\/brusselsketjep.com\/fr\/wp-json\/wp\/v2\/media\/4726"}],"wp:attachment":[{"href":"https:\/\/brusselsketjep.com\/fr\/wp-json\/wp\/v2\/media?parent=3651"}],"wp:term":[{"taxonomy":"product_brand","embeddable":true,"href":"https:\/\/brusselsketjep.com\/fr\/wp-json\/wp\/v2\/product_brand?post=3651"},{"taxonomy":"product_cat","embeddable":true,"href":"https:\/\/brusselsketjep.com\/fr\/wp-json\/wp\/v2\/product_cat?post=3651"},{"taxonomy":"product_tag","embeddable":true,"href":"https:\/\/brusselsketjep.com\/fr\/wp-json\/wp\/v2\/product_tag?post=3651"}],"curies":[{"name":"wp","href":"https:\/\/api.w.org\/{rel}","templated":true}]}}