{"id":1850,"date":"2023-11-30T11:00:20","date_gmt":"2023-11-30T10:00:20","guid":{"rendered":"https:\/\/www.brusselsketjep.com\/?post_type=product&#038;p=1850"},"modified":"2024-12-05T16:09:04","modified_gmt":"2024-12-05T15:09:04","slug":"paradox-bxl-ketjep-tee","status":"publish","type":"product","link":"https:\/\/brusselsketjep.com\/fr\/shop\/paradox-bxl-ketjep-tee\/","title":{"rendered":"Paradox BXL Ketjep Tee"},"content":{"rendered":"<p>HS Code : 61091000 \u2022 T-shirt en coton<\/p>\n","protected":false},"excerpt":{"rendered":"<p>Paradox Brussels et Brussels Ketjep ont unis leurs forces pour lancer une collab en \u00e9dition limit\u00e9e. Mettez du piment dans votre garde-robe et votre frigo gr\u00e2ce \u00e0 cette fusion de style et de go\u00fbt.<\/p>\n<p>D\u00e9couvrez ici le Paradox BXL Ketjep Tee : 100 % coton \u2022 180 gr\/m\u00b2 \u2022 S\u00e9rigraphie<\/p>\n","protected":false},"featured_media":1786,"comment_status":"closed","ping_status":"closed","template":"","meta":{"_acf_changed":false},"product_brand":[],"product_cat":[67,15,118],"product_tag":[],"class_list":{"0":"post-1850","1":"product","2":"type-product","3":"status-publish","4":"has-post-thumbnail","6":"product_cat-merch","7":"product_cat-non-classe","8":"product_cat-paradox-merch","10":"first","11":"outofstock","12":"taxable","13":"shipping-taxable","14":"purchasable","15":"product-type-variable","16":"has-default-attributes"},"bundled_by":[],"bundle_stock_status":"outofstock","bundle_stock_quantity":null,"bundle_virtual":false,"bundle_layout":"","bundle_add_to_cart_form_location":"","bundle_editable_in_cart":false,"bundle_sold_individually_context":"","bundle_item_grouping":"","bundle_min_size":"","bundle_max_size":"","bundle_price":[],"bundled_items":[],"bundle_sell_ids":[],"acf":[],"yoast_head":"<!-- This site is optimized with the Yoast SEO plugin v27.5 - https:\/\/yoast.com\/product\/yoast-seo-wordpress\/ -->\n<title>Paradox BXL Ketjep Tee | Brussels Ketjep<\/title>\n<meta name=\"description\" content=\"Le Paradox BXL Ketjep Tee au logo tout en sauce est issu de la collaboration entre les deux marques bruxelloises, en \u00e9dition limit\u00e9e.\" \/>\n<meta name=\"robots\" content=\"index, follow, max-snippet:-1, max-image-preview:large, max-video-preview:-1\" \/>\n<link rel=\"canonical\" href=\"https:\/\/brusselsketjep.com\/shop\/paradox-bxl-ketjep-tee\/\" \/>\n<meta property=\"og:locale\" content=\"fr_FR\" \/>\n<meta property=\"og:type\" content=\"article\" \/>\n<meta property=\"og:title\" content=\"Paradox BXL Ketjep Tee | Brussels Ketjep\" \/>\n<meta property=\"og:description\" content=\"Le Paradox BXL Ketjep Tee au logo tout en sauce est issu de la collaboration entre les deux marques bruxelloises, en \u00e9dition limit\u00e9e.\" \/>\n<meta property=\"og:url\" content=\"https:\/\/brusselsketjep.com\/shop\/paradox-bxl-ketjep-tee\/\" \/>\n<meta property=\"og:site_name\" content=\"Brussels Ketjep\" \/>\n<meta property=\"article:modified_time\" content=\"2024-12-05T15:09:04+00:00\" \/>\n<meta property=\"og:image\" content=\"https:\/\/brusselsketjep.com\/wp-content\/uploads\/2023\/11\/tee-blanc-sauce-b.png\" \/>\n\t<meta property=\"og:image:width\" content=\"1080\" \/>\n\t<meta property=\"og:image:height\" content=\"1080\" \/>\n\t<meta property=\"og:image:type\" content=\"image\/png\" \/>\n<meta name=\"twitter:card\" content=\"summary_large_image\" \/>\n<script type=\"application\/ld+json\" class=\"yoast-schema-graph\">{\"@context\":\"https:\\\/\\\/schema.org\",\"@graph\":[{\"@type\":\"WebPage\",\"@id\":\"https:\\\/\\\/brusselsketjep.com\\\/shop\\\/paradox-bxl-ketjep-tee\\\/\",\"url\":\"https:\\\/\\\/brusselsketjep.com\\\/shop\\\/paradox-bxl-ketjep-tee\\\/\",\"name\":\"Paradox BXL Ketjep Tee | Brussels Ketjep\",\"isPartOf\":{\"@id\":\"https:\\\/\\\/brusselsketjep.com\\\/#website\"},\"primaryImageOfPage\":{\"@id\":\"https:\\\/\\\/brusselsketjep.com\\\/shop\\\/paradox-bxl-ketjep-tee\\\/#primaryimage\"},\"image\":{\"@id\":\"https:\\\/\\\/brusselsketjep.com\\\/shop\\\/paradox-bxl-ketjep-tee\\\/#primaryimage\"},\"thumbnailUrl\":\"https:\\\/\\\/brusselsketjep.com\\\/wp-content\\\/uploads\\\/2023\\\/11\\\/tee-blanc-sauce-b.png\",\"datePublished\":\"2023-11-30T10:00:20+00:00\",\"dateModified\":\"2024-12-05T15:09:04+00:00\",\"description\":\"Le Paradox BXL Ketjep Tee au logo tout en sauce est issu de la collaboration entre les deux marques bruxelloises, en \u00e9dition limit\u00e9e.\",\"breadcrumb\":{\"@id\":\"https:\\\/\\\/brusselsketjep.com\\\/shop\\\/paradox-bxl-ketjep-tee\\\/#breadcrumb\"},\"inLanguage\":\"fr-FR\",\"potentialAction\":[{\"@type\":\"ReadAction\",\"target\":[\"https:\\\/\\\/brusselsketjep.com\\\/shop\\\/paradox-bxl-ketjep-tee\\\/\"]}]},{\"@type\":\"ImageObject\",\"inLanguage\":\"fr-FR\",\"@id\":\"https:\\\/\\\/brusselsketjep.com\\\/shop\\\/paradox-bxl-ketjep-tee\\\/#primaryimage\",\"url\":\"https:\\\/\\\/brusselsketjep.com\\\/wp-content\\\/uploads\\\/2023\\\/11\\\/tee-blanc-sauce-b.png\",\"contentUrl\":\"https:\\\/\\\/brusselsketjep.com\\\/wp-content\\\/uploads\\\/2023\\\/11\\\/tee-blanc-sauce-b.png\",\"width\":1080,\"height\":1080,\"caption\":\"Paradox BXL Ketjep Tee Arri\u00e8re Collab Brussels Ketjep X Paradox Brussels\"},{\"@type\":\"BreadcrumbList\",\"@id\":\"https:\\\/\\\/brusselsketjep.com\\\/shop\\\/paradox-bxl-ketjep-tee\\\/#breadcrumb\",\"itemListElement\":[{\"@type\":\"ListItem\",\"position\":1,\"name\":\"Home\",\"item\":\"https:\\\/\\\/brusselsketjep.com\\\/fr\\\/\"},{\"@type\":\"ListItem\",\"position\":2,\"name\":\"Boutique\",\"item\":\"https:\\\/\\\/brusselsketjep.com\\\/fr\\\/boutique\\\/\"},{\"@type\":\"ListItem\",\"position\":3,\"name\":\"Paradox BXL Ketjep Tee\"}]},{\"@type\":\"WebSite\",\"@id\":\"https:\\\/\\\/brusselsketjep.com\\\/#website\",\"url\":\"https:\\\/\\\/brusselsketjep.com\\\/\",\"name\":\"Brussels Ketjep\",\"description\":\"\",\"potentialAction\":[{\"@type\":\"SearchAction\",\"target\":{\"@type\":\"EntryPoint\",\"urlTemplate\":\"https:\\\/\\\/brusselsketjep.com\\\/?s={search_term_string}\"},\"query-input\":{\"@type\":\"PropertyValueSpecification\",\"valueRequired\":true,\"valueName\":\"search_term_string\"}}],\"inLanguage\":\"fr-FR\"}]}<\/script>\n<!-- \/ Yoast SEO plugin. -->","yoast_head_json":{"title":"Paradox BXL Ketjep Tee | Brussels Ketjep","description":"Le Paradox BXL Ketjep Tee au logo tout en sauce est issu de la collaboration entre les deux marques bruxelloises, en \u00e9dition limit\u00e9e.","robots":{"index":"index","follow":"follow","max-snippet":"max-snippet:-1","max-image-preview":"max-image-preview:large","max-video-preview":"max-video-preview:-1"},"canonical":"https:\/\/brusselsketjep.com\/shop\/paradox-bxl-ketjep-tee\/","og_locale":"fr_FR","og_type":"article","og_title":"Paradox BXL Ketjep Tee | Brussels Ketjep","og_description":"Le Paradox BXL Ketjep Tee au logo tout en sauce est issu de la collaboration entre les deux marques bruxelloises, en \u00e9dition limit\u00e9e.","og_url":"https:\/\/brusselsketjep.com\/shop\/paradox-bxl-ketjep-tee\/","og_site_name":"Brussels Ketjep","article_modified_time":"2024-12-05T15:09:04+00:00","og_image":[{"width":1080,"height":1080,"url":"https:\/\/brusselsketjep.com\/wp-content\/uploads\/2023\/11\/tee-blanc-sauce-b.png","type":"image\/png"}],"twitter_card":"summary_large_image","schema":{"@context":"https:\/\/schema.org","@graph":[{"@type":"WebPage","@id":"https:\/\/brusselsketjep.com\/shop\/paradox-bxl-ketjep-tee\/","url":"https:\/\/brusselsketjep.com\/shop\/paradox-bxl-ketjep-tee\/","name":"Paradox BXL Ketjep Tee | Brussels Ketjep","isPartOf":{"@id":"https:\/\/brusselsketjep.com\/#website"},"primaryImageOfPage":{"@id":"https:\/\/brusselsketjep.com\/shop\/paradox-bxl-ketjep-tee\/#primaryimage"},"image":{"@id":"https:\/\/brusselsketjep.com\/shop\/paradox-bxl-ketjep-tee\/#primaryimage"},"thumbnailUrl":"https:\/\/brusselsketjep.com\/wp-content\/uploads\/2023\/11\/tee-blanc-sauce-b.png","datePublished":"2023-11-30T10:00:20+00:00","dateModified":"2024-12-05T15:09:04+00:00","description":"Le Paradox BXL Ketjep Tee au logo tout en sauce est issu de la collaboration entre les deux marques bruxelloises, en \u00e9dition limit\u00e9e.","breadcrumb":{"@id":"https:\/\/brusselsketjep.com\/shop\/paradox-bxl-ketjep-tee\/#breadcrumb"},"inLanguage":"fr-FR","potentialAction":[{"@type":"ReadAction","target":["https:\/\/brusselsketjep.com\/shop\/paradox-bxl-ketjep-tee\/"]}]},{"@type":"ImageObject","inLanguage":"fr-FR","@id":"https:\/\/brusselsketjep.com\/shop\/paradox-bxl-ketjep-tee\/#primaryimage","url":"https:\/\/brusselsketjep.com\/wp-content\/uploads\/2023\/11\/tee-blanc-sauce-b.png","contentUrl":"https:\/\/brusselsketjep.com\/wp-content\/uploads\/2023\/11\/tee-blanc-sauce-b.png","width":1080,"height":1080,"caption":"Paradox BXL Ketjep Tee Arri\u00e8re Collab Brussels Ketjep X Paradox Brussels"},{"@type":"BreadcrumbList","@id":"https:\/\/brusselsketjep.com\/shop\/paradox-bxl-ketjep-tee\/#breadcrumb","itemListElement":[{"@type":"ListItem","position":1,"name":"Home","item":"https:\/\/brusselsketjep.com\/fr\/"},{"@type":"ListItem","position":2,"name":"Boutique","item":"https:\/\/brusselsketjep.com\/fr\/boutique\/"},{"@type":"ListItem","position":3,"name":"Paradox BXL Ketjep Tee"}]},{"@type":"WebSite","@id":"https:\/\/brusselsketjep.com\/#website","url":"https:\/\/brusselsketjep.com\/","name":"Brussels Ketjep","description":"","potentialAction":[{"@type":"SearchAction","target":{"@type":"EntryPoint","urlTemplate":"https:\/\/brusselsketjep.com\/?s={search_term_string}"},"query-input":{"@type":"PropertyValueSpecification","valueRequired":true,"valueName":"search_term_string"}}],"inLanguage":"fr-FR"}]}},"wcpa_form_fields":null,"_links":{"self":[{"href":"https:\/\/brusselsketjep.com\/fr\/wp-json\/wp\/v2\/product\/1850","targetHints":{"allow":["GET"]}}],"collection":[{"href":"https:\/\/brusselsketjep.com\/fr\/wp-json\/wp\/v2\/product"}],"about":[{"href":"https:\/\/brusselsketjep.com\/fr\/wp-json\/wp\/v2\/types\/product"}],"replies":[{"embeddable":true,"href":"https:\/\/brusselsketjep.com\/fr\/wp-json\/wp\/v2\/comments?post=1850"}],"wp:featuredmedia":[{"embeddable":true,"href":"https:\/\/brusselsketjep.com\/fr\/wp-json\/wp\/v2\/media\/1786"}],"wp:attachment":[{"href":"https:\/\/brusselsketjep.com\/fr\/wp-json\/wp\/v2\/media?parent=1850"}],"wp:term":[{"taxonomy":"product_brand","embeddable":true,"href":"https:\/\/brusselsketjep.com\/fr\/wp-json\/wp\/v2\/product_brand?post=1850"},{"taxonomy":"product_cat","embeddable":true,"href":"https:\/\/brusselsketjep.com\/fr\/wp-json\/wp\/v2\/product_cat?post=1850"},{"taxonomy":"product_tag","embeddable":true,"href":"https:\/\/brusselsketjep.com\/fr\/wp-json\/wp\/v2\/product_tag?post=1850"}],"curies":[{"name":"wp","href":"https:\/\/api.w.org\/{rel}","templated":true}]}}