{"id":967,"date":"2023-10-10T17:01:06","date_gmt":"2023-10-10T15:01:06","guid":{"rendered":"https:\/\/bk2023.brusselsketjep.com\/?page_id=967"},"modified":"2025-09-24T12:11:52","modified_gmt":"2025-09-24T10:11:52","slug":"newsletter","status":"publish","type":"page","link":"https:\/\/brusselsketjep.com\/fr\/newsletter\/","title":{"rendered":"Newsletter"},"content":{"rendered":"<div id=\"mc_embed_shell\">\n<style type=\"text\/css\">\n        #mc_embed_signup{background:#fff; false;clear:left; width: 750px;}<br \/>        \/* Add your own Mailchimp form style overrides in your site stylesheet or in this style block.<br \/>           We recommend moving this block and the preceding CSS link to the HEAD of your HTML file. *\/<br \/><\/style>\n<style type=\"text\/css\">\n        #mc-embedded-subscribe-form input[type=checkbox]{display: inline; width: auto;margin-right: 10px;}<br \/>#mergeRow-gdpr {margin-top: 20px;}<br \/>#mergeRow-gdpr fieldset label {font-weight: normal;}<br \/>#mc-embedded-subscribe-form .mc_fieldset{border:none;min-height: 0px;padding-bottom:0px;}<br \/><\/style>\n<div id=\"mc_embed_signup\">\n<form id=\"mc-embedded-subscribe-form\" class=\"validate\" action=\"https:\/\/brusselsketjep.us15.list-manage.com\/subscribe\/post?u=d1af21f7c0c0a2ba6ce66eeac&amp;id=af7f7e9f0f&amp;v_id=2774&amp;f_id=00c191e0f0\" method=\"post\" name=\"mc-embedded-subscribe-form\" target=\"_blank\">\n<div id=\"mc_embed_signup_scroll\">\n<h2>Pour recevoir des Nouvelles Saucy ainsi qu&rsquo;un code pour avoir -10% sur votre premi\u00e8re commande, c&rsquo;est par ici :<\/h2>\n<div class=\"indicates-required\"><span class=\"asterisk\">*<\/span>obligatoire<\/div>\n<div class=\"mc-field-group\"><label for=\"mce-EMAIL\">Adresse E-mail <span class=\"asterisk\">*<\/span><\/label><input id=\"mce-EMAIL\" class=\"required email\" name=\"EMAIL\" required=\"\" type=\"email\" value=\"\" \/><\/div>\n<div id=\"mergeRow-gdpr\" class=\"mergeRow gdpr-mergeRow content__gdprBlock mc-field-group\">\n<div class=\"content__gdpr\">\n<p><label>Pr\u00e9f\u00e9rences de communication<\/label><\/p>\n<p>Veuillez s\u00e9lectionner toutes les fa\u00e7ons par lesquelles vous aimeriez recevoir des nouvelles de Brussels Ketjep :<\/p>\n<fieldset class=\"mc_fieldset gdprRequired mc-field-group\" name=\"interestgroup_field\"><label class=\"checkbox subfield\" for=\"gdpr7273\"><input id=\"gdpr_7273\" class=\"gdpr\" name=\"gdpr[7273]\" type=\"checkbox\" value=\"Y\" \/>J&rsquo;accepte de recevoir des emails de la part de Brussels Ketjep et je confirme avoir lu la Politique de Confidentialit\u00e9<\/label><\/fieldset>\n<p>Vous pouvez vous d\u00e9sabonner \u00e0 tout moment en cliquant sur le lien situ\u00e9 dans le pied de page de nos emails. Pour plus d&rsquo;informations sur nos pratiques en mati\u00e8re de confidentialit\u00e9, veuillez visiter notre site web.<\/p>\n<\/div>\n<div class=\"content__gdprLegal\">\n<p>Nous utilisons Mailchimp comme plateforme marketing. En cliquant sur \u00ab\u00a0Je m&rsquo;abonne\u00a0\u00bb, vous reconnaissez que vos informations seront transf\u00e9r\u00e9es \u00e0 Mailchimp \u00e0 des fins de traitement. <a href=\"https:\/\/mailchimp.com\/legal\/terms\">En savoir plus<\/a> sur les pratiques de confidentialit\u00e9 de Mailchimp\n<\/div>\n<\/div>\n<div id=\"mce-responses\" class=\"clear\">\n<div id=\"mce-error-response\" class=\"response\" style=\"display: none; color: #ff0000;\"><\/div>\n<div id=\"mce-success-response\" class=\"response\" style=\"display: none; color: #39a527;\"><\/div>\n<\/div>\n<div style=\"position: absolute; left: -5000px;\" aria-hidden=\"true\"><input tabindex=\"-1\" name=\"b_d1af21f7c0c0a2ba6ce66eeac_af7f7e9f0f\" type=\"text\" value=\"\" \/><\/div>\n<div class=\"clear\"><input id=\"mc-embedded-subscribe\" class=\"button\" name=\"subscribe\" type=\"submit\" value=\"Je m'abonne\" \/><\/div>\n<\/div>\n<\/form>\n<\/div>\n<p><script type=\"text\/javascript\" src=\"\/\/s3.amazonaws.com\/downloads.mailchimp.com\/js\/mc-validate.js\"><\/script><script type=\"text\/javascript\">(function($) {window.fnames = new Array(); window.ftypes = new Array();fnames[0]='EMAIL';ftypes[0]='email';fnames[2]='LNAME';ftypes[2]='text';}(jQuery));var $mcj = jQuery.noConflict(true);<\/script><\/p>\n<\/div>\n","protected":false},"excerpt":{"rendered":"<p>Pour recevoir des Nouvelles Saucy ainsi qu&rsquo;un code pour avoir -10% sur votre premi\u00e8re commande, c&rsquo;est par ici : *obligatoire Adresse E-mail * Pr\u00e9f\u00e9rences de communication Veuillez s\u00e9lectionner toutes les fa\u00e7ons par lesquelles vous aimeriez recevoir des nouvelles de Brussels Ketjep : J&rsquo;accepte de recevoir des emails de la part de Brussels Ketjep et je [&hellip;]<\/p>\n","protected":false},"author":2,"featured_media":0,"parent":0,"menu_order":0,"comment_status":"closed","ping_status":"closed","template":"","meta":{"_acf_changed":false,"footnotes":""},"class_list":["post-967","page","type-page","status-publish","hentry"],"acf":[],"yoast_head":"<!-- This site is optimized with the Yoast SEO plugin v27.4 - https:\/\/yoast.com\/product\/yoast-seo-wordpress\/ -->\n<title>Newsletter | Brussels Ketjep<\/title>\n<meta name=\"robots\" content=\"index, follow, max-snippet:-1, max-image-preview:large, max-video-preview:-1\" \/>\n<link rel=\"canonical\" href=\"https:\/\/brusselsketjep.com\/fr\/newsletter\/\" \/>\n<meta property=\"og:locale\" content=\"fr_FR\" \/>\n<meta property=\"og:type\" content=\"article\" \/>\n<meta property=\"og:title\" content=\"Newsletter | Brussels Ketjep\" \/>\n<meta property=\"og:description\" content=\"Pour recevoir des Nouvelles Saucy ainsi qu&rsquo;un code pour avoir -10% sur votre premi\u00e8re commande, c&rsquo;est par ici : *obligatoire Adresse E-mail * Pr\u00e9f\u00e9rences de communication Veuillez s\u00e9lectionner toutes les fa\u00e7ons par lesquelles vous aimeriez recevoir des nouvelles de Brussels Ketjep : J&rsquo;accepte de recevoir des emails de la part de Brussels Ketjep et je [&hellip;]\" \/>\n<meta property=\"og:url\" content=\"https:\/\/brusselsketjep.com\/fr\/newsletter\/\" \/>\n<meta property=\"og:site_name\" content=\"Brussels Ketjep\" \/>\n<meta property=\"article:modified_time\" content=\"2025-09-24T10:11:52+00:00\" \/>\n<meta name=\"twitter:card\" content=\"summary_large_image\" \/>\n<script type=\"application\/ld+json\" class=\"yoast-schema-graph\">{\"@context\":\"https:\\\/\\\/schema.org\",\"@graph\":[{\"@type\":\"WebPage\",\"@id\":\"https:\\\/\\\/brusselsketjep.com\\\/fr\\\/newsletter\\\/\",\"url\":\"https:\\\/\\\/brusselsketjep.com\\\/fr\\\/newsletter\\\/\",\"name\":\"Newsletter | Brussels Ketjep\",\"isPartOf\":{\"@id\":\"https:\\\/\\\/brusselsketjep.com\\\/#website\"},\"datePublished\":\"2023-10-10T15:01:06+00:00\",\"dateModified\":\"2025-09-24T10:11:52+00:00\",\"breadcrumb\":{\"@id\":\"https:\\\/\\\/brusselsketjep.com\\\/fr\\\/newsletter\\\/#breadcrumb\"},\"inLanguage\":\"fr-FR\",\"potentialAction\":[{\"@type\":\"ReadAction\",\"target\":[\"https:\\\/\\\/brusselsketjep.com\\\/fr\\\/newsletter\\\/\"]}]},{\"@type\":\"BreadcrumbList\",\"@id\":\"https:\\\/\\\/brusselsketjep.com\\\/fr\\\/newsletter\\\/#breadcrumb\",\"itemListElement\":[{\"@type\":\"ListItem\",\"position\":1,\"name\":\"Home\",\"item\":\"https:\\\/\\\/brusselsketjep.com\\\/fr\\\/\"},{\"@type\":\"ListItem\",\"position\":2,\"name\":\"Newsletter\"}]},{\"@type\":\"WebSite\",\"@id\":\"https:\\\/\\\/brusselsketjep.com\\\/#website\",\"url\":\"https:\\\/\\\/brusselsketjep.com\\\/\",\"name\":\"Brussels Ketjep\",\"description\":\"\",\"potentialAction\":[{\"@type\":\"SearchAction\",\"target\":{\"@type\":\"EntryPoint\",\"urlTemplate\":\"https:\\\/\\\/brusselsketjep.com\\\/?s={search_term_string}\"},\"query-input\":{\"@type\":\"PropertyValueSpecification\",\"valueRequired\":true,\"valueName\":\"search_term_string\"}}],\"inLanguage\":\"fr-FR\"}]}<\/script>\n<!-- \/ Yoast SEO plugin. -->","yoast_head_json":{"title":"Newsletter | Brussels Ketjep","robots":{"index":"index","follow":"follow","max-snippet":"max-snippet:-1","max-image-preview":"max-image-preview:large","max-video-preview":"max-video-preview:-1"},"canonical":"https:\/\/brusselsketjep.com\/fr\/newsletter\/","og_locale":"fr_FR","og_type":"article","og_title":"Newsletter | Brussels Ketjep","og_description":"Pour recevoir des Nouvelles Saucy ainsi qu&rsquo;un code pour avoir -10% sur votre premi\u00e8re commande, c&rsquo;est par ici : *obligatoire Adresse E-mail * Pr\u00e9f\u00e9rences de communication Veuillez s\u00e9lectionner toutes les fa\u00e7ons par lesquelles vous aimeriez recevoir des nouvelles de Brussels Ketjep : J&rsquo;accepte de recevoir des emails de la part de Brussels Ketjep et je [&hellip;]","og_url":"https:\/\/brusselsketjep.com\/fr\/newsletter\/","og_site_name":"Brussels Ketjep","article_modified_time":"2025-09-24T10:11:52+00:00","twitter_card":"summary_large_image","schema":{"@context":"https:\/\/schema.org","@graph":[{"@type":"WebPage","@id":"https:\/\/brusselsketjep.com\/fr\/newsletter\/","url":"https:\/\/brusselsketjep.com\/fr\/newsletter\/","name":"Newsletter | Brussels Ketjep","isPartOf":{"@id":"https:\/\/brusselsketjep.com\/#website"},"datePublished":"2023-10-10T15:01:06+00:00","dateModified":"2025-09-24T10:11:52+00:00","breadcrumb":{"@id":"https:\/\/brusselsketjep.com\/fr\/newsletter\/#breadcrumb"},"inLanguage":"fr-FR","potentialAction":[{"@type":"ReadAction","target":["https:\/\/brusselsketjep.com\/fr\/newsletter\/"]}]},{"@type":"BreadcrumbList","@id":"https:\/\/brusselsketjep.com\/fr\/newsletter\/#breadcrumb","itemListElement":[{"@type":"ListItem","position":1,"name":"Home","item":"https:\/\/brusselsketjep.com\/fr\/"},{"@type":"ListItem","position":2,"name":"Newsletter"}]},{"@type":"WebSite","@id":"https:\/\/brusselsketjep.com\/#website","url":"https:\/\/brusselsketjep.com\/","name":"Brussels Ketjep","description":"","potentialAction":[{"@type":"SearchAction","target":{"@type":"EntryPoint","urlTemplate":"https:\/\/brusselsketjep.com\/?s={search_term_string}"},"query-input":{"@type":"PropertyValueSpecification","valueRequired":true,"valueName":"search_term_string"}}],"inLanguage":"fr-FR"}]}},"_links":{"self":[{"href":"https:\/\/brusselsketjep.com\/fr\/wp-json\/wp\/v2\/pages\/967","targetHints":{"allow":["GET"]}}],"collection":[{"href":"https:\/\/brusselsketjep.com\/fr\/wp-json\/wp\/v2\/pages"}],"about":[{"href":"https:\/\/brusselsketjep.com\/fr\/wp-json\/wp\/v2\/types\/page"}],"author":[{"embeddable":true,"href":"https:\/\/brusselsketjep.com\/fr\/wp-json\/wp\/v2\/users\/2"}],"replies":[{"embeddable":true,"href":"https:\/\/brusselsketjep.com\/fr\/wp-json\/wp\/v2\/comments?post=967"}],"version-history":[{"count":15,"href":"https:\/\/brusselsketjep.com\/fr\/wp-json\/wp\/v2\/pages\/967\/revisions"}],"predecessor-version":[{"id":3899,"href":"https:\/\/brusselsketjep.com\/fr\/wp-json\/wp\/v2\/pages\/967\/revisions\/3899"}],"wp:attachment":[{"href":"https:\/\/brusselsketjep.com\/fr\/wp-json\/wp\/v2\/media?parent=967"}],"curies":[{"name":"wp","href":"https:\/\/api.w.org\/{rel}","templated":true}]}}