{"id":498,"date":"2023-08-23T15:53:37","date_gmt":"2023-08-23T13:53:37","guid":{"rendered":"https:\/\/bk2023.brusselsketjep.com\/?page_id=498"},"modified":"2023-08-23T15:53:37","modified_gmt":"2023-08-23T13:53:37","slug":"confidentialite","status":"publish","type":"page","link":"https:\/\/brusselsketjep.com\/fr\/confidentialite\/","title":{"rendered":"Confidentialit\u00e9"},"content":{"rendered":"<p class=\"font_8\">Brussels Ketjep sprl, soci\u00e9t\u00e9 inscrite \u00e0 la Banque Carrefour des entreprises sous le num\u00e9ro BE\u00a00541 318 990, et dont le si\u00e8ge social est sis Chauss\u00e9e de Wavre 1731, 1160 Auderghem (Belgique), se conforme \u00e0 la loi belge du 8 d\u00e9cembre 1992 sur le traitement et la collecte de donn\u00e9es \u00e0 caract\u00e8re priv\u00e9. Ceci s\u2019applique \u00e9galement pour le site de la marque\u00a0: <a>www.brusselsketjep.com<\/a>.<\/p>\n<p class=\"font_8\">Brussels Ketjep collecte des donn\u00e9es \u00e0 caract\u00e8re personnel concernant ses clients, lesquelles lui sont communiqu\u00e9es via le site.\u00a0Ces donn\u00e9es \u00e9tant confidentielles, Brussels Ketjep s\u2019engage \u00e0 ne pas les divulguer \u00e0 de tierces personnes, sauf dans le cas o\u00f9 cela s\u2019av\u00e8re n\u00e9cessaire \u00e0 l\u2019ex\u00e9cution normale des commandes de ses clients, ou \u00e0 la suite d\u2019une prescription l\u00e9gale. Ces donn\u00e9es personnelles ne seront autrement utilis\u00e9es que par les services internes de Brussels Ketjep pour le traitement des commandes ou \u00e0 des fins de communication renforc\u00e9e et personnalis\u00e9e, au moyen de lettres ou emails d\u2019information.<\/p>\n<p class=\"font_8\">Brussels Ketjep s\u2019engage donc \u00e0 ne pas vendre, commercialiser ou louer les donn\u00e9es concernant ses clients \u00e0 des tiers.\u00a0Brussels Ketjep peut toutefois fournir des statistiques consolid\u00e9es relatives \u00e0 ses clients, \u00e0 ses ventes, \u00e0 la structure des \u00e9changes et aux informations sur le Site \u00e0 des tiers de confiance, mais ces statistiques ne contiendront aucune donn\u00e9e personnelle.<\/p>\n<p class=\"font_8\">Conform\u00e9ment aux dispositions l\u00e9gales europ\u00e9ennes et nationales applicables, le client peut exercer son droit d\u2019acc\u00e8s au fichier et son droit de rectification ou de suppression des renseignements le concernant en envoyant un e-mail \u00e0 l\u2019adresse <a href=\"mailto:info@brusselsketjep.com\">info@brusselsketjep.com<\/a> ou par courrier en \u00e9crivant \u00e0 Brussels Ketjep \u00e0 l\u2019adresse suivante : 1731 Chauss\u00e9e de Wavre, 1160 Auderghem, Belgique.<\/p>\n<p class=\"font_8\">Le site recourt \u00e0 l\u2019usage de cookies. Le cookie est un fichier informatique, stock\u00e9 sur le disque dur du micro-ordinateur du client. Il a pour but de signaler une pr\u00e9c\u00e9dente visite de l\u2019utilisateur ou du client sur le site. Les cookies sont, entre autre, utilis\u00e9s par\u00a0Brussels Ketjep\u00a0dans le but de personnaliser le service propos\u00e9 au client. Le client conserve la possibilit\u00e9 de refuser les cookies en configurant son navigateur Internet. Il perd alors la possibilit\u00e9 de personnaliser le service qui lui est d\u00e9livr\u00e9 par\u00a0Brussels Ketjep.<\/p>\n<p class=\"font_8\">Lorsque vous vous inscrivez \u00e0 la newsletter de Brussels Ketjep, cela revient \u00e0 donner votre autorisation \u00a0pour sauvegarder vos donn\u00e9es \u00e0 caract\u00e8re personnel ainsi que votre adresse e-mail. Ces informations seront stock\u00e9es et utilis\u00e9es uniquement par Brussels Ketjep pour vous informer des nouveaux produits disponibles, d\u2019\u00e9v\u00e9nements exceptionnels organis\u00e9s par la marque, pour vous envoyer un compte rendus des derni\u00e8res actualit\u00e9s ou encore vous proposer des r\u00e9ductions. Exceptionnellement, Brussels Ketjep pourrait \u00eatre amen\u00e9 \u00e0 vous envoyer un e-mail vous invitant \u00e0 participer \u00e0 un sondage afin d\u2019am\u00e9liorer votre exp\u00e9rience client et les produits en g\u00e9n\u00e9ral.<\/p>\n<p class=\"font_8\"><strong>LE REGLEMENT GENERAL SUR LA PROTECTION DES DONNEES<\/strong><\/p>\n<p class=\"font_8\">Vos donn\u00e9es personnelles sont trait\u00e9es par Brussels Ketjep dans le cadre de la gestion de la client\u00e8le bas\u00e9e sur la relation contractuelle \u00e9manant de votre commande\/achat et \u00e0 des fins de marketing direct (afin de vous fournir de nouveaux produits\/services) et bas\u00e9e sur notre int\u00e9r\u00eat l\u00e9gitime d\u2019entreprendre. Si vous ne d\u00e9sirez pas que nous traitions vos donn\u00e9es personnelles dans le but du marketing direct, il suffit de nous le communiquer via l\u2019adresse <a href=\"mailto:info@brusselsketjep.com\">info@brusselsketjep.com<\/a><\/p>\n<p class=\"font_8\">Via cette adresse vous pouvez \u00e9galement demander quelles sont les donn\u00e9es trait\u00e9es \u00e0 votre sujet, les mettre \u00e0 jour, les effacer ou encore demander de les transmettre.<\/p>\n<p class=\"font_8\">Si vous n\u2019\u00eates pas d\u2019accord avec la mani\u00e8re dont nous traitons vos donn\u00e9es, vous pouvez vous addresser \u00e0 la commission pour la protection de la vie priv\u00e9e (Drukpersstraat 35, 1000 Bruxelles).<\/p>\n<p class=\"font_8\">Vous pouvez trouver plus de pr\u00e9cisions sur notre politique de traitement des donn\u00e9es ci-dessus.<\/p>\n","protected":false},"excerpt":{"rendered":"<p>Brussels Ketjep sprl, soci\u00e9t\u00e9 inscrite \u00e0 la Banque Carrefour des entreprises sous le num\u00e9ro BE\u00a00541 318 990, et dont le si\u00e8ge social est sis Chauss\u00e9e de Wavre 1731, 1160 Auderghem (Belgique), se conforme \u00e0 la loi belge du 8 d\u00e9cembre 1992 sur le traitement et la collecte de donn\u00e9es \u00e0 caract\u00e8re priv\u00e9. Ceci s\u2019applique \u00e9galement [&hellip;]<\/p>\n","protected":false},"author":4,"featured_media":0,"parent":0,"menu_order":0,"comment_status":"closed","ping_status":"closed","template":"","meta":{"_acf_changed":false,"footnotes":""},"class_list":["post-498","page","type-page","status-publish","hentry"],"acf":[],"yoast_head":"<!-- This site is optimized with the Yoast SEO plugin v27.4 - https:\/\/yoast.com\/product\/yoast-seo-wordpress\/ -->\n<title>Confidentialit\u00e9 | Brussels Ketjep<\/title>\n<meta name=\"robots\" content=\"index, follow, max-snippet:-1, max-image-preview:large, max-video-preview:-1\" \/>\n<link rel=\"canonical\" href=\"https:\/\/brusselsketjep.com\/privacy\/\" \/>\n<meta property=\"og:locale\" content=\"fr_FR\" \/>\n<meta property=\"og:type\" content=\"article\" \/>\n<meta property=\"og:title\" content=\"Confidentialit\u00e9 | Brussels Ketjep\" \/>\n<meta property=\"og:description\" content=\"Brussels Ketjep sprl, soci\u00e9t\u00e9 inscrite \u00e0 la Banque Carrefour des entreprises sous le num\u00e9ro BE\u00a00541 318 990, et dont le si\u00e8ge social est sis Chauss\u00e9e de Wavre 1731, 1160 Auderghem (Belgique), se conforme \u00e0 la loi belge du 8 d\u00e9cembre 1992 sur le traitement et la collecte de donn\u00e9es \u00e0 caract\u00e8re priv\u00e9. Ceci s\u2019applique \u00e9galement [&hellip;]\" \/>\n<meta property=\"og:url\" content=\"https:\/\/brusselsketjep.com\/privacy\/\" \/>\n<meta property=\"og:site_name\" content=\"Brussels Ketjep\" \/>\n<meta name=\"twitter:card\" content=\"summary_large_image\" \/>\n<script type=\"application\/ld+json\" class=\"yoast-schema-graph\">{\"@context\":\"https:\\\/\\\/schema.org\",\"@graph\":[{\"@type\":\"WebPage\",\"@id\":\"https:\\\/\\\/brusselsketjep.com\\\/privacy\\\/\",\"url\":\"https:\\\/\\\/brusselsketjep.com\\\/privacy\\\/\",\"name\":\"Confidentialit\u00e9 | Brussels Ketjep\",\"isPartOf\":{\"@id\":\"https:\\\/\\\/brusselsketjep.com\\\/#website\"},\"datePublished\":\"2023-08-23T13:53:37+00:00\",\"breadcrumb\":{\"@id\":\"https:\\\/\\\/brusselsketjep.com\\\/privacy\\\/#breadcrumb\"},\"inLanguage\":\"fr-FR\",\"potentialAction\":[{\"@type\":\"ReadAction\",\"target\":[\"https:\\\/\\\/brusselsketjep.com\\\/privacy\\\/\"]}]},{\"@type\":\"BreadcrumbList\",\"@id\":\"https:\\\/\\\/brusselsketjep.com\\\/privacy\\\/#breadcrumb\",\"itemListElement\":[{\"@type\":\"ListItem\",\"position\":1,\"name\":\"Home\",\"item\":\"https:\\\/\\\/brusselsketjep.com\\\/fr\\\/\"},{\"@type\":\"ListItem\",\"position\":2,\"name\":\"Confidentialit\u00e9\"}]},{\"@type\":\"WebSite\",\"@id\":\"https:\\\/\\\/brusselsketjep.com\\\/#website\",\"url\":\"https:\\\/\\\/brusselsketjep.com\\\/\",\"name\":\"Brussels Ketjep\",\"description\":\"\",\"potentialAction\":[{\"@type\":\"SearchAction\",\"target\":{\"@type\":\"EntryPoint\",\"urlTemplate\":\"https:\\\/\\\/brusselsketjep.com\\\/?s={search_term_string}\"},\"query-input\":{\"@type\":\"PropertyValueSpecification\",\"valueRequired\":true,\"valueName\":\"search_term_string\"}}],\"inLanguage\":\"fr-FR\"}]}<\/script>\n<!-- \/ Yoast SEO plugin. -->","yoast_head_json":{"title":"Confidentialit\u00e9 | Brussels Ketjep","robots":{"index":"index","follow":"follow","max-snippet":"max-snippet:-1","max-image-preview":"max-image-preview:large","max-video-preview":"max-video-preview:-1"},"canonical":"https:\/\/brusselsketjep.com\/privacy\/","og_locale":"fr_FR","og_type":"article","og_title":"Confidentialit\u00e9 | Brussels Ketjep","og_description":"Brussels Ketjep sprl, soci\u00e9t\u00e9 inscrite \u00e0 la Banque Carrefour des entreprises sous le num\u00e9ro BE\u00a00541 318 990, et dont le si\u00e8ge social est sis Chauss\u00e9e de Wavre 1731, 1160 Auderghem (Belgique), se conforme \u00e0 la loi belge du 8 d\u00e9cembre 1992 sur le traitement et la collecte de donn\u00e9es \u00e0 caract\u00e8re priv\u00e9. Ceci s\u2019applique \u00e9galement [&hellip;]","og_url":"https:\/\/brusselsketjep.com\/privacy\/","og_site_name":"Brussels Ketjep","twitter_card":"summary_large_image","schema":{"@context":"https:\/\/schema.org","@graph":[{"@type":"WebPage","@id":"https:\/\/brusselsketjep.com\/privacy\/","url":"https:\/\/brusselsketjep.com\/privacy\/","name":"Confidentialit\u00e9 | Brussels Ketjep","isPartOf":{"@id":"https:\/\/brusselsketjep.com\/#website"},"datePublished":"2023-08-23T13:53:37+00:00","breadcrumb":{"@id":"https:\/\/brusselsketjep.com\/privacy\/#breadcrumb"},"inLanguage":"fr-FR","potentialAction":[{"@type":"ReadAction","target":["https:\/\/brusselsketjep.com\/privacy\/"]}]},{"@type":"BreadcrumbList","@id":"https:\/\/brusselsketjep.com\/privacy\/#breadcrumb","itemListElement":[{"@type":"ListItem","position":1,"name":"Home","item":"https:\/\/brusselsketjep.com\/fr\/"},{"@type":"ListItem","position":2,"name":"Confidentialit\u00e9"}]},{"@type":"WebSite","@id":"https:\/\/brusselsketjep.com\/#website","url":"https:\/\/brusselsketjep.com\/","name":"Brussels Ketjep","description":"","potentialAction":[{"@type":"SearchAction","target":{"@type":"EntryPoint","urlTemplate":"https:\/\/brusselsketjep.com\/?s={search_term_string}"},"query-input":{"@type":"PropertyValueSpecification","valueRequired":true,"valueName":"search_term_string"}}],"inLanguage":"fr-FR"}]}},"_links":{"self":[{"href":"https:\/\/brusselsketjep.com\/fr\/wp-json\/wp\/v2\/pages\/498","targetHints":{"allow":["GET"]}}],"collection":[{"href":"https:\/\/brusselsketjep.com\/fr\/wp-json\/wp\/v2\/pages"}],"about":[{"href":"https:\/\/brusselsketjep.com\/fr\/wp-json\/wp\/v2\/types\/page"}],"author":[{"embeddable":true,"href":"https:\/\/brusselsketjep.com\/fr\/wp-json\/wp\/v2\/users\/4"}],"replies":[{"embeddable":true,"href":"https:\/\/brusselsketjep.com\/fr\/wp-json\/wp\/v2\/comments?post=498"}],"version-history":[{"count":1,"href":"https:\/\/brusselsketjep.com\/fr\/wp-json\/wp\/v2\/pages\/498\/revisions"}],"predecessor-version":[{"id":499,"href":"https:\/\/brusselsketjep.com\/fr\/wp-json\/wp\/v2\/pages\/498\/revisions\/499"}],"wp:attachment":[{"href":"https:\/\/brusselsketjep.com\/fr\/wp-json\/wp\/v2\/media?parent=498"}],"curies":[{"name":"wp","href":"https:\/\/api.w.org\/{rel}","templated":true}]}}