{"id":2448,"date":"2024-05-15T14:36:48","date_gmt":"2024-05-15T12:36:48","guid":{"rendered":"https:\/\/www.brusselsketjep.com\/?page_id=2448"},"modified":"2024-06-27T16:55:45","modified_gmt":"2024-06-27T14:55:45","slug":"reglement-de-concours","status":"publish","type":"page","link":"https:\/\/brusselsketjep.com\/fr\/reglement-de-concours\/","title":{"rendered":"Concours"},"content":{"rendered":"<h2><strong>Article 1: l&rsquo;Organisateur<\/strong><\/h2>\n<p>La soci\u00e9t\u00e9 <strong>Brussels Ketjep srl<\/strong> dont le si\u00e8ge est \u00e9tabli \u00e0 <strong>Chauss\u00e9e de Wavre 1731, 1160 Auderghem, Belgique<\/strong>, enregistr\u00e9e sous le num\u00e9ro d&rsquo;entreprise <strong>BE0541318990 <\/strong>organise plusieurs concours <strong>\u00ab\u00a0Brussels Ketjep X sauce Red Devils \u00bb, ci-dessous nomm\u00e9s \u00ab les concours \u00bb.<\/strong><\/p>\n<h2><strong>Article 2: Dur\u00e9e du concours<\/strong><\/h2>\n<p>Plusieurs concours seront organis\u00e9s\u00a0:<\/p>\n<ul>\n<li>Concours 1 : du 28\/5\/2024 au 04\/06\/2024. Fin du concours le 04\/06\/2024 \u00e0 16:00 CEST.<\/li>\n<li>Concours 2 : du 27\/6\/2024 au 03\/07\/2024. Fin du concours le 04\/07\/2024 \u00e0 24:00 CEST.<\/li>\n<li>Concours 3\u00a0: <em>TBD<\/em><\/li>\n<\/ul>\n<h2><strong>Article 3: Conditions<\/strong><\/h2>\n<p>Le concours est ouvert \u00e0 toute personne majeure (\u00e0 la date de l&rsquo;action) r\u00e9sidant en Belgique<strong>,<\/strong> \u00e0 l&rsquo;exclusion du personnel de l&rsquo;Organisateur, ainsi que de toute entit\u00e9 directement ou indirectement impliqu\u00e9e dans la conception, l&rsquo;organisation, la r\u00e9alisation et\/ou la gestion de l&rsquo;action.<\/p>\n<p>L&rsquo;Organisateur se r\u00e9serve le droit d&rsquo;exclure un participant du concours et \/ ou de ne pas attribuer le prix et \/ ou d&rsquo;annuler tout ou partie du concours, sans engager la responsabilit\u00e9 de l&rsquo;Organisateur, en cas de violation par un participant du pr\u00e9sent R\u00e8glement et\/ou si l\u2019Organisateur, \u00e0 sa seule discr\u00e9tion, pense que le participant a agi ou a l\u2019intention d\u2019agir de mani\u00e8re malhonn\u00eate ou frauduleuse, ou de mauvaise foi. En particulier, mais sans limitation, toute utilisation de robots ou tout syst\u00e8me, appareil ou man\u0153uvres frauduleux, malhonn\u00eates ou de mauvaise foi, ou toute conduite, permettant par exemple et sans limitation, de jouer automatiquement et\/ou d\u2019augmenter les chances de gagner, est interdit. L\u2019Organisateur peut d\u00e9poser une plainte et\/ou porter plainte contre les auteurs de telles conduites. En cas de sanction ou de plainte, les participants devront prouver qu\u2019ils ont adopt\u00e9 une conduite qui est conforme au pr\u00e9sent R\u00e8glement.<\/p>\n<p>Les participants peuvent \u00eatre invit\u00e9s \u00e0 n\u2019importe quel moment \u00e0 apporter la preuve de leur identit\u00e9, r\u00e9sidence, et \u00e2ge.<\/p>\n<h2><strong>Article 4: Prix<\/strong><\/h2>\n<p><strong>4.1: Description des prix<\/strong><\/p>\n<p>Les prix \u00e0 \u00a0gagner pendant toute la dur\u00e9e de la comp\u00e9tition : 3 prix, \u00e0 trois moments diff\u00e9rents :<\/p>\n<p>&#8211; Concours 1 : \u00a0deux Maillots Officiels des Diables Rouges (taille au choix) non personnalis\u00e9- un pour le gagnant et un pour l&rsquo;ami qu&rsquo;il a identifi\u00e9 + deux Gift Box Red Devils (comprenant chacune une sauce Red Devils 300 ml, une sauce Dallas 300 ml , une sauce Cowboy 300 ml et une sauce Mayo 300 ml) &#8211; une pour le gagnant et une pour l&rsquo;ami qu&rsquo;il a identifi\u00e9 + deux Belgium Cap &#8211; une pour le gagnant et une pour l&rsquo;ami qu&rsquo;il a identifi\u00e9<\/p>\n<p>&#8211; Concours 2 : D<em>eux lots, deux gagnants. Le premier gagnant remporte le premier lot compos\u00e9 d&rsquo;un Maillot Officiel des Diables Rouges (taille au choix) non personnalis\u00e9 + une\u00a0<\/em><em>Gift Box Red Devils (comprenant chacune une sauce Red Devils 300 ml, une sauce Dallas 300 ml , une sauce Cowboy 300 ml et une sauce Mayo 300 ml). Le deuxi\u00e8me gagnant remporte le deuxi\u00e8me lot compos\u00e9 d&rsquo;une\u00a0Gift Box Red Devils (comprenant chacune une sauce Red Devils 300 ml, une sauce Dallas 300 ml , une sauce Cowboy 300 ml et une sauce Mayo 300 ml).<\/em><\/p>\n<p>&#8211; Concours 3\u00a0: <em>TBD<\/em><\/p>\n<p><strong>4.2: D\u00e9tails des prix<\/strong><\/p>\n<p>La valeur des prix est d\u00e9termin\u00e9e \u00e0 la date de pr\u00e9paration du pr\u00e9sent r\u00e8glement et ne peut \u00eatre contest\u00e9e. Les prix ne sont pas transf\u00e9rables, ne peuvent pas \u00eatre remplac\u00e9s par un prix diff\u00e9rent et il n&rsquo;y a pas d&rsquo;alternative possible en esp\u00e8ces. L&rsquo;Organisateur a le droit de remplacer le prix annonc\u00e9 par un prix ayant une valeur et des caract\u00e9ristiques similaires, si un tel remplacement est n\u00e9cessaire. La taille et\/ou la couleur des prix ne sont pas \u00e9changeables apr\u00e8s l&rsquo;envoi de ceux-ci.<\/p>\n<p>Les gagnants sont enti\u00e8rement responsables de l&rsquo;utilisation de leur prix. L&rsquo;Organisateur ne pourra \u00eatre tenu responsable de tout d\u00e9faut ou probl\u00e8me avec les prix ou de tout incident ou accident pouvant survenir aux gagnants pendant ou du fait de l&rsquo;utilisation ou de la possession du prix.<\/p>\n<h2><strong>Article 5: D\u00e9termination des gagnants et remise des prix<\/strong><\/h2>\n<p><strong>5.1: Pour participer au concours, le participant doit prendre les mesures suivantes:<\/strong><\/p>\n<p>&#8211; Concours 1 :<\/p>\n<p>Pour qu&rsquo;une participation soit prise en compte, le participant doit se conformer aux r\u00e8gles \u00e9nonc\u00e9es dans l&rsquo;avis de concours, \u00e0 savoir :<\/p>\n<ul>\n<li>Aimer le post du concours du concours sur Instagram<\/li>\n<li>Le participant doit mentionner en commentaire le match de football qu&rsquo;il\/elle\/iel n&rsquo;oubliera jamais<\/li>\n<li>Dans le m\u00eame commentaire, indiquer un autre compte avec lequel le participant souhaite partager le gain du concours<\/li>\n<li>\u00catre abonn\u00e9 \u00e0 la page de @brusselsketjep sur Instagram<\/li>\n<li>En bonus : partager le concours en Story Instagram<\/li>\n<\/ul>\n<p>Deux gagnants seront s\u00e9lectionn\u00e9s sur base d&rsquo;un tirage au sort d&rsquo;un commentaire. Le premier gagnant est l&rsquo;auteur du commentaire et le deuxi\u00e8me gagnant est la personne identifi\u00e9e par le premier gagnant dans ce m\u00eame commentaire.<\/p>\n<p>Un participant peut s&rsquo;inscrire plusieurs fois au concours par le biais de commentaires distincts, en identifiant \u00e0 chaque fois un compte diff\u00e9rent. Les comptes identifi\u00e9s doivent appartenir \u00e0 des personnes diff\u00e9rentes, le participant ne peut donc pas identifier un autre compte dont il est \u00e9galement le gestionnaire.<\/p>\n<p>Si l&rsquo;une de ces conditions n&rsquo;est pas remplie, un autre gagnant sera tir\u00e9 au sort.<\/p>\n<p>&#8211; Concours 2 :<\/p>\n<p>Pour qu&rsquo;une participation soit prise en compte, le participant doit se conformer aux r\u00e8gles \u00e9nonc\u00e9es dans l&rsquo;avis de concours partag\u00e9 en crosspost avec @diallofreestyle, \u00e0 savoir :<\/p>\n<ul>\n<li>Aimer le post du concours du concours sur Instagram<\/li>\n<li>Identifiez 2 amis fans des Diables Rouges dans l\u2019espace commentaire.<\/li>\n<li>\u00catre abonn\u00e9 aux pages de @brusselsketjep et @diallofreestyle sur Instagram<\/li>\n<li>En bonus : partager le concours en Story Instagram<\/li>\n<\/ul>\n<p>Deux gagnants seront s\u00e9lectionn\u00e9s sur base d&rsquo;un tirage au sort de deux commentaires. Le premier commentaire tir\u00e9 au sort octroie le premier lot et le deuxi\u00e8me commentaire tir\u00e9 au sort octroie le deuxi\u00e8me lot.<\/p>\n<p>Un participant peut s&rsquo;inscrire plusieurs fois au concours par le biais de commentaires distincts, en identifiant \u00e0 chaque fois deux comptes diff\u00e9rents. Les comptes identifi\u00e9s doivent appartenir \u00e0 des personnes diff\u00e9rentes, le participant ne peut donc pas identifier un autre compte dont il est \u00e9galement le gestionnaire.<\/p>\n<p>Si l&rsquo;une de ces conditions n&rsquo;est pas remplie, un autre gagnant sera tir\u00e9 au sort.<\/p>\n<p><strong>5.2: S\u00e9lection des gagnants:<\/strong><\/p>\n<p>Chaque gagnant sera tir\u00e9 au sort le jour de fin du concours au moyen d&rsquo;un tirage au sort aveugle et anonyme.<\/p>\n<p>Pour des raisons de confidentialit\u00e9, aucune liste des gagnants ne sera annonc\u00e9e publiquement.<\/p>\n<p>Les gagnants recevront leur lot dans les plus brefs d\u00e9lais. Etant donn\u00e9 que les gagnants du concours peuvent choisir la taille du v\u00eatement inclus dans le lot, il faudra prendre en compte le d\u00e9lais n\u00e9cessaire \u00e0 Brussels Ketjep pour se procurer le lot.<\/p>\n<p>Les gagnants seront avertis par message Instagram. Les gagnants devront r\u00e9pondre au message dans un d\u00e9lai de 7 jours pour confirmer leur prix. Si les gagnants n&rsquo;ont pas r\u00e9pondu dans un d\u00e9lai de 7 jours, un nouveau tirage au sort aura lieu.<\/p>\n<h2><strong>Article 6: R\u00e8glement<\/strong><\/h2>\n<p>La participation au concours implique l&rsquo;acceptation pleine et enti\u00e8re du pr\u00e9sent r\u00e8glement.<\/p>\n<p>Ce r\u00e8glement peut \u00e9galement \u00eatre obtenu jusqu&rsquo;au 31\/12\/2024 sur simple demande \u00e9crite adress\u00e9e \u00e0 : Brussels Ketjep, Chauss\u00e9e de Wavre 1731, 1160 Auderghem. Les frais postaux pour cette demande ne seront pas rembours\u00e9s.<\/p>\n<p>Pour tous les \u00e9l\u00e9ments du concours qui ne sont pas explicitement mentionn\u00e9s dans ce r\u00e8glement, l&rsquo;Organisateur se r\u00e9serve le droit de prendre toutes les mesures n\u00e9cessaires pour une bonne organisation du concours. L&rsquo;Organisateur se r\u00e9serve le droit de modifier ces r\u00e8gles si n\u00e9cessaire.<\/p>\n<h2><strong>Article 7: Frais de participation<\/strong><\/h2>\n<p>La participation \u00e0 la promotion est gratuite, \u00e0 l&rsquo;exception des frais d&rsquo;acc\u00e8s \u00e0 Internet.<\/p>\n<h2><strong>Article 8: Limitation de responsabilit\u00e9<\/strong><\/h2>\n<p><strong>8.1<\/strong><\/p>\n<p>L&rsquo;Organisateur ne peut \u00eatre tenu responsable des probl\u00e8mes inh\u00e9rents \u00e0 la connexion Internet, \u00e0 la communication t\u00e9l\u00e9phonique ou \u00e0 tout autre probl\u00e8me qui ne pourrait \u00eatre imput\u00e9 \u00e0 l&rsquo;Organisateur et qui se produirait pendant la dur\u00e9e du concours.<\/p>\n<p>L&rsquo;Organisateur met tout en \u0153uvre pour fournir et maintenir aux participants une infrastructure, des informations et des outils fonctionnels et v\u00e9rifi\u00e9s. Toutefois, l&rsquo;Organisateur ne peut \u00eatre tenu responsable de la d\u00e9faillance des \u00e9quipements des participants (ordinateur, logiciels, outils de connexion \u00e0 Internet, t\u00e9l\u00e9phone, serveurs&#8230;), de la perte de donn\u00e9es qui en r\u00e9sulterait et qui ne serait pas imputable \u00e0 l&rsquo;Organisateur et de l&rsquo;impact de ces d\u00e9faillances sur leur participation au concours. Il appartient donc \u00e0 chaque participant de prendre toutes les mesures appropri\u00e9es pour prot\u00e9ger son \u00e9quipement et les donn\u00e9es stock\u00e9es sur son \u00e9quipement (ordinateur et t\u00e9l\u00e9phone) contre les violations. En particulier, la participation au concours implique la connaissance et l&rsquo;acceptation des caract\u00e9ristiques et des limites de l&rsquo;Internet, l&rsquo;absence de protection de certaines donn\u00e9es contre des d\u00e9tournements \u00e9ventuels ou le piratage par des tiers et le risque de contamination par des virus \u00e9ventuels circulant sur Internet.<\/p>\n<p>L&rsquo;Organisateur s&rsquo;engage \u00e0 utiliser toutes les ressources disponibles avec ses prestataires de services pour assurer le bon d\u00e9roulement du Concours. Toutefois, si une d\u00e9faillance technique devait survenir et affecter le bon d\u00e9roulement du concours en raison de circonstances ind\u00e9pendantes de la volont\u00e9 de l&rsquo;Organisateur, ce dernier ne pourrait \u00eatre tenu pour responsable par les participants.<\/p>\n<p><strong>8.2<\/strong><\/p>\n<p>Les gagnants sont enti\u00e8rement responsables de l&rsquo;utilisation de leur prix. L&rsquo;Organisateur ne peut \u00eatre tenu responsable de tout d\u00e9faut ou probl\u00e8me li\u00e9 aux prix ou de tout incident ou accident pouvant survenir aux gagnants pendant ou en raison de l&rsquo;utilisation ou de la possession du prix.<\/p>\n<p><strong>8.3<\/strong><\/p>\n<p>En participant aux concours, tous les participants indiquent qu&rsquo;ils acceptent les pr\u00e9sentes conditions g\u00e9n\u00e9rales du concours.<\/p>\n<p><strong>8.4<\/strong><\/p>\n<p>Si l&rsquo;une de ces clauses est d\u00e9clar\u00e9e ill\u00e9gale, invalide ou inapplicable, elle sera dissoci\u00e9e et retir\u00e9e des pr\u00e9sentes conditions d&rsquo;action. Les autres clauses seront conserv\u00e9es et resteront en vigueur.<\/p>\n<p><strong>8.5<\/strong><\/p>\n<p>Ces conditions de promotion pr\u00e9valent en cas de conflit ou d&rsquo;incoh\u00e9rence avec toute autre communication, y compris le mat\u00e9riel publicitaire ou promotionnel. Toutes les inscriptions et instructions sont r\u00e9put\u00e9es faire partie des conditions de la promotion et, en s&rsquo;inscrivant, tous les participants sont cens\u00e9s avoir accept\u00e9 et \u00eatre li\u00e9s par ces conditions de la promotion. Veuillez en garder une copie pour votre information.<\/p>\n<h2><strong>Article 9 : Prendre contact<\/strong><\/h2>\n<p>Les correspondances non conformes (incompl\u00e8tes, illisibles, incorrectes, non affranchies, retard\u00e9es ou non envoy\u00e9es) ne seront pas prises en compte.<\/p>\n<h2><strong>Article 10 : D\u00e9ch\u00e9ance<\/strong><\/h2>\n<p>Les participants doivent permettre toutes les v\u00e9rifications concernant leur identit\u00e9, leur \u00e2ge, leur adresse et leur num\u00e9ro de t\u00e9l\u00e9phone dans le cadre de la promotion. Toute participation non conforme, incompl\u00e8te ou avec des coordonn\u00e9es incorrectes sera consid\u00e9r\u00e9e comme nulle.<\/p>\n<p>L&rsquo;utilisation de robots ou de toute autre m\u00e9thode similaire pour jouer \u00e0 l&rsquo;Action de mani\u00e8re m\u00e9canique ou autre est interdite, la violation de cette r\u00e8gle entra\u00eenera l&rsquo;\u00e9limination d\u00e9finitive du participant et\/ou de l&rsquo;utilisateur. L&rsquo;Organisateur pourra annuler tout ou partie de la promotion s&rsquo;il appara\u00eet que des fraudes sont intervenues sous quelque forme que ce soit, par voie informatique ou par le fait de la participation sous l&rsquo;identit\u00e9 d&rsquo;un tiers et\/ou de la d\u00e9termination des gagnants. Dans ce cas, l&rsquo;Organisateur se r\u00e9serve le droit de ne pas attribuer de prix aux fraudeurs et\/ou de poursuivre les auteurs de ces fraudes devant les tribunaux comp\u00e9tents.<\/p>\n<h2><strong>Article 11: Force majeure<\/strong><\/h2>\n<p>L&rsquo;Organisateur n&rsquo;est pas responsable en cas de force majeure ou d&rsquo;\u00e9v\u00e9nements sur lesquels il n&rsquo;a aucun contr\u00f4le ou si, en raison des circonstances, il est oblig\u00e9 d&rsquo;annuler le pr\u00e9sent concours, de raccourcir, prolonger, reporter, suspendre ou modifier les conditions.<br \/>\nDans tous les cas, l&rsquo;Organisateur se r\u00e9serve le droit de prolonger la p\u00e9riode de participation.<\/p>\n<h2><strong>Article 12: Exemption de responsabilit\u00e9<\/strong><\/h2>\n<p>Les gagnants sont enti\u00e8rement responsables de l&rsquo;utilisation de leur prix. L&rsquo;Organisateur ne peut \u00eatre tenu responsable des d\u00e9fauts ou des probl\u00e8mes avec les prix ou de tout incident ou accident qui pourrait arriver aux gagnants pendant ou en raison de l&rsquo;utilisation ou la possession du prix.<\/p>\n<h2><strong>Article 13: Droits de propri\u00e9t\u00e9 intellectuelle et droits d&rsquo;auteur<\/strong><\/h2>\n<p>Conform\u00e9ment aux lois relatives aux droits de propri\u00e9t\u00e9 intellectuelle et aux droits d&rsquo;auteur, l&rsquo;utilisation de tout ou partie du mat\u00e9riel prot\u00e9g\u00e9 par le droit d&rsquo;auteur de ce concours est strictement interdite, sauf accord pr\u00e9alable et explicite de l&rsquo;Organisateur.<\/p>\n<h2><strong>Article 14: Loi applicable et litiges<\/strong><\/h2>\n<p>Le concours est soumis \u00e0 la loi belge. Tout litige relatif \u00e0 l&rsquo;interpr\u00e9tation des r\u00e8gles et \/ ou des cas non pr\u00e9vus au pr\u00e9sent r\u00e8glement fera l&rsquo;objet d&rsquo;un r\u00e8glement \u00e0 l&rsquo;amiable.<\/p>\n<h2><strong>Article 15: Protection des donn\u00e9es personnelles<\/strong><\/h2>\n<p>Nous utilisons les donn\u00e9es personnelles que nous recueillons \u00e0 votre sujet pour vous permettre de participer au Concours et vous contacter si vous avez gagn\u00e9 un prix. Les informations que nous collectons \u00e0 votre sujet ne seront collect\u00e9es que dans le but d&rsquo;identifier le(s) gagnant(s). Ces donn\u00e9es ne seront conserv\u00e9es que pendant la dur\u00e9e du Concours (terme du Concours tel que d\u00e9finie \u00e0 l&rsquo;article 2, ainsi que la p\u00e9riode pendant laquelle le (s) gagnant (s) seront d\u00e9sign\u00e9s et les prix sont attribu\u00e9s). Consultez notre page <a href=\"https:\/\/www.brusselsketjep.com\/fr\/confidentialite\/\">Confidentialit\u00e9<\/a> pour plus d&rsquo;informations sur la fa\u00e7on dont nous traitons les donn\u00e9es personnelles.<\/p>\n","protected":false},"excerpt":{"rendered":"<p>Article 1: l&rsquo;Organisateur La soci\u00e9t\u00e9 Brussels Ketjep srl dont le si\u00e8ge est \u00e9tabli \u00e0 Chauss\u00e9e de Wavre 1731, 1160 Auderghem, Belgique, enregistr\u00e9e sous le num\u00e9ro d&rsquo;entreprise BE0541318990 organise plusieurs concours \u00ab\u00a0Brussels Ketjep X sauce Red Devils \u00bb, ci-dessous nomm\u00e9s \u00ab les concours \u00bb. Article 2: Dur\u00e9e du concours Plusieurs concours seront organis\u00e9s\u00a0: Concours 1 : [&hellip;]<\/p>\n","protected":false},"author":4,"featured_media":0,"parent":0,"menu_order":0,"comment_status":"closed","ping_status":"closed","template":"","meta":{"_acf_changed":false,"footnotes":""},"class_list":["post-2448","page","type-page","status-publish","hentry"],"acf":[],"yoast_head":"<!-- This site is optimized with the Yoast SEO plugin v27.4 - https:\/\/yoast.com\/product\/yoast-seo-wordpress\/ -->\n<title>Concours | Brussels Ketjep<\/title>\n<meta name=\"description\" content=\"r\u00e8glement de concours Brussels Ketjep\" \/>\n<meta name=\"robots\" content=\"index, follow, max-snippet:-1, max-image-preview:large, max-video-preview:-1\" \/>\n<link rel=\"canonical\" href=\"https:\/\/brusselsketjep.com\/contest\/\" \/>\n<meta property=\"og:locale\" content=\"fr_FR\" \/>\n<meta property=\"og:type\" content=\"article\" \/>\n<meta property=\"og:title\" content=\"Concours | Brussels Ketjep\" \/>\n<meta property=\"og:description\" content=\"r\u00e8glement de concours Brussels Ketjep\" \/>\n<meta property=\"og:url\" content=\"https:\/\/brusselsketjep.com\/contest\/\" \/>\n<meta property=\"og:site_name\" content=\"Brussels Ketjep\" \/>\n<meta property=\"article:modified_time\" content=\"2024-06-27T14:55:45+00:00\" \/>\n<meta name=\"twitter:card\" content=\"summary_large_image\" \/>\n<script type=\"application\/ld+json\" class=\"yoast-schema-graph\">{\"@context\":\"https:\\\/\\\/schema.org\",\"@graph\":[{\"@type\":\"WebPage\",\"@id\":\"https:\\\/\\\/brusselsketjep.com\\\/contest\\\/\",\"url\":\"https:\\\/\\\/brusselsketjep.com\\\/contest\\\/\",\"name\":\"Concours | Brussels Ketjep\",\"isPartOf\":{\"@id\":\"https:\\\/\\\/brusselsketjep.com\\\/#website\"},\"datePublished\":\"2024-05-15T12:36:48+00:00\",\"dateModified\":\"2024-06-27T14:55:45+00:00\",\"description\":\"r\u00e8glement de concours Brussels Ketjep\",\"breadcrumb\":{\"@id\":\"https:\\\/\\\/brusselsketjep.com\\\/contest\\\/#breadcrumb\"},\"inLanguage\":\"fr-FR\",\"potentialAction\":[{\"@type\":\"ReadAction\",\"target\":[\"https:\\\/\\\/brusselsketjep.com\\\/contest\\\/\"]}]},{\"@type\":\"BreadcrumbList\",\"@id\":\"https:\\\/\\\/brusselsketjep.com\\\/contest\\\/#breadcrumb\",\"itemListElement\":[{\"@type\":\"ListItem\",\"position\":1,\"name\":\"Home\",\"item\":\"https:\\\/\\\/brusselsketjep.com\\\/fr\\\/\"},{\"@type\":\"ListItem\",\"position\":2,\"name\":\"Concours\"}]},{\"@type\":\"WebSite\",\"@id\":\"https:\\\/\\\/brusselsketjep.com\\\/#website\",\"url\":\"https:\\\/\\\/brusselsketjep.com\\\/\",\"name\":\"Brussels Ketjep\",\"description\":\"\",\"potentialAction\":[{\"@type\":\"SearchAction\",\"target\":{\"@type\":\"EntryPoint\",\"urlTemplate\":\"https:\\\/\\\/brusselsketjep.com\\\/?s={search_term_string}\"},\"query-input\":{\"@type\":\"PropertyValueSpecification\",\"valueRequired\":true,\"valueName\":\"search_term_string\"}}],\"inLanguage\":\"fr-FR\"}]}<\/script>\n<!-- \/ Yoast SEO plugin. -->","yoast_head_json":{"title":"Concours | Brussels Ketjep","description":"r\u00e8glement de concours Brussels Ketjep","robots":{"index":"index","follow":"follow","max-snippet":"max-snippet:-1","max-image-preview":"max-image-preview:large","max-video-preview":"max-video-preview:-1"},"canonical":"https:\/\/brusselsketjep.com\/contest\/","og_locale":"fr_FR","og_type":"article","og_title":"Concours | Brussels Ketjep","og_description":"r\u00e8glement de concours Brussels Ketjep","og_url":"https:\/\/brusselsketjep.com\/contest\/","og_site_name":"Brussels Ketjep","article_modified_time":"2024-06-27T14:55:45+00:00","twitter_card":"summary_large_image","schema":{"@context":"https:\/\/schema.org","@graph":[{"@type":"WebPage","@id":"https:\/\/brusselsketjep.com\/contest\/","url":"https:\/\/brusselsketjep.com\/contest\/","name":"Concours | Brussels Ketjep","isPartOf":{"@id":"https:\/\/brusselsketjep.com\/#website"},"datePublished":"2024-05-15T12:36:48+00:00","dateModified":"2024-06-27T14:55:45+00:00","description":"r\u00e8glement de concours Brussels Ketjep","breadcrumb":{"@id":"https:\/\/brusselsketjep.com\/contest\/#breadcrumb"},"inLanguage":"fr-FR","potentialAction":[{"@type":"ReadAction","target":["https:\/\/brusselsketjep.com\/contest\/"]}]},{"@type":"BreadcrumbList","@id":"https:\/\/brusselsketjep.com\/contest\/#breadcrumb","itemListElement":[{"@type":"ListItem","position":1,"name":"Home","item":"https:\/\/brusselsketjep.com\/fr\/"},{"@type":"ListItem","position":2,"name":"Concours"}]},{"@type":"WebSite","@id":"https:\/\/brusselsketjep.com\/#website","url":"https:\/\/brusselsketjep.com\/","name":"Brussels Ketjep","description":"","potentialAction":[{"@type":"SearchAction","target":{"@type":"EntryPoint","urlTemplate":"https:\/\/brusselsketjep.com\/?s={search_term_string}"},"query-input":{"@type":"PropertyValueSpecification","valueRequired":true,"valueName":"search_term_string"}}],"inLanguage":"fr-FR"}]}},"_links":{"self":[{"href":"https:\/\/brusselsketjep.com\/fr\/wp-json\/wp\/v2\/pages\/2448","targetHints":{"allow":["GET"]}}],"collection":[{"href":"https:\/\/brusselsketjep.com\/fr\/wp-json\/wp\/v2\/pages"}],"about":[{"href":"https:\/\/brusselsketjep.com\/fr\/wp-json\/wp\/v2\/types\/page"}],"author":[{"embeddable":true,"href":"https:\/\/brusselsketjep.com\/fr\/wp-json\/wp\/v2\/users\/4"}],"replies":[{"embeddable":true,"href":"https:\/\/brusselsketjep.com\/fr\/wp-json\/wp\/v2\/comments?post=2448"}],"version-history":[{"count":14,"href":"https:\/\/brusselsketjep.com\/fr\/wp-json\/wp\/v2\/pages\/2448\/revisions"}],"predecessor-version":[{"id":2643,"href":"https:\/\/brusselsketjep.com\/fr\/wp-json\/wp\/v2\/pages\/2448\/revisions\/2643"}],"wp:attachment":[{"href":"https:\/\/brusselsketjep.com\/fr\/wp-json\/wp\/v2\/media?parent=2448"}],"curies":[{"name":"wp","href":"https:\/\/api.w.org\/{rel}","templated":true}]}}